{"id":711,"date":"2022-07-14T18:57:04","date_gmt":"2022-07-14T23:57:04","guid":{"rendered":"https:\/\/www.toydarians.com\/?post_type=product&#038;p=711"},"modified":"2022-09-23T11:57:43","modified_gmt":"2022-09-23T16:57:43","slug":"luke-skywalker-endor","status":"publish","type":"product","link":"https:\/\/www.toydarians.com\/?product=luke-skywalker-endor","title":{"rendered":"Vintage Collection \u2013 Luke Skywalker Endor &#8211; Return Of The Jedi &#8211; VC 198"},"content":{"rendered":"<div class=\"row\">\n<div class=\"col-md-12\">\n<p>Rememora momentos intensos de la galaxia de Star Wars con esta figura de Luke Skywalker (Endor) a escala de 3,75 pulgadas del 50 aniversario de Lucasfilm Star Wars The Vintage Collection, que presenta una decoraci\u00f3n premium en m\u00faltiples puntos de articulaci\u00f3n.<\/p>\n<p>\u00a1Conmemore los primeros 50 a\u00f1os de Lucasfilm con figuras de la serie Black inspiradas en la trilog\u00eda original de Star Wars, que presenta un dise\u00f1o cl\u00e1sico de figura y paquete!<\/p>\n<\/div>\n<\/div>\n<div class=\"row\">\n<div class=\"col-md-12\">\n<div class=\"well well-sm\">\n<h2 class=\"ada-product-h2\">Caracter\u00edsticas del producto<\/h2>\n<ul>\n<li>Escala de 3,75 pulgadas (9,52 cm)<\/li>\n<li>Hecho de pl\u00e1stico<\/li>\n<li>Embalaje de inspiraci\u00f3n vintage con la marca original de Kenner y Disney.<\/li>\n<li>Presenta un dise\u00f1o premium<\/li>\n<li>M\u00faltiples puntos de articulaci\u00f3n<\/li>\n<li>Colecciona otras figuras de Star Wars Vintage Collection para ampliar tu colecci\u00f3n de Star Wars.<\/li>\n<li>Lucasfilm 50 Aniversario<\/li>\n<\/ul>\n<\/div>\n<\/div>\n<\/div>\n<div class=\"row\">\n<div class=\"col-md-12\">\n<div class=\"well well-sm\">\n<h2 class=\"ada-product-h2\">Contenido de la caja<\/h2>\n<ul>\n<li>Figura de Luke Skywalker<\/li>\n<li>blaster<\/li>\n<li>empu\u00f1adura de sable de luz<\/li>\n<li>sable de luz<\/li>\n<\/ul>\n<\/div>\n<\/div>\n<\/div>\n","protected":false},"excerpt":{"rendered":"<h3 class=\"product-name-ada\"><strong>The Vintage Collection<\/strong><\/h3>\n","protected":false},"featured_media":718,"comment_status":"open","ping_status":"closed","template":"","meta":[],"product_cat":[69,70,81,77],"product_tag":[105,106,170,169,113,90,171],"yoast_head":"<!-- This site is optimized with the Yoast SEO plugin v19.6.1 - https:\/\/yoast.com\/wordpress\/plugins\/seo\/ -->\n<title>Vintage Collection \u2013 Luke Skywalker Endor - Return Of The Jedi - VC 198 &#8902; Toydarians<\/title>\n<meta name=\"robots\" content=\"index, follow, max-snippet:-1, max-image-preview:large, max-video-preview:-1\" \/>\n<link rel=\"canonical\" href=\"https:\/\/www.toydarians.com\/?product=luke-skywalker-endor\" \/>\n<meta property=\"og:locale\" content=\"es_ES\" \/>\n<meta property=\"og:type\" content=\"article\" \/>\n<meta property=\"og:title\" content=\"Vintage Collection \u2013 Luke Skywalker Endor - Return Of The Jedi - VC 198 &#8902; Toydarians\" \/>\n<meta property=\"og:description\" content=\"The Vintage Collection\" \/>\n<meta property=\"og:url\" content=\"https:\/\/www.toydarians.com\/?product=luke-skywalker-endor\" \/>\n<meta property=\"og:site_name\" content=\"Toydarians\" \/>\n<meta property=\"article:modified_time\" content=\"2022-09-23T16:57:43+00:00\" \/>\n<meta property=\"og:image\" content=\"https:\/\/www.toydarians.com\/wp-content\/uploads\/2022\/07\/72fc09bb-8987-47f0-9ed4-1f2966c688e9.jpg\" \/>\n\t<meta property=\"og:image:width\" content=\"720\" \/>\n\t<meta property=\"og:image:height\" content=\"540\" \/>\n\t<meta property=\"og:image:type\" content=\"image\/jpeg\" \/>\n<meta name=\"twitter:card\" content=\"summary_large_image\" \/>\n<meta name=\"twitter:label1\" content=\"Tiempo de lectura\" \/>\n\t<meta name=\"twitter:data1\" content=\"1 minuto\" \/>\n<script type=\"application\/ld+json\" class=\"yoast-schema-graph\">{\"@context\":\"https:\/\/schema.org\",\"@graph\":[{\"@type\":\"WebPage\",\"@id\":\"https:\/\/www.toydarians.com\/?product=luke-skywalker-endor\",\"url\":\"https:\/\/www.toydarians.com\/?product=luke-skywalker-endor\",\"name\":\"Vintage Collection \u2013 Luke Skywalker Endor - Return Of The Jedi - VC 198 &#8902; Toydarians\",\"isPartOf\":{\"@id\":\"https:\/\/www.toydarians.com\/#website\"},\"datePublished\":\"2022-07-14T23:57:04+00:00\",\"dateModified\":\"2022-09-23T16:57:43+00:00\",\"breadcrumb\":{\"@id\":\"https:\/\/www.toydarians.com\/?product=luke-skywalker-endor#breadcrumb\"},\"inLanguage\":\"es\",\"potentialAction\":[{\"@type\":\"ReadAction\",\"target\":[\"https:\/\/www.toydarians.com\/?product=luke-skywalker-endor\"]}]},{\"@type\":\"BreadcrumbList\",\"@id\":\"https:\/\/www.toydarians.com\/?product=luke-skywalker-endor#breadcrumb\",\"itemListElement\":[{\"@type\":\"ListItem\",\"position\":1,\"name\":\"Portada\",\"item\":\"https:\/\/www.toydarians.com\/\"},{\"@type\":\"ListItem\",\"position\":2,\"name\":\"Shop\",\"item\":\"https:\/\/www.toydarians.com\/?page_id=64\"},{\"@type\":\"ListItem\",\"position\":3,\"name\":\"Vintage Collection \u2013 Luke Skywalker Endor &#8211; Return Of The Jedi &#8211; VC 198\"}]},{\"@type\":\"WebSite\",\"@id\":\"https:\/\/www.toydarians.com\/#website\",\"url\":\"https:\/\/www.toydarians.com\/\",\"name\":\"Toydarians\",\"description\":\"Juguetes y mas all\u00e1!\",\"publisher\":{\"@id\":\"https:\/\/www.toydarians.com\/#organization\"},\"potentialAction\":[{\"@type\":\"SearchAction\",\"target\":{\"@type\":\"EntryPoint\",\"urlTemplate\":\"https:\/\/www.toydarians.com\/?s={search_term_string}\"},\"query-input\":\"required name=search_term_string\"}],\"inLanguage\":\"es\"},{\"@type\":\"Organization\",\"@id\":\"https:\/\/www.toydarians.com\/#organization\",\"name\":\"TOYDARIANS\",\"url\":\"https:\/\/www.toydarians.com\/\",\"sameAs\":[],\"logo\":{\"@type\":\"ImageObject\",\"inLanguage\":\"es\",\"@id\":\"https:\/\/www.toydarians.com\/#\/schema\/logo\/image\/\",\"url\":\"https:\/\/www.toydarians.com\/wp-content\/uploads\/2022\/07\/Toydarians_Aurebesh_02-e1657918368536.png\",\"contentUrl\":\"https:\/\/www.toydarians.com\/wp-content\/uploads\/2022\/07\/Toydarians_Aurebesh_02-e1657918368536.png\",\"width\":1890,\"height\":571,\"caption\":\"TOYDARIANS\"},\"image\":{\"@id\":\"https:\/\/www.toydarians.com\/#\/schema\/logo\/image\/\"}}]}<\/script>\n<!-- \/ Yoast SEO plugin. -->","yoast_head_json":{"title":"Vintage Collection \u2013 Luke Skywalker Endor - Return Of The Jedi - VC 198 &#8902; Toydarians","robots":{"index":"index","follow":"follow","max-snippet":"max-snippet:-1","max-image-preview":"max-image-preview:large","max-video-preview":"max-video-preview:-1"},"canonical":"https:\/\/www.toydarians.com\/?product=luke-skywalker-endor","og_locale":"es_ES","og_type":"article","og_title":"Vintage Collection \u2013 Luke Skywalker Endor - Return Of The Jedi - VC 198 &#8902; Toydarians","og_description":"The Vintage Collection","og_url":"https:\/\/www.toydarians.com\/?product=luke-skywalker-endor","og_site_name":"Toydarians","article_modified_time":"2022-09-23T16:57:43+00:00","og_image":[{"width":720,"height":540,"url":"https:\/\/www.toydarians.com\/wp-content\/uploads\/2022\/07\/72fc09bb-8987-47f0-9ed4-1f2966c688e9.jpg","type":"image\/jpeg"}],"twitter_card":"summary_large_image","twitter_misc":{"Tiempo de lectura":"1 minuto"},"schema":{"@context":"https:\/\/schema.org","@graph":[{"@type":"WebPage","@id":"https:\/\/www.toydarians.com\/?product=luke-skywalker-endor","url":"https:\/\/www.toydarians.com\/?product=luke-skywalker-endor","name":"Vintage Collection \u2013 Luke Skywalker Endor - Return Of The Jedi - VC 198 &#8902; Toydarians","isPartOf":{"@id":"https:\/\/www.toydarians.com\/#website"},"datePublished":"2022-07-14T23:57:04+00:00","dateModified":"2022-09-23T16:57:43+00:00","breadcrumb":{"@id":"https:\/\/www.toydarians.com\/?product=luke-skywalker-endor#breadcrumb"},"inLanguage":"es","potentialAction":[{"@type":"ReadAction","target":["https:\/\/www.toydarians.com\/?product=luke-skywalker-endor"]}]},{"@type":"BreadcrumbList","@id":"https:\/\/www.toydarians.com\/?product=luke-skywalker-endor#breadcrumb","itemListElement":[{"@type":"ListItem","position":1,"name":"Portada","item":"https:\/\/www.toydarians.com\/"},{"@type":"ListItem","position":2,"name":"Shop","item":"https:\/\/www.toydarians.com\/?page_id=64"},{"@type":"ListItem","position":3,"name":"Vintage Collection \u2013 Luke Skywalker Endor &#8211; Return Of The Jedi &#8211; VC 198"}]},{"@type":"WebSite","@id":"https:\/\/www.toydarians.com\/#website","url":"https:\/\/www.toydarians.com\/","name":"Toydarians","description":"Juguetes y mas all\u00e1!","publisher":{"@id":"https:\/\/www.toydarians.com\/#organization"},"potentialAction":[{"@type":"SearchAction","target":{"@type":"EntryPoint","urlTemplate":"https:\/\/www.toydarians.com\/?s={search_term_string}"},"query-input":"required name=search_term_string"}],"inLanguage":"es"},{"@type":"Organization","@id":"https:\/\/www.toydarians.com\/#organization","name":"TOYDARIANS","url":"https:\/\/www.toydarians.com\/","sameAs":[],"logo":{"@type":"ImageObject","inLanguage":"es","@id":"https:\/\/www.toydarians.com\/#\/schema\/logo\/image\/","url":"https:\/\/www.toydarians.com\/wp-content\/uploads\/2022\/07\/Toydarians_Aurebesh_02-e1657918368536.png","contentUrl":"https:\/\/www.toydarians.com\/wp-content\/uploads\/2022\/07\/Toydarians_Aurebesh_02-e1657918368536.png","width":1890,"height":571,"caption":"TOYDARIANS"},"image":{"@id":"https:\/\/www.toydarians.com\/#\/schema\/logo\/image\/"}}]}},"_links":{"self":[{"href":"https:\/\/www.toydarians.com\/index.php?rest_route=\/wp\/v2\/product\/711"}],"collection":[{"href":"https:\/\/www.toydarians.com\/index.php?rest_route=\/wp\/v2\/product"}],"about":[{"href":"https:\/\/www.toydarians.com\/index.php?rest_route=\/wp\/v2\/types\/product"}],"replies":[{"embeddable":true,"href":"https:\/\/www.toydarians.com\/index.php?rest_route=%2Fwp%2Fv2%2Fcomments&post=711"}],"version-history":[{"count":0,"href":"https:\/\/www.toydarians.com\/index.php?rest_route=\/wp\/v2\/product\/711\/revisions"}],"wp:featuredmedia":[{"embeddable":true,"href":"https:\/\/www.toydarians.com\/index.php?rest_route=\/wp\/v2\/media\/718"}],"wp:attachment":[{"href":"https:\/\/www.toydarians.com\/index.php?rest_route=%2Fwp%2Fv2%2Fmedia&parent=711"}],"wp:term":[{"taxonomy":"product_cat","embeddable":true,"href":"https:\/\/www.toydarians.com\/index.php?rest_route=%2Fwp%2Fv2%2Fproduct_cat&post=711"},{"taxonomy":"product_tag","embeddable":true,"href":"https:\/\/www.toydarians.com\/index.php?rest_route=%2Fwp%2Fv2%2Fproduct_tag&post=711"}],"curies":[{"name":"wp","href":"https:\/\/api.w.org\/{rel}","templated":true}]}}