{"id":5522,"date":"2024-12-19T13:40:49","date_gmt":"2024-12-19T19:40:49","guid":{"rendered":"https:\/\/www.toydarians.com\/?post_type=product&#038;p=5522"},"modified":"2024-12-19T13:40:50","modified_gmt":"2024-12-19T19:40:50","slug":"star-wars-the-vintage-collection-ahsoka-tano-peridea-vc-338","status":"publish","type":"product","link":"https:\/\/www.toydarians.com\/?product=star-wars-the-vintage-collection-ahsoka-tano-peridea-vc-338","title":{"rendered":"Star Wars &#8211; The Vintage Collection &#8211; Ahsoka Tano (Peridea) &#8211; VC 338"},"content":{"rendered":"<h1><strong>DESCRIPCI\u00d3N DEL PRODUCTO<\/strong><\/h1>\n<p>&nbsp;<\/p>\n<h3><strong>Ahsoka Tano (Peridea)<\/strong><\/h3>\n<p>Preocupada por el posible regreso de Thrawn, Tano interrog\u00f3 a Morgan Elsbeth para obtener informaci\u00f3n sobre Thrawn, sus intenciones y c\u00f3mo encontrarlo. Elsbeth termin\u00f3 revelando la ubicaci\u00f3n de un mapa con la supuesta ubicaci\u00f3n de Thrawn en la galaxia de Peridea . Elsbeth tambi\u00e9n fue entregada a la custodia de la Nueva Rep\u00fablica despu\u00e9s de su captura.<\/p>\n<p>&nbsp;<\/p>\n<div class=\"row\">\n<div class=\"col-md-12\">\n<div class=\"well well-sm\">\n<h2 class=\"ada-product-h2\"><strong>Caracter\u00edsticas del producto<\/strong><\/h2>\n<ul>\n<li><span>Escala de 3,75 pulgadas (9,53 cm)<\/span><\/li>\n<li><span>Hecho de pl\u00e1stico<\/span><\/li>\n<li><span>Basado en la serie de televisi\u00f3n Star Wars: Ahsoka<\/span><\/li>\n<li><span>Calidad de coleccionista con detalles premium.<\/span><\/li>\n<li><span>La figura presenta m\u00faltiples puntos de articulaci\u00f3n.<\/span><\/li>\n<\/ul>\n<\/div>\n<\/div>\n<\/div>\n<div class=\"row\">\n<div class=\"col-md-12\">\n<div class=\"well well-sm\">\n<h3><\/h3>\n<h2 class=\"ada-product-h2\"><strong>Contenido de la caja<\/strong><\/h2>\n<ul>\n<li><span>Figura de Ahsoka Tano<\/span><\/li>\n<li><span>2 sables de luz<\/span><\/li>\n<\/ul>\n<p>&nbsp;<\/p>\n<p>&nbsp;<\/p>\n<p><img loading=\"lazy\" class=\"\" src=\"https:\/\/www.toydarians.com\/wp-content\/uploads\/2023\/02\/Hasbro-Logo-706x400.png\" width=\"275\" height=\"156\" \/>\u00a0 \u00a0 \u00a0 \u00a0 \u00a0 \u00a0 \u00a0 \u00a0 \u00a0 \u00a0 \u00a0 \u00a0 \u00a0 \u00a0 \u00a0 \u00a0 \u00a0 \u00a0 \u00a0 \u00a0 \u00a0 \u00a0 \u00a0 \u00a0 \u00a0 \u00a0 \u00a0 \u00a0 \u00a0 \u00a0 \u00a0 \u00a0 \u00a0 \u00a0 \u00a0 \u00a0 \u00a0 \u00a0 \u00a0 \u00a0 \u00a0 \u00a0 \u00a0 \u00a0 \u00a0 \u00a0 \u00a0 \u00a0 \u00a0 \u00a0 \u00a0 \u00a0 \u00a0 \u00a0 \u00a0 \u00a0 \u00a0 \u00a0 \u00a0 \u00a0 \u00a0 \u00a0 \u00a0 \u00a0 \u00a0 \u00a0<img loading=\"lazy\" class=\"\" src=\"https:\/\/www.toydarians.com\/wp-content\/uploads\/2023\/02\/The-Vintage-Collection-800x346.png\" width=\"275\" height=\"119\" \/><\/p>\n<\/div>\n<\/div>\n<\/div>\n","protected":false},"excerpt":{"rendered":"<h4><strong>STAR WARS &#8211; VINTAGE COLLECTION<\/strong><\/h4>\n","protected":false},"featured_media":5523,"comment_status":"open","ping_status":"closed","template":"","meta":[],"product_cat":[69,70,82],"product_tag":[707,106,687,759,670,685,317,739,953,659,724,954],"yoast_head":"<!-- This site is optimized with the Yoast SEO plugin v19.6.1 - https:\/\/yoast.com\/wordpress\/plugins\/seo\/ -->\n<title>Star Wars - The Vintage Collection - Ahsoka Tano (Peridea) - VC 338 &#8902; Toydarians<\/title>\n<meta name=\"description\" content=\"Star Wars, The Vintage Collection, Ahsoka Tano, Peridea, VC 338, Juguetes, Coleccionables, Colecci\u00f3n, Colecci\u00f3n Vintage, Hasbro, Escala 3.75, Figura de Acci\u00f3n,\" \/>\n<meta name=\"robots\" content=\"index, follow, max-snippet:-1, max-image-preview:large, max-video-preview:-1\" \/>\n<link rel=\"canonical\" href=\"https:\/\/www.toydarians.com\/?product=star-wars-the-vintage-collection-ahsoka-tano-peridea-vc-338\" \/>\n<meta property=\"og:locale\" content=\"es_ES\" \/>\n<meta property=\"og:type\" content=\"article\" \/>\n<meta property=\"og:title\" content=\"Star Wars - The Vintage Collection - Ahsoka Tano (Peridea) - VC 338 &#8902; Toydarians\" \/>\n<meta property=\"og:description\" content=\"Star Wars, The Vintage Collection, Ahsoka Tano, Peridea, VC 338, Juguetes, Coleccionables, Colecci\u00f3n, Colecci\u00f3n Vintage, Hasbro, Escala 3.75, Figura de Acci\u00f3n,\" \/>\n<meta property=\"og:url\" content=\"https:\/\/www.toydarians.com\/?product=star-wars-the-vintage-collection-ahsoka-tano-peridea-vc-338\" \/>\n<meta property=\"og:site_name\" content=\"Toydarians\" \/>\n<meta property=\"article:modified_time\" content=\"2024-12-19T19:40:50+00:00\" \/>\n<meta property=\"og:image\" content=\"https:\/\/www.toydarians.com\/wp-content\/uploads\/2024\/12\/Ahsoka-Tano-Peridea_01.png\" \/>\n\t<meta property=\"og:image:width\" content=\"720\" \/>\n\t<meta property=\"og:image:height\" content=\"540\" \/>\n\t<meta property=\"og:image:type\" content=\"image\/png\" \/>\n<meta name=\"twitter:card\" content=\"summary_large_image\" \/>\n<meta name=\"twitter:label1\" content=\"Tiempo de lectura\" \/>\n\t<meta name=\"twitter:data1\" content=\"1 minuto\" \/>\n<script type=\"application\/ld+json\" class=\"yoast-schema-graph\">{\"@context\":\"https:\/\/schema.org\",\"@graph\":[{\"@type\":\"WebPage\",\"@id\":\"https:\/\/www.toydarians.com\/?product=star-wars-the-vintage-collection-ahsoka-tano-peridea-vc-338\",\"url\":\"https:\/\/www.toydarians.com\/?product=star-wars-the-vintage-collection-ahsoka-tano-peridea-vc-338\",\"name\":\"Star Wars - The Vintage Collection - Ahsoka Tano (Peridea) - VC 338 &#8902; Toydarians\",\"isPartOf\":{\"@id\":\"https:\/\/www.toydarians.com\/#website\"},\"datePublished\":\"2024-12-19T19:40:49+00:00\",\"dateModified\":\"2024-12-19T19:40:50+00:00\",\"description\":\"Star Wars, The Vintage Collection, Ahsoka Tano, Peridea, VC 338, Juguetes, Coleccionables, Colecci\u00f3n, Colecci\u00f3n Vintage, Hasbro, Escala 3.75, Figura de Acci\u00f3n,\",\"breadcrumb\":{\"@id\":\"https:\/\/www.toydarians.com\/?product=star-wars-the-vintage-collection-ahsoka-tano-peridea-vc-338#breadcrumb\"},\"inLanguage\":\"es\",\"potentialAction\":[{\"@type\":\"ReadAction\",\"target\":[\"https:\/\/www.toydarians.com\/?product=star-wars-the-vintage-collection-ahsoka-tano-peridea-vc-338\"]}]},{\"@type\":\"BreadcrumbList\",\"@id\":\"https:\/\/www.toydarians.com\/?product=star-wars-the-vintage-collection-ahsoka-tano-peridea-vc-338#breadcrumb\",\"itemListElement\":[{\"@type\":\"ListItem\",\"position\":1,\"name\":\"Portada\",\"item\":\"https:\/\/www.toydarians.com\/\"},{\"@type\":\"ListItem\",\"position\":2,\"name\":\"Shop\",\"item\":\"https:\/\/www.toydarians.com\/?page_id=64\"},{\"@type\":\"ListItem\",\"position\":3,\"name\":\"Star Wars &#8211; The Vintage Collection &#8211; Ahsoka Tano (Peridea) &#8211; VC 338\"}]},{\"@type\":\"WebSite\",\"@id\":\"https:\/\/www.toydarians.com\/#website\",\"url\":\"https:\/\/www.toydarians.com\/\",\"name\":\"Toydarians\",\"description\":\"Juguetes y mas all\u00e1!\",\"publisher\":{\"@id\":\"https:\/\/www.toydarians.com\/#organization\"},\"potentialAction\":[{\"@type\":\"SearchAction\",\"target\":{\"@type\":\"EntryPoint\",\"urlTemplate\":\"https:\/\/www.toydarians.com\/?s={search_term_string}\"},\"query-input\":\"required name=search_term_string\"}],\"inLanguage\":\"es\"},{\"@type\":\"Organization\",\"@id\":\"https:\/\/www.toydarians.com\/#organization\",\"name\":\"TOYDARIANS\",\"url\":\"https:\/\/www.toydarians.com\/\",\"sameAs\":[],\"logo\":{\"@type\":\"ImageObject\",\"inLanguage\":\"es\",\"@id\":\"https:\/\/www.toydarians.com\/#\/schema\/logo\/image\/\",\"url\":\"https:\/\/www.toydarians.com\/wp-content\/uploads\/2022\/07\/Toydarians_Aurebesh_02-e1657918368536.png\",\"contentUrl\":\"https:\/\/www.toydarians.com\/wp-content\/uploads\/2022\/07\/Toydarians_Aurebesh_02-e1657918368536.png\",\"width\":1890,\"height\":571,\"caption\":\"TOYDARIANS\"},\"image\":{\"@id\":\"https:\/\/www.toydarians.com\/#\/schema\/logo\/image\/\"}}]}<\/script>\n<!-- \/ Yoast SEO plugin. -->","yoast_head_json":{"title":"Star Wars - The Vintage Collection - Ahsoka Tano (Peridea) - VC 338 &#8902; Toydarians","description":"Star Wars, The Vintage Collection, Ahsoka Tano, Peridea, VC 338, Juguetes, Coleccionables, Colecci\u00f3n, Colecci\u00f3n Vintage, Hasbro, Escala 3.75, Figura de Acci\u00f3n,","robots":{"index":"index","follow":"follow","max-snippet":"max-snippet:-1","max-image-preview":"max-image-preview:large","max-video-preview":"max-video-preview:-1"},"canonical":"https:\/\/www.toydarians.com\/?product=star-wars-the-vintage-collection-ahsoka-tano-peridea-vc-338","og_locale":"es_ES","og_type":"article","og_title":"Star Wars - The Vintage Collection - Ahsoka Tano (Peridea) - VC 338 &#8902; Toydarians","og_description":"Star Wars, The Vintage Collection, Ahsoka Tano, Peridea, VC 338, Juguetes, Coleccionables, Colecci\u00f3n, Colecci\u00f3n Vintage, Hasbro, Escala 3.75, Figura de Acci\u00f3n,","og_url":"https:\/\/www.toydarians.com\/?product=star-wars-the-vintage-collection-ahsoka-tano-peridea-vc-338","og_site_name":"Toydarians","article_modified_time":"2024-12-19T19:40:50+00:00","og_image":[{"width":720,"height":540,"url":"https:\/\/www.toydarians.com\/wp-content\/uploads\/2024\/12\/Ahsoka-Tano-Peridea_01.png","type":"image\/png"}],"twitter_card":"summary_large_image","twitter_misc":{"Tiempo de lectura":"1 minuto"},"schema":{"@context":"https:\/\/schema.org","@graph":[{"@type":"WebPage","@id":"https:\/\/www.toydarians.com\/?product=star-wars-the-vintage-collection-ahsoka-tano-peridea-vc-338","url":"https:\/\/www.toydarians.com\/?product=star-wars-the-vintage-collection-ahsoka-tano-peridea-vc-338","name":"Star Wars - The Vintage Collection - Ahsoka Tano (Peridea) - VC 338 &#8902; Toydarians","isPartOf":{"@id":"https:\/\/www.toydarians.com\/#website"},"datePublished":"2024-12-19T19:40:49+00:00","dateModified":"2024-12-19T19:40:50+00:00","description":"Star Wars, The Vintage Collection, Ahsoka Tano, Peridea, VC 338, Juguetes, Coleccionables, Colecci\u00f3n, Colecci\u00f3n Vintage, Hasbro, Escala 3.75, Figura de Acci\u00f3n,","breadcrumb":{"@id":"https:\/\/www.toydarians.com\/?product=star-wars-the-vintage-collection-ahsoka-tano-peridea-vc-338#breadcrumb"},"inLanguage":"es","potentialAction":[{"@type":"ReadAction","target":["https:\/\/www.toydarians.com\/?product=star-wars-the-vintage-collection-ahsoka-tano-peridea-vc-338"]}]},{"@type":"BreadcrumbList","@id":"https:\/\/www.toydarians.com\/?product=star-wars-the-vintage-collection-ahsoka-tano-peridea-vc-338#breadcrumb","itemListElement":[{"@type":"ListItem","position":1,"name":"Portada","item":"https:\/\/www.toydarians.com\/"},{"@type":"ListItem","position":2,"name":"Shop","item":"https:\/\/www.toydarians.com\/?page_id=64"},{"@type":"ListItem","position":3,"name":"Star Wars &#8211; The Vintage Collection &#8211; Ahsoka Tano (Peridea) &#8211; VC 338"}]},{"@type":"WebSite","@id":"https:\/\/www.toydarians.com\/#website","url":"https:\/\/www.toydarians.com\/","name":"Toydarians","description":"Juguetes y mas all\u00e1!","publisher":{"@id":"https:\/\/www.toydarians.com\/#organization"},"potentialAction":[{"@type":"SearchAction","target":{"@type":"EntryPoint","urlTemplate":"https:\/\/www.toydarians.com\/?s={search_term_string}"},"query-input":"required name=search_term_string"}],"inLanguage":"es"},{"@type":"Organization","@id":"https:\/\/www.toydarians.com\/#organization","name":"TOYDARIANS","url":"https:\/\/www.toydarians.com\/","sameAs":[],"logo":{"@type":"ImageObject","inLanguage":"es","@id":"https:\/\/www.toydarians.com\/#\/schema\/logo\/image\/","url":"https:\/\/www.toydarians.com\/wp-content\/uploads\/2022\/07\/Toydarians_Aurebesh_02-e1657918368536.png","contentUrl":"https:\/\/www.toydarians.com\/wp-content\/uploads\/2022\/07\/Toydarians_Aurebesh_02-e1657918368536.png","width":1890,"height":571,"caption":"TOYDARIANS"},"image":{"@id":"https:\/\/www.toydarians.com\/#\/schema\/logo\/image\/"}}]}},"_links":{"self":[{"href":"https:\/\/www.toydarians.com\/index.php?rest_route=\/wp\/v2\/product\/5522"}],"collection":[{"href":"https:\/\/www.toydarians.com\/index.php?rest_route=\/wp\/v2\/product"}],"about":[{"href":"https:\/\/www.toydarians.com\/index.php?rest_route=\/wp\/v2\/types\/product"}],"replies":[{"embeddable":true,"href":"https:\/\/www.toydarians.com\/index.php?rest_route=%2Fwp%2Fv2%2Fcomments&post=5522"}],"version-history":[{"count":1,"href":"https:\/\/www.toydarians.com\/index.php?rest_route=\/wp\/v2\/product\/5522\/revisions"}],"predecessor-version":[{"id":5530,"href":"https:\/\/www.toydarians.com\/index.php?rest_route=\/wp\/v2\/product\/5522\/revisions\/5530"}],"wp:featuredmedia":[{"embeddable":true,"href":"https:\/\/www.toydarians.com\/index.php?rest_route=\/wp\/v2\/media\/5523"}],"wp:attachment":[{"href":"https:\/\/www.toydarians.com\/index.php?rest_route=%2Fwp%2Fv2%2Fmedia&parent=5522"}],"wp:term":[{"taxonomy":"product_cat","embeddable":true,"href":"https:\/\/www.toydarians.com\/index.php?rest_route=%2Fwp%2Fv2%2Fproduct_cat&post=5522"},{"taxonomy":"product_tag","embeddable":true,"href":"https:\/\/www.toydarians.com\/index.php?rest_route=%2Fwp%2Fv2%2Fproduct_tag&post=5522"}],"curies":[{"name":"wp","href":"https:\/\/api.w.org\/{rel}","templated":true}]}}