{"id":5510,"date":"2024-12-19T13:21:22","date_gmt":"2024-12-19T19:21:22","guid":{"rendered":"https:\/\/www.toydarians.com\/?post_type=product&#038;p=5510"},"modified":"2024-12-19T13:21:22","modified_gmt":"2024-12-19T19:21:22","slug":"star-wars-the-vintage-collection-bo-katan-kryze-plazir-15-vc-339","status":"publish","type":"product","link":"https:\/\/www.toydarians.com\/?product=star-wars-the-vintage-collection-bo-katan-kryze-plazir-15-vc-339","title":{"rendered":"Star Wars &#8211; The Vintage Collection &#8211; Bo-Katan Kryze &#8211; (Plazir-15) &#8211; VC 339"},"content":{"rendered":"<h1><strong>DESCRIPCI\u00d3N DEL PRODUCTO<\/strong><\/h1>\n<p>&nbsp;<\/p>\n<h3><strong>Bo-Katan Kryze &#8211; (Plazir-15)<\/strong><\/h3>\n<p>Es una guerrera talentosa y una mandaloriana legendaria. Ha luchando por el futuro de Mandalore desde las Guerras Clon, luciendo una armadura que ha pertenecido a su familia durante generaciones.<\/p>\n<p>Es la \u00faltima de su linaje y una vez empu\u00f1\u00f3 el sable oscuro como l\u00edder de la resistencia mandaloriana en la era de la rebeli\u00f3n. En los albores de la Nueva Rep\u00fablica, lider\u00f3 un equipo de mandalorianos del Clan Kryze que contraatacaron al remanente imperial. Aunque su misi\u00f3n de recuperar Mandalore fracas\u00f3 con la p\u00e9rdida del sable oscuro, Bo-Katan encuentra un nuevo prop\u00f3sito y enfoque con la ayuda del mandaloriano Din Djarin, quien gan\u00f3 la espada en la batalla contra el moff Gideon.<\/p>\n<p>&nbsp;<\/p>\n<div class=\"row\">\n<div class=\"col-md-12\">\n<div class=\"well well-sm\">\n<h2 class=\"ada-product-h2\"><strong>Caracter\u00edsticas del producto<\/strong><\/h2>\n<ul>\n<li><span>Escala de 3,75 pulgadas (9,53 cm)<\/span><\/li>\n<li><span>Hecho de pl\u00e1stico<\/span><\/li>\n<li><span>Calidad de coleccionista con detalles premium.<\/span><\/li>\n<li><span>La figura presenta m\u00faltiples puntos de articulaci\u00f3n.<\/span><\/li>\n<li><span>Embalaje en bl\u00edster<\/span><\/li>\n<\/ul>\n<\/div>\n<\/div>\n<\/div>\n<div class=\"row\">\n<div class=\"col-md-12\">\n<div class=\"well well-sm\">\n<h3><\/h3>\n<h2 class=\"ada-product-h2\"><strong>Contenido de la caja<\/strong><\/h2>\n<ul>\n<li><span>Figura de Bo-Katan<\/span><\/li>\n<li><span>Casco<\/span><\/li>\n<li><span>2 pistolas bl\u00e1ster<\/span><\/li>\n<li><span>Sable oscuro<\/span><\/li>\n<\/ul>\n<p>&nbsp;<\/p>\n<p><img loading=\"lazy\" class=\"\" src=\"https:\/\/www.toydarians.com\/wp-content\/uploads\/2023\/02\/Hasbro-Logo-706x400.png\" width=\"275\" height=\"156\" \/>\u00a0 \u00a0 \u00a0 \u00a0 \u00a0 \u00a0 \u00a0 \u00a0 \u00a0 \u00a0 \u00a0 \u00a0 \u00a0 \u00a0 \u00a0 \u00a0 \u00a0 \u00a0 \u00a0 \u00a0 \u00a0 \u00a0 \u00a0 \u00a0 \u00a0 \u00a0 \u00a0 \u00a0 \u00a0 \u00a0 \u00a0 \u00a0 \u00a0 \u00a0 \u00a0 \u00a0 \u00a0 \u00a0 \u00a0 \u00a0 \u00a0 \u00a0 \u00a0 \u00a0 \u00a0 \u00a0 \u00a0 \u00a0 \u00a0 \u00a0 \u00a0 \u00a0 \u00a0 \u00a0 \u00a0 \u00a0 \u00a0 \u00a0 \u00a0 \u00a0 \u00a0 \u00a0 \u00a0 \u00a0 \u00a0 <img loading=\"lazy\" class=\"\" src=\"https:\/\/www.toydarians.com\/wp-content\/uploads\/2023\/02\/The-Vintage-Collection-800x346.png\" width=\"275\" height=\"119\" \/><\/p>\n<\/div>\n<\/div>\n<\/div>\n","protected":false},"excerpt":{"rendered":"<h3><strong>Star Wars &#8211; Vintage Collection<\/strong><\/h3>\n","protected":false},"featured_media":5511,"comment_status":"open","ping_status":"closed","template":"","meta":[],"product_cat":[69,70,82],"product_tag":[812,106,687,759,670,740,317,739,951,659,724,952],"yoast_head":"<!-- This site is optimized with the Yoast SEO plugin v19.6.1 - https:\/\/yoast.com\/wordpress\/plugins\/seo\/ -->\n<title>Star Wars - The Vintage Collection - Bo-Katan Kryze - (Plazir-15) - VC 339 &#8902; Toydarians<\/title>\n<meta name=\"description\" content=\"Star Wars, The Vintage Collection, Bo-Katan Kryze, Plazir-15, VC 339, Juguetes, Coleccionables, Colecci\u00f3n, Colecci\u00f3n Vintage, Hasbro, Escala 3.75, Figuras de acci\u00f3n,\" \/>\n<meta name=\"robots\" content=\"index, follow, max-snippet:-1, max-image-preview:large, max-video-preview:-1\" \/>\n<link rel=\"canonical\" href=\"https:\/\/www.toydarians.com\/?product=star-wars-the-vintage-collection-bo-katan-kryze-plazir-15-vc-339\" \/>\n<meta property=\"og:locale\" content=\"es_ES\" \/>\n<meta property=\"og:type\" content=\"article\" \/>\n<meta property=\"og:title\" content=\"Star Wars - The Vintage Collection - Bo-Katan Kryze - (Plazir-15) - VC 339 &#8902; Toydarians\" \/>\n<meta property=\"og:description\" content=\"Star Wars, The Vintage Collection, Bo-Katan Kryze, Plazir-15, VC 339, Juguetes, Coleccionables, Colecci\u00f3n, Colecci\u00f3n Vintage, Hasbro, Escala 3.75, Figuras de acci\u00f3n,\" \/>\n<meta property=\"og:url\" content=\"https:\/\/www.toydarians.com\/?product=star-wars-the-vintage-collection-bo-katan-kryze-plazir-15-vc-339\" \/>\n<meta property=\"og:site_name\" content=\"Toydarians\" \/>\n<meta property=\"og:image\" content=\"https:\/\/www.toydarians.com\/wp-content\/uploads\/2024\/12\/Bo-Katan-Kryze-Plazir-15_01.jpg\" \/>\n\t<meta property=\"og:image:width\" content=\"720\" \/>\n\t<meta property=\"og:image:height\" content=\"540\" \/>\n\t<meta property=\"og:image:type\" content=\"image\/jpeg\" \/>\n<meta name=\"twitter:card\" content=\"summary_large_image\" \/>\n<meta name=\"twitter:label1\" content=\"Tiempo de lectura\" \/>\n\t<meta name=\"twitter:data1\" content=\"2 minutos\" \/>\n<script type=\"application\/ld+json\" class=\"yoast-schema-graph\">{\"@context\":\"https:\/\/schema.org\",\"@graph\":[{\"@type\":\"WebPage\",\"@id\":\"https:\/\/www.toydarians.com\/?product=star-wars-the-vintage-collection-bo-katan-kryze-plazir-15-vc-339\",\"url\":\"https:\/\/www.toydarians.com\/?product=star-wars-the-vintage-collection-bo-katan-kryze-plazir-15-vc-339\",\"name\":\"Star Wars - The Vintage Collection - Bo-Katan Kryze - (Plazir-15) - VC 339 &#8902; Toydarians\",\"isPartOf\":{\"@id\":\"https:\/\/www.toydarians.com\/#website\"},\"datePublished\":\"2024-12-19T19:21:22+00:00\",\"dateModified\":\"2024-12-19T19:21:22+00:00\",\"description\":\"Star Wars, The Vintage Collection, Bo-Katan Kryze, Plazir-15, VC 339, Juguetes, Coleccionables, Colecci\u00f3n, Colecci\u00f3n Vintage, Hasbro, Escala 3.75, Figuras de acci\u00f3n,\",\"breadcrumb\":{\"@id\":\"https:\/\/www.toydarians.com\/?product=star-wars-the-vintage-collection-bo-katan-kryze-plazir-15-vc-339#breadcrumb\"},\"inLanguage\":\"es\",\"potentialAction\":[{\"@type\":\"ReadAction\",\"target\":[\"https:\/\/www.toydarians.com\/?product=star-wars-the-vintage-collection-bo-katan-kryze-plazir-15-vc-339\"]}]},{\"@type\":\"BreadcrumbList\",\"@id\":\"https:\/\/www.toydarians.com\/?product=star-wars-the-vintage-collection-bo-katan-kryze-plazir-15-vc-339#breadcrumb\",\"itemListElement\":[{\"@type\":\"ListItem\",\"position\":1,\"name\":\"Portada\",\"item\":\"https:\/\/www.toydarians.com\/\"},{\"@type\":\"ListItem\",\"position\":2,\"name\":\"Shop\",\"item\":\"https:\/\/www.toydarians.com\/?page_id=64\"},{\"@type\":\"ListItem\",\"position\":3,\"name\":\"Star Wars &#8211; The Vintage Collection &#8211; Bo-Katan Kryze &#8211; (Plazir-15) &#8211; VC 339\"}]},{\"@type\":\"WebSite\",\"@id\":\"https:\/\/www.toydarians.com\/#website\",\"url\":\"https:\/\/www.toydarians.com\/\",\"name\":\"Toydarians\",\"description\":\"Juguetes y mas all\u00e1!\",\"publisher\":{\"@id\":\"https:\/\/www.toydarians.com\/#organization\"},\"potentialAction\":[{\"@type\":\"SearchAction\",\"target\":{\"@type\":\"EntryPoint\",\"urlTemplate\":\"https:\/\/www.toydarians.com\/?s={search_term_string}\"},\"query-input\":\"required name=search_term_string\"}],\"inLanguage\":\"es\"},{\"@type\":\"Organization\",\"@id\":\"https:\/\/www.toydarians.com\/#organization\",\"name\":\"TOYDARIANS\",\"url\":\"https:\/\/www.toydarians.com\/\",\"sameAs\":[],\"logo\":{\"@type\":\"ImageObject\",\"inLanguage\":\"es\",\"@id\":\"https:\/\/www.toydarians.com\/#\/schema\/logo\/image\/\",\"url\":\"https:\/\/www.toydarians.com\/wp-content\/uploads\/2022\/07\/Toydarians_Aurebesh_02-e1657918368536.png\",\"contentUrl\":\"https:\/\/www.toydarians.com\/wp-content\/uploads\/2022\/07\/Toydarians_Aurebesh_02-e1657918368536.png\",\"width\":1890,\"height\":571,\"caption\":\"TOYDARIANS\"},\"image\":{\"@id\":\"https:\/\/www.toydarians.com\/#\/schema\/logo\/image\/\"}}]}<\/script>\n<!-- \/ Yoast SEO plugin. -->","yoast_head_json":{"title":"Star Wars - The Vintage Collection - Bo-Katan Kryze - (Plazir-15) - VC 339 &#8902; Toydarians","description":"Star Wars, The Vintage Collection, Bo-Katan Kryze, Plazir-15, VC 339, Juguetes, Coleccionables, Colecci\u00f3n, Colecci\u00f3n Vintage, Hasbro, Escala 3.75, Figuras de acci\u00f3n,","robots":{"index":"index","follow":"follow","max-snippet":"max-snippet:-1","max-image-preview":"max-image-preview:large","max-video-preview":"max-video-preview:-1"},"canonical":"https:\/\/www.toydarians.com\/?product=star-wars-the-vintage-collection-bo-katan-kryze-plazir-15-vc-339","og_locale":"es_ES","og_type":"article","og_title":"Star Wars - The Vintage Collection - Bo-Katan Kryze - (Plazir-15) - VC 339 &#8902; Toydarians","og_description":"Star Wars, The Vintage Collection, Bo-Katan Kryze, Plazir-15, VC 339, Juguetes, Coleccionables, Colecci\u00f3n, Colecci\u00f3n Vintage, Hasbro, Escala 3.75, Figuras de acci\u00f3n,","og_url":"https:\/\/www.toydarians.com\/?product=star-wars-the-vintage-collection-bo-katan-kryze-plazir-15-vc-339","og_site_name":"Toydarians","og_image":[{"width":720,"height":540,"url":"https:\/\/www.toydarians.com\/wp-content\/uploads\/2024\/12\/Bo-Katan-Kryze-Plazir-15_01.jpg","type":"image\/jpeg"}],"twitter_card":"summary_large_image","twitter_misc":{"Tiempo de lectura":"2 minutos"},"schema":{"@context":"https:\/\/schema.org","@graph":[{"@type":"WebPage","@id":"https:\/\/www.toydarians.com\/?product=star-wars-the-vintage-collection-bo-katan-kryze-plazir-15-vc-339","url":"https:\/\/www.toydarians.com\/?product=star-wars-the-vintage-collection-bo-katan-kryze-plazir-15-vc-339","name":"Star Wars - The Vintage Collection - Bo-Katan Kryze - (Plazir-15) - VC 339 &#8902; Toydarians","isPartOf":{"@id":"https:\/\/www.toydarians.com\/#website"},"datePublished":"2024-12-19T19:21:22+00:00","dateModified":"2024-12-19T19:21:22+00:00","description":"Star Wars, The Vintage Collection, Bo-Katan Kryze, Plazir-15, VC 339, Juguetes, Coleccionables, Colecci\u00f3n, Colecci\u00f3n Vintage, Hasbro, Escala 3.75, Figuras de acci\u00f3n,","breadcrumb":{"@id":"https:\/\/www.toydarians.com\/?product=star-wars-the-vintage-collection-bo-katan-kryze-plazir-15-vc-339#breadcrumb"},"inLanguage":"es","potentialAction":[{"@type":"ReadAction","target":["https:\/\/www.toydarians.com\/?product=star-wars-the-vintage-collection-bo-katan-kryze-plazir-15-vc-339"]}]},{"@type":"BreadcrumbList","@id":"https:\/\/www.toydarians.com\/?product=star-wars-the-vintage-collection-bo-katan-kryze-plazir-15-vc-339#breadcrumb","itemListElement":[{"@type":"ListItem","position":1,"name":"Portada","item":"https:\/\/www.toydarians.com\/"},{"@type":"ListItem","position":2,"name":"Shop","item":"https:\/\/www.toydarians.com\/?page_id=64"},{"@type":"ListItem","position":3,"name":"Star Wars &#8211; The Vintage Collection &#8211; Bo-Katan Kryze &#8211; (Plazir-15) &#8211; VC 339"}]},{"@type":"WebSite","@id":"https:\/\/www.toydarians.com\/#website","url":"https:\/\/www.toydarians.com\/","name":"Toydarians","description":"Juguetes y mas all\u00e1!","publisher":{"@id":"https:\/\/www.toydarians.com\/#organization"},"potentialAction":[{"@type":"SearchAction","target":{"@type":"EntryPoint","urlTemplate":"https:\/\/www.toydarians.com\/?s={search_term_string}"},"query-input":"required name=search_term_string"}],"inLanguage":"es"},{"@type":"Organization","@id":"https:\/\/www.toydarians.com\/#organization","name":"TOYDARIANS","url":"https:\/\/www.toydarians.com\/","sameAs":[],"logo":{"@type":"ImageObject","inLanguage":"es","@id":"https:\/\/www.toydarians.com\/#\/schema\/logo\/image\/","url":"https:\/\/www.toydarians.com\/wp-content\/uploads\/2022\/07\/Toydarians_Aurebesh_02-e1657918368536.png","contentUrl":"https:\/\/www.toydarians.com\/wp-content\/uploads\/2022\/07\/Toydarians_Aurebesh_02-e1657918368536.png","width":1890,"height":571,"caption":"TOYDARIANS"},"image":{"@id":"https:\/\/www.toydarians.com\/#\/schema\/logo\/image\/"}}]}},"_links":{"self":[{"href":"https:\/\/www.toydarians.com\/index.php?rest_route=\/wp\/v2\/product\/5510"}],"collection":[{"href":"https:\/\/www.toydarians.com\/index.php?rest_route=\/wp\/v2\/product"}],"about":[{"href":"https:\/\/www.toydarians.com\/index.php?rest_route=\/wp\/v2\/types\/product"}],"replies":[{"embeddable":true,"href":"https:\/\/www.toydarians.com\/index.php?rest_route=%2Fwp%2Fv2%2Fcomments&post=5510"}],"version-history":[{"count":2,"href":"https:\/\/www.toydarians.com\/index.php?rest_route=\/wp\/v2\/product\/5510\/revisions"}],"predecessor-version":[{"id":5521,"href":"https:\/\/www.toydarians.com\/index.php?rest_route=\/wp\/v2\/product\/5510\/revisions\/5521"}],"wp:featuredmedia":[{"embeddable":true,"href":"https:\/\/www.toydarians.com\/index.php?rest_route=\/wp\/v2\/media\/5511"}],"wp:attachment":[{"href":"https:\/\/www.toydarians.com\/index.php?rest_route=%2Fwp%2Fv2%2Fmedia&parent=5510"}],"wp:term":[{"taxonomy":"product_cat","embeddable":true,"href":"https:\/\/www.toydarians.com\/index.php?rest_route=%2Fwp%2Fv2%2Fproduct_cat&post=5510"},{"taxonomy":"product_tag","embeddable":true,"href":"https:\/\/www.toydarians.com\/index.php?rest_route=%2Fwp%2Fv2%2Fproduct_tag&post=5510"}],"curies":[{"name":"wp","href":"https:\/\/api.w.org\/{rel}","templated":true}]}}