{"id":5463,"date":"2024-10-29T17:14:06","date_gmt":"2024-10-29T23:14:06","guid":{"rendered":"https:\/\/www.toydarians.com\/?post_type=product&#038;p=5463"},"modified":"2024-10-29T17:14:06","modified_gmt":"2024-10-29T23:14:06","slug":"star-wars-the-vintage-collection-the-mandalorian-arvala-7-blurrg-action-figure-set","status":"publish","type":"product","link":"https:\/\/www.toydarians.com\/?product=star-wars-the-vintage-collection-the-mandalorian-arvala-7-blurrg-action-figure-set","title":{"rendered":"Star Wars &#8211; The Vintage Collection &#8211; The Mandalorian (Arvala-7) &#038; Blurrg &#8211; Action Figure Set"},"content":{"rendered":"<h1><strong>DESCRIPCI\u00d3N DEL PRODUCTO<\/strong><\/h1>\n<h3><strong>The Mandalorian (Arvala-7) &amp; Blurrg<\/strong><\/h3>\n<p>Kuiil decidi\u00f3 ense\u00f1arle a Djarin a montar un blurrg para que pudieran llegar al campamento mercenario nikto donde se encontraba retenido su objetivo.<\/p>\n<p>&nbsp;<\/p>\n<h2 class=\"ada-product-h2\"><strong>Caracter\u00edsticas del producto<\/strong><\/h2>\n<p>&nbsp;<\/p>\n<ul>\n<li><span>Escala de 3,75 pulgadas (9,53 cm)<\/span><\/li>\n<li><span>Hecho de pl\u00e1stico<\/span><\/li>\n<li><span>Basado en la serie de televisi\u00f3n Mandalorian<\/span><\/li>\n<li><span>Calidad de coleccionista con detalles premium.<\/span><\/li>\n<li><span>La figura presenta m\u00faltiples puntos de articulaci\u00f3n.<\/span><\/li>\n<\/ul>\n<p>&nbsp;<\/p>\n<h3 class=\"ada-product-h2\"><strong>Contenido de la caja<\/strong><\/h3>\n<p>&nbsp;<\/p>\n<ul>\n<li><span>La figura The Mandalorian<\/span>\n<ul>\n<li><span>Rifle de pulso<\/span><\/li>\n<li><span>Blaster<\/span><\/li>\n<\/ul>\n<\/li>\n<li><span>Figura Blurrg<\/span>\n<ul>\n<li><span>Sill\u00edn<\/span><\/li>\n<li><span>Ri\u00f1ones<\/span><\/li>\n<\/ul>\n<\/li>\n<\/ul>\n<p>&nbsp;<\/p>\n<p><img loading=\"lazy\" class=\"\" src=\"https:\/\/www.toydarians.com\/wp-content\/uploads\/2023\/02\/Hasbro-Logo-706x400.png\" width=\"275\" height=\"156\" \/>\u00a0 \u00a0 \u00a0 \u00a0 \u00a0 \u00a0 \u00a0 \u00a0 \u00a0 \u00a0 \u00a0 \u00a0 \u00a0 \u00a0 \u00a0 \u00a0 \u00a0 \u00a0 \u00a0 \u00a0 \u00a0 \u00a0 \u00a0 \u00a0 \u00a0 \u00a0 \u00a0 \u00a0 \u00a0 \u00a0 \u00a0 \u00a0 \u00a0 \u00a0 \u00a0 \u00a0 \u00a0 \u00a0 \u00a0 \u00a0 \u00a0 \u00a0 \u00a0 \u00a0 \u00a0 \u00a0 \u00a0 \u00a0 \u00a0 \u00a0 \u00a0 \u00a0 \u00a0 \u00a0 \u00a0 \u00a0 \u00a0 \u00a0 \u00a0 \u00a0 \u00a0 \u00a0 \u00a0 \u00a0 \u00a0 \u00a0 \u00a0 \u00a0 \u00a0<img loading=\"lazy\" class=\"\" src=\"https:\/\/www.toydarians.com\/wp-content\/uploads\/2023\/02\/The-Vintage-Collection-800x346.png\" width=\"275\" height=\"119\" \/><\/p>\n","protected":false},"excerpt":{"rendered":"<h3><strong>Star Wars &#8211; Vintage Collection<\/strong><\/h3>\n","protected":false},"featured_media":5464,"comment_status":"open","ping_status":"closed","template":"","meta":[],"product_cat":[69,70,82],"product_tag":[945,946,106,687,670,685,317,667,739,659,88,669],"yoast_head":"<!-- This site is optimized with the Yoast SEO plugin v19.6.1 - https:\/\/yoast.com\/wordpress\/plugins\/seo\/ -->\n<title>Star Wars - The Vintage Collection - The Mandalorian (Arvala-7) &amp; Blurrg - Action Figure Set &#8902; Toydarians<\/title>\n<meta name=\"description\" content=\"Star Wars, Vintage Collection, Hasbro, Juguetes, Colecci\u00f3n, Colecci\u00f3n Vintage, Escala 3.75, The Mandalorian, Arvala 7, Blurrg, Juguete, Figura de Acci\u00f3n,\" \/>\n<meta name=\"robots\" content=\"index, follow, max-snippet:-1, max-image-preview:large, max-video-preview:-1\" \/>\n<link rel=\"canonical\" href=\"https:\/\/www.toydarians.com\/?product=star-wars-the-vintage-collection-the-mandalorian-arvala-7-blurrg-action-figure-set\" \/>\n<meta property=\"og:locale\" content=\"es_ES\" \/>\n<meta property=\"og:type\" content=\"article\" \/>\n<meta property=\"og:title\" content=\"Star Wars - The Vintage Collection - The Mandalorian (Arvala-7) &amp; Blurrg - Action Figure Set &#8902; Toydarians\" \/>\n<meta property=\"og:description\" content=\"Star Wars, Vintage Collection, Hasbro, Juguetes, Colecci\u00f3n, Colecci\u00f3n Vintage, Escala 3.75, The Mandalorian, Arvala 7, Blurrg, Juguete, Figura de Acci\u00f3n,\" \/>\n<meta property=\"og:url\" content=\"https:\/\/www.toydarians.com\/?product=star-wars-the-vintage-collection-the-mandalorian-arvala-7-blurrg-action-figure-set\" \/>\n<meta property=\"og:site_name\" content=\"Toydarians\" \/>\n<meta property=\"og:image\" content=\"https:\/\/www.toydarians.com\/wp-content\/uploads\/2024\/10\/The-Mandalorian-Arvala-7-Blurrg_01.png\" \/>\n\t<meta property=\"og:image:width\" content=\"720\" \/>\n\t<meta property=\"og:image:height\" content=\"540\" \/>\n\t<meta property=\"og:image:type\" content=\"image\/png\" \/>\n<meta name=\"twitter:card\" content=\"summary_large_image\" \/>\n<meta name=\"twitter:label1\" content=\"Tiempo de lectura\" \/>\n\t<meta name=\"twitter:data1\" content=\"1 minuto\" \/>\n<script type=\"application\/ld+json\" class=\"yoast-schema-graph\">{\"@context\":\"https:\/\/schema.org\",\"@graph\":[{\"@type\":\"WebPage\",\"@id\":\"https:\/\/www.toydarians.com\/?product=star-wars-the-vintage-collection-the-mandalorian-arvala-7-blurrg-action-figure-set\",\"url\":\"https:\/\/www.toydarians.com\/?product=star-wars-the-vintage-collection-the-mandalorian-arvala-7-blurrg-action-figure-set\",\"name\":\"Star Wars - The Vintage Collection - The Mandalorian (Arvala-7) & Blurrg - Action Figure Set &#8902; Toydarians\",\"isPartOf\":{\"@id\":\"https:\/\/www.toydarians.com\/#website\"},\"datePublished\":\"2024-10-29T23:14:06+00:00\",\"dateModified\":\"2024-10-29T23:14:06+00:00\",\"description\":\"Star Wars, Vintage Collection, Hasbro, Juguetes, Colecci\u00f3n, Colecci\u00f3n Vintage, Escala 3.75, The Mandalorian, Arvala 7, Blurrg, Juguete, Figura de Acci\u00f3n,\",\"breadcrumb\":{\"@id\":\"https:\/\/www.toydarians.com\/?product=star-wars-the-vintage-collection-the-mandalorian-arvala-7-blurrg-action-figure-set#breadcrumb\"},\"inLanguage\":\"es\",\"potentialAction\":[{\"@type\":\"ReadAction\",\"target\":[\"https:\/\/www.toydarians.com\/?product=star-wars-the-vintage-collection-the-mandalorian-arvala-7-blurrg-action-figure-set\"]}]},{\"@type\":\"BreadcrumbList\",\"@id\":\"https:\/\/www.toydarians.com\/?product=star-wars-the-vintage-collection-the-mandalorian-arvala-7-blurrg-action-figure-set#breadcrumb\",\"itemListElement\":[{\"@type\":\"ListItem\",\"position\":1,\"name\":\"Portada\",\"item\":\"https:\/\/www.toydarians.com\/\"},{\"@type\":\"ListItem\",\"position\":2,\"name\":\"Shop\",\"item\":\"https:\/\/www.toydarians.com\/?page_id=64\"},{\"@type\":\"ListItem\",\"position\":3,\"name\":\"Star Wars &#8211; The Vintage Collection &#8211; The Mandalorian (Arvala-7) &#038; Blurrg &#8211; Action Figure Set\"}]},{\"@type\":\"WebSite\",\"@id\":\"https:\/\/www.toydarians.com\/#website\",\"url\":\"https:\/\/www.toydarians.com\/\",\"name\":\"Toydarians\",\"description\":\"Juguetes y mas all\u00e1!\",\"publisher\":{\"@id\":\"https:\/\/www.toydarians.com\/#organization\"},\"potentialAction\":[{\"@type\":\"SearchAction\",\"target\":{\"@type\":\"EntryPoint\",\"urlTemplate\":\"https:\/\/www.toydarians.com\/?s={search_term_string}\"},\"query-input\":\"required name=search_term_string\"}],\"inLanguage\":\"es\"},{\"@type\":\"Organization\",\"@id\":\"https:\/\/www.toydarians.com\/#organization\",\"name\":\"TOYDARIANS\",\"url\":\"https:\/\/www.toydarians.com\/\",\"sameAs\":[],\"logo\":{\"@type\":\"ImageObject\",\"inLanguage\":\"es\",\"@id\":\"https:\/\/www.toydarians.com\/#\/schema\/logo\/image\/\",\"url\":\"https:\/\/www.toydarians.com\/wp-content\/uploads\/2022\/07\/Toydarians_Aurebesh_02-e1657918368536.png\",\"contentUrl\":\"https:\/\/www.toydarians.com\/wp-content\/uploads\/2022\/07\/Toydarians_Aurebesh_02-e1657918368536.png\",\"width\":1890,\"height\":571,\"caption\":\"TOYDARIANS\"},\"image\":{\"@id\":\"https:\/\/www.toydarians.com\/#\/schema\/logo\/image\/\"}}]}<\/script>\n<!-- \/ Yoast SEO plugin. -->","yoast_head_json":{"title":"Star Wars - The Vintage Collection - The Mandalorian (Arvala-7) & Blurrg - Action Figure Set &#8902; Toydarians","description":"Star Wars, Vintage Collection, Hasbro, Juguetes, Colecci\u00f3n, Colecci\u00f3n Vintage, Escala 3.75, The Mandalorian, Arvala 7, Blurrg, Juguete, Figura de Acci\u00f3n,","robots":{"index":"index","follow":"follow","max-snippet":"max-snippet:-1","max-image-preview":"max-image-preview:large","max-video-preview":"max-video-preview:-1"},"canonical":"https:\/\/www.toydarians.com\/?product=star-wars-the-vintage-collection-the-mandalorian-arvala-7-blurrg-action-figure-set","og_locale":"es_ES","og_type":"article","og_title":"Star Wars - The Vintage Collection - The Mandalorian (Arvala-7) & Blurrg - Action Figure Set &#8902; Toydarians","og_description":"Star Wars, Vintage Collection, Hasbro, Juguetes, Colecci\u00f3n, Colecci\u00f3n Vintage, Escala 3.75, The Mandalorian, Arvala 7, Blurrg, Juguete, Figura de Acci\u00f3n,","og_url":"https:\/\/www.toydarians.com\/?product=star-wars-the-vintage-collection-the-mandalorian-arvala-7-blurrg-action-figure-set","og_site_name":"Toydarians","og_image":[{"width":720,"height":540,"url":"https:\/\/www.toydarians.com\/wp-content\/uploads\/2024\/10\/The-Mandalorian-Arvala-7-Blurrg_01.png","type":"image\/png"}],"twitter_card":"summary_large_image","twitter_misc":{"Tiempo de lectura":"1 minuto"},"schema":{"@context":"https:\/\/schema.org","@graph":[{"@type":"WebPage","@id":"https:\/\/www.toydarians.com\/?product=star-wars-the-vintage-collection-the-mandalorian-arvala-7-blurrg-action-figure-set","url":"https:\/\/www.toydarians.com\/?product=star-wars-the-vintage-collection-the-mandalorian-arvala-7-blurrg-action-figure-set","name":"Star Wars - The Vintage Collection - The Mandalorian (Arvala-7) & Blurrg - Action Figure Set &#8902; Toydarians","isPartOf":{"@id":"https:\/\/www.toydarians.com\/#website"},"datePublished":"2024-10-29T23:14:06+00:00","dateModified":"2024-10-29T23:14:06+00:00","description":"Star Wars, Vintage Collection, Hasbro, Juguetes, Colecci\u00f3n, Colecci\u00f3n Vintage, Escala 3.75, The Mandalorian, Arvala 7, Blurrg, Juguete, Figura de Acci\u00f3n,","breadcrumb":{"@id":"https:\/\/www.toydarians.com\/?product=star-wars-the-vintage-collection-the-mandalorian-arvala-7-blurrg-action-figure-set#breadcrumb"},"inLanguage":"es","potentialAction":[{"@type":"ReadAction","target":["https:\/\/www.toydarians.com\/?product=star-wars-the-vintage-collection-the-mandalorian-arvala-7-blurrg-action-figure-set"]}]},{"@type":"BreadcrumbList","@id":"https:\/\/www.toydarians.com\/?product=star-wars-the-vintage-collection-the-mandalorian-arvala-7-blurrg-action-figure-set#breadcrumb","itemListElement":[{"@type":"ListItem","position":1,"name":"Portada","item":"https:\/\/www.toydarians.com\/"},{"@type":"ListItem","position":2,"name":"Shop","item":"https:\/\/www.toydarians.com\/?page_id=64"},{"@type":"ListItem","position":3,"name":"Star Wars &#8211; The Vintage Collection &#8211; The Mandalorian (Arvala-7) &#038; Blurrg &#8211; Action Figure Set"}]},{"@type":"WebSite","@id":"https:\/\/www.toydarians.com\/#website","url":"https:\/\/www.toydarians.com\/","name":"Toydarians","description":"Juguetes y mas all\u00e1!","publisher":{"@id":"https:\/\/www.toydarians.com\/#organization"},"potentialAction":[{"@type":"SearchAction","target":{"@type":"EntryPoint","urlTemplate":"https:\/\/www.toydarians.com\/?s={search_term_string}"},"query-input":"required name=search_term_string"}],"inLanguage":"es"},{"@type":"Organization","@id":"https:\/\/www.toydarians.com\/#organization","name":"TOYDARIANS","url":"https:\/\/www.toydarians.com\/","sameAs":[],"logo":{"@type":"ImageObject","inLanguage":"es","@id":"https:\/\/www.toydarians.com\/#\/schema\/logo\/image\/","url":"https:\/\/www.toydarians.com\/wp-content\/uploads\/2022\/07\/Toydarians_Aurebesh_02-e1657918368536.png","contentUrl":"https:\/\/www.toydarians.com\/wp-content\/uploads\/2022\/07\/Toydarians_Aurebesh_02-e1657918368536.png","width":1890,"height":571,"caption":"TOYDARIANS"},"image":{"@id":"https:\/\/www.toydarians.com\/#\/schema\/logo\/image\/"}}]}},"_links":{"self":[{"href":"https:\/\/www.toydarians.com\/index.php?rest_route=\/wp\/v2\/product\/5463"}],"collection":[{"href":"https:\/\/www.toydarians.com\/index.php?rest_route=\/wp\/v2\/product"}],"about":[{"href":"https:\/\/www.toydarians.com\/index.php?rest_route=\/wp\/v2\/types\/product"}],"replies":[{"embeddable":true,"href":"https:\/\/www.toydarians.com\/index.php?rest_route=%2Fwp%2Fv2%2Fcomments&post=5463"}],"version-history":[{"count":2,"href":"https:\/\/www.toydarians.com\/index.php?rest_route=\/wp\/v2\/product\/5463\/revisions"}],"predecessor-version":[{"id":5482,"href":"https:\/\/www.toydarians.com\/index.php?rest_route=\/wp\/v2\/product\/5463\/revisions\/5482"}],"wp:featuredmedia":[{"embeddable":true,"href":"https:\/\/www.toydarians.com\/index.php?rest_route=\/wp\/v2\/media\/5464"}],"wp:attachment":[{"href":"https:\/\/www.toydarians.com\/index.php?rest_route=%2Fwp%2Fv2%2Fmedia&parent=5463"}],"wp:term":[{"taxonomy":"product_cat","embeddable":true,"href":"https:\/\/www.toydarians.com\/index.php?rest_route=%2Fwp%2Fv2%2Fproduct_cat&post=5463"},{"taxonomy":"product_tag","embeddable":true,"href":"https:\/\/www.toydarians.com\/index.php?rest_route=%2Fwp%2Fv2%2Fproduct_tag&post=5463"}],"curies":[{"name":"wp","href":"https:\/\/api.w.org\/{rel}","templated":true}]}}