{"id":4878,"date":"2023-12-14T18:13:51","date_gmt":"2023-12-15T00:13:51","guid":{"rendered":"https:\/\/www.toydarians.com\/?post_type=product&#038;p=4878"},"modified":"2023-12-15T11:36:58","modified_gmt":"2023-12-15T17:36:58","slug":"star-wars-the-vintage-collection-krrsantan-book-of-boba-fett-exclusive","status":"publish","type":"product","link":"https:\/\/www.toydarians.com\/?product=star-wars-the-vintage-collection-krrsantan-book-of-boba-fett-exclusive","title":{"rendered":"Star Wars &#8211; The Vintage Collection &#8211; Krrsantan &#8211; Book of Boba Fett &#8211; Exclusive"},"content":{"rendered":"<h1><strong>DESCRIPCI\u00d3N DEL PRODUCTO<\/strong><\/h1>\n<p>&nbsp;<\/p>\n<h3><strong>Krrsantan\u00a0 (Exclusive)<\/strong><\/h3>\n<p>Tambi\u00e9n conocido como Black Krrsantan , y apodado \u00bb Santy \u00ab, \u00bb BK \u00bb y \u00bb Black K \u00bb por la Doctora Aphra y \u00bb Santo \u00bb por Garsa Fwip y Boba Fett , fue un cazarrecompensas wookiee cuya carrera abarc\u00f3 durante el gobierno del Imperio Gal\u00e1ctico a la era de la Nueva Rep\u00fablica. Originalmente escap\u00f3 de su mundo natal Kashyyyk y fue entrenado como gladiador por los infames hermanos Xonti.<\/p>\n<p>&nbsp;<\/p>\n<div class=\"row\">\n<div class=\"col-md-12\">\n<div class=\"well well-sm\">\n<h2 class=\"ada-product-h2\"><strong>Caracter\u00edsticas del producto<\/strong><\/h2>\n<ul>\n<li>Escala de 3,75 pulgadas (9,53 cm)<\/li>\n<li>Hecho de pl\u00e1stico<\/li>\n<li>De la serie de televisi\u00f3n, El libro de Bobba Fett<\/li>\n<li>Calidad de coleccionista con detalles premium<\/li>\n<li>La figura presenta m\u00faltiples puntos de articulaci\u00f3n.<\/li>\n<\/ul>\n<\/div>\n<\/div>\n<\/div>\n<div class=\"row\">\n<div class=\"col-md-12\">\n<div class=\"well well-sm\">\n<h2 class=\"ada-product-h2\"><strong>Contenido de la caja<\/strong><\/h2>\n<ul>\n<li>figura de krrsantan<\/li>\n<li>2 pares de manos adicionales<\/li>\n<li>rifle bl\u00e1ster<\/li>\n<li>Lanzador de arco<\/li>\n<li>Blaster de choque y efecto.<\/li>\n<li>2 espadas<\/li>\n<li>2 efectos de choque de nudillos<\/li>\n<li>Jarro<\/li>\n<li>Fruta<\/li>\n<\/ul>\n<p>&nbsp;<\/p>\n<p>&nbsp;<\/p>\n<p><img loading=\"lazy\" class=\"\" src=\"https:\/\/www.toydarians.com\/wp-content\/uploads\/2023\/02\/Hasbro-Logo-706x400.png\" width=\"275\" height=\"156\" \/>\u00a0 \u00a0 \u00a0 \u00a0 \u00a0 \u00a0 \u00a0 \u00a0 \u00a0 \u00a0 \u00a0 \u00a0 \u00a0 \u00a0 \u00a0 \u00a0 \u00a0 \u00a0 \u00a0 \u00a0 \u00a0 \u00a0 \u00a0 \u00a0 \u00a0 \u00a0 \u00a0 \u00a0 \u00a0 \u00a0 \u00a0 \u00a0 \u00a0 \u00a0 \u00a0 \u00a0 \u00a0 \u00a0 \u00a0 \u00a0 \u00a0 \u00a0 \u00a0 \u00a0 \u00a0 \u00a0 \u00a0 \u00a0 \u00a0 \u00a0 \u00a0 \u00a0 \u00a0 \u00a0 \u00a0 \u00a0 \u00a0 \u00a0 \u00a0 \u00a0 \u00a0 \u00a0 \u00a0 \u00a0 \u00a0 \u00a0 \u00a0 <img loading=\"lazy\" class=\"\" src=\"https:\/\/www.toydarians.com\/wp-content\/uploads\/2023\/02\/The-Vintage-Collection-800x346.png\" width=\"275\" height=\"119\" \/><\/p>\n<\/div>\n<\/div>\n<\/div>\n","protected":false},"excerpt":{"rendered":"<h3><strong>Vintage Collection<\/strong><\/h3>\n","protected":false},"featured_media":4879,"comment_status":"open","ping_status":"closed","template":"","meta":[],"product_cat":[69,81,15,82],"product_tag":[686,730,106,687,668,670,655,685,317,667,709,659,724],"yoast_head":"<!-- This site is optimized with the Yoast SEO plugin v19.6.1 - https:\/\/yoast.com\/wordpress\/plugins\/seo\/ -->\n<title>Star Wars - The Vintage Collection - Krrsantan - Book of Boba Fett - Exclusive &#8902; Toydarians<\/title>\n<meta name=\"description\" content=\"Star Wars, The Vintage Collection, Krrsantan, Book of Boba Fett, Exclusive, Juguete, Coleccionable, Colecci\u00f3n, Figura de Acci\u00f3n, Action Figure, Hasbro, Escala 3.75, Colecci\u00f3n Vintage,\" \/>\n<meta name=\"robots\" content=\"index, follow, max-snippet:-1, max-image-preview:large, max-video-preview:-1\" \/>\n<link rel=\"canonical\" href=\"https:\/\/www.toydarians.com\/?product=star-wars-the-vintage-collection-krrsantan-book-of-boba-fett-exclusive\" \/>\n<meta property=\"og:locale\" content=\"es_ES\" \/>\n<meta property=\"og:type\" content=\"article\" \/>\n<meta property=\"og:title\" content=\"Star Wars - The Vintage Collection - Krrsantan - Book of Boba Fett - Exclusive &#8902; Toydarians\" \/>\n<meta property=\"og:description\" content=\"Star Wars, The Vintage Collection, Krrsantan, Book of Boba Fett, Exclusive, Juguete, Coleccionable, Colecci\u00f3n, Figura de Acci\u00f3n, Action Figure, Hasbro, Escala 3.75, Colecci\u00f3n Vintage,\" \/>\n<meta property=\"og:url\" content=\"https:\/\/www.toydarians.com\/?product=star-wars-the-vintage-collection-krrsantan-book-of-boba-fett-exclusive\" \/>\n<meta property=\"og:site_name\" content=\"Toydarians\" \/>\n<meta property=\"article:modified_time\" content=\"2023-12-15T17:36:58+00:00\" \/>\n<meta property=\"og:image\" content=\"https:\/\/www.toydarians.com\/wp-content\/uploads\/2023\/12\/Krrsantan-1.jpg\" \/>\n\t<meta property=\"og:image:width\" content=\"720\" \/>\n\t<meta property=\"og:image:height\" content=\"540\" \/>\n\t<meta property=\"og:image:type\" content=\"image\/jpeg\" \/>\n<meta name=\"twitter:card\" content=\"summary_large_image\" \/>\n<meta name=\"twitter:label1\" content=\"Tiempo de lectura\" \/>\n\t<meta name=\"twitter:data1\" content=\"2 minutos\" \/>\n<script type=\"application\/ld+json\" class=\"yoast-schema-graph\">{\"@context\":\"https:\/\/schema.org\",\"@graph\":[{\"@type\":\"WebPage\",\"@id\":\"https:\/\/www.toydarians.com\/?product=star-wars-the-vintage-collection-krrsantan-book-of-boba-fett-exclusive\",\"url\":\"https:\/\/www.toydarians.com\/?product=star-wars-the-vintage-collection-krrsantan-book-of-boba-fett-exclusive\",\"name\":\"Star Wars - The Vintage Collection - Krrsantan - Book of Boba Fett - Exclusive &#8902; Toydarians\",\"isPartOf\":{\"@id\":\"https:\/\/www.toydarians.com\/#website\"},\"datePublished\":\"2023-12-15T00:13:51+00:00\",\"dateModified\":\"2023-12-15T17:36:58+00:00\",\"description\":\"Star Wars, The Vintage Collection, Krrsantan, Book of Boba Fett, Exclusive, Juguete, Coleccionable, Colecci\u00f3n, Figura de Acci\u00f3n, Action Figure, Hasbro, Escala 3.75, Colecci\u00f3n Vintage,\",\"breadcrumb\":{\"@id\":\"https:\/\/www.toydarians.com\/?product=star-wars-the-vintage-collection-krrsantan-book-of-boba-fett-exclusive#breadcrumb\"},\"inLanguage\":\"es\",\"potentialAction\":[{\"@type\":\"ReadAction\",\"target\":[\"https:\/\/www.toydarians.com\/?product=star-wars-the-vintage-collection-krrsantan-book-of-boba-fett-exclusive\"]}]},{\"@type\":\"BreadcrumbList\",\"@id\":\"https:\/\/www.toydarians.com\/?product=star-wars-the-vintage-collection-krrsantan-book-of-boba-fett-exclusive#breadcrumb\",\"itemListElement\":[{\"@type\":\"ListItem\",\"position\":1,\"name\":\"Portada\",\"item\":\"https:\/\/www.toydarians.com\/\"},{\"@type\":\"ListItem\",\"position\":2,\"name\":\"Shop\",\"item\":\"https:\/\/www.toydarians.com\/?page_id=64\"},{\"@type\":\"ListItem\",\"position\":3,\"name\":\"Star Wars &#8211; The Vintage Collection &#8211; Krrsantan &#8211; Book of Boba Fett &#8211; Exclusive\"}]},{\"@type\":\"WebSite\",\"@id\":\"https:\/\/www.toydarians.com\/#website\",\"url\":\"https:\/\/www.toydarians.com\/\",\"name\":\"Toydarians\",\"description\":\"Juguetes y mas all\u00e1!\",\"publisher\":{\"@id\":\"https:\/\/www.toydarians.com\/#organization\"},\"potentialAction\":[{\"@type\":\"SearchAction\",\"target\":{\"@type\":\"EntryPoint\",\"urlTemplate\":\"https:\/\/www.toydarians.com\/?s={search_term_string}\"},\"query-input\":\"required name=search_term_string\"}],\"inLanguage\":\"es\"},{\"@type\":\"Organization\",\"@id\":\"https:\/\/www.toydarians.com\/#organization\",\"name\":\"TOYDARIANS\",\"url\":\"https:\/\/www.toydarians.com\/\",\"sameAs\":[],\"logo\":{\"@type\":\"ImageObject\",\"inLanguage\":\"es\",\"@id\":\"https:\/\/www.toydarians.com\/#\/schema\/logo\/image\/\",\"url\":\"https:\/\/www.toydarians.com\/wp-content\/uploads\/2022\/07\/Toydarians_Aurebesh_02-e1657918368536.png\",\"contentUrl\":\"https:\/\/www.toydarians.com\/wp-content\/uploads\/2022\/07\/Toydarians_Aurebesh_02-e1657918368536.png\",\"width\":1890,\"height\":571,\"caption\":\"TOYDARIANS\"},\"image\":{\"@id\":\"https:\/\/www.toydarians.com\/#\/schema\/logo\/image\/\"}}]}<\/script>\n<!-- \/ Yoast SEO plugin. -->","yoast_head_json":{"title":"Star Wars - The Vintage Collection - Krrsantan - Book of Boba Fett - Exclusive &#8902; Toydarians","description":"Star Wars, The Vintage Collection, Krrsantan, Book of Boba Fett, Exclusive, Juguete, Coleccionable, Colecci\u00f3n, Figura de Acci\u00f3n, Action Figure, Hasbro, Escala 3.75, Colecci\u00f3n Vintage,","robots":{"index":"index","follow":"follow","max-snippet":"max-snippet:-1","max-image-preview":"max-image-preview:large","max-video-preview":"max-video-preview:-1"},"canonical":"https:\/\/www.toydarians.com\/?product=star-wars-the-vintage-collection-krrsantan-book-of-boba-fett-exclusive","og_locale":"es_ES","og_type":"article","og_title":"Star Wars - The Vintage Collection - Krrsantan - Book of Boba Fett - Exclusive &#8902; Toydarians","og_description":"Star Wars, The Vintage Collection, Krrsantan, Book of Boba Fett, Exclusive, Juguete, Coleccionable, Colecci\u00f3n, Figura de Acci\u00f3n, Action Figure, Hasbro, Escala 3.75, Colecci\u00f3n Vintage,","og_url":"https:\/\/www.toydarians.com\/?product=star-wars-the-vintage-collection-krrsantan-book-of-boba-fett-exclusive","og_site_name":"Toydarians","article_modified_time":"2023-12-15T17:36:58+00:00","og_image":[{"width":720,"height":540,"url":"https:\/\/www.toydarians.com\/wp-content\/uploads\/2023\/12\/Krrsantan-1.jpg","type":"image\/jpeg"}],"twitter_card":"summary_large_image","twitter_misc":{"Tiempo de lectura":"2 minutos"},"schema":{"@context":"https:\/\/schema.org","@graph":[{"@type":"WebPage","@id":"https:\/\/www.toydarians.com\/?product=star-wars-the-vintage-collection-krrsantan-book-of-boba-fett-exclusive","url":"https:\/\/www.toydarians.com\/?product=star-wars-the-vintage-collection-krrsantan-book-of-boba-fett-exclusive","name":"Star Wars - The Vintage Collection - Krrsantan - Book of Boba Fett - Exclusive &#8902; Toydarians","isPartOf":{"@id":"https:\/\/www.toydarians.com\/#website"},"datePublished":"2023-12-15T00:13:51+00:00","dateModified":"2023-12-15T17:36:58+00:00","description":"Star Wars, The Vintage Collection, Krrsantan, Book of Boba Fett, Exclusive, Juguete, Coleccionable, Colecci\u00f3n, Figura de Acci\u00f3n, Action Figure, Hasbro, Escala 3.75, Colecci\u00f3n Vintage,","breadcrumb":{"@id":"https:\/\/www.toydarians.com\/?product=star-wars-the-vintage-collection-krrsantan-book-of-boba-fett-exclusive#breadcrumb"},"inLanguage":"es","potentialAction":[{"@type":"ReadAction","target":["https:\/\/www.toydarians.com\/?product=star-wars-the-vintage-collection-krrsantan-book-of-boba-fett-exclusive"]}]},{"@type":"BreadcrumbList","@id":"https:\/\/www.toydarians.com\/?product=star-wars-the-vintage-collection-krrsantan-book-of-boba-fett-exclusive#breadcrumb","itemListElement":[{"@type":"ListItem","position":1,"name":"Portada","item":"https:\/\/www.toydarians.com\/"},{"@type":"ListItem","position":2,"name":"Shop","item":"https:\/\/www.toydarians.com\/?page_id=64"},{"@type":"ListItem","position":3,"name":"Star Wars &#8211; The Vintage Collection &#8211; Krrsantan &#8211; Book of Boba Fett &#8211; Exclusive"}]},{"@type":"WebSite","@id":"https:\/\/www.toydarians.com\/#website","url":"https:\/\/www.toydarians.com\/","name":"Toydarians","description":"Juguetes y mas all\u00e1!","publisher":{"@id":"https:\/\/www.toydarians.com\/#organization"},"potentialAction":[{"@type":"SearchAction","target":{"@type":"EntryPoint","urlTemplate":"https:\/\/www.toydarians.com\/?s={search_term_string}"},"query-input":"required name=search_term_string"}],"inLanguage":"es"},{"@type":"Organization","@id":"https:\/\/www.toydarians.com\/#organization","name":"TOYDARIANS","url":"https:\/\/www.toydarians.com\/","sameAs":[],"logo":{"@type":"ImageObject","inLanguage":"es","@id":"https:\/\/www.toydarians.com\/#\/schema\/logo\/image\/","url":"https:\/\/www.toydarians.com\/wp-content\/uploads\/2022\/07\/Toydarians_Aurebesh_02-e1657918368536.png","contentUrl":"https:\/\/www.toydarians.com\/wp-content\/uploads\/2022\/07\/Toydarians_Aurebesh_02-e1657918368536.png","width":1890,"height":571,"caption":"TOYDARIANS"},"image":{"@id":"https:\/\/www.toydarians.com\/#\/schema\/logo\/image\/"}}]}},"_links":{"self":[{"href":"https:\/\/www.toydarians.com\/index.php?rest_route=\/wp\/v2\/product\/4878"}],"collection":[{"href":"https:\/\/www.toydarians.com\/index.php?rest_route=\/wp\/v2\/product"}],"about":[{"href":"https:\/\/www.toydarians.com\/index.php?rest_route=\/wp\/v2\/types\/product"}],"replies":[{"embeddable":true,"href":"https:\/\/www.toydarians.com\/index.php?rest_route=%2Fwp%2Fv2%2Fcomments&post=4878"}],"version-history":[{"count":3,"href":"https:\/\/www.toydarians.com\/index.php?rest_route=\/wp\/v2\/product\/4878\/revisions"}],"predecessor-version":[{"id":4894,"href":"https:\/\/www.toydarians.com\/index.php?rest_route=\/wp\/v2\/product\/4878\/revisions\/4894"}],"wp:featuredmedia":[{"embeddable":true,"href":"https:\/\/www.toydarians.com\/index.php?rest_route=\/wp\/v2\/media\/4879"}],"wp:attachment":[{"href":"https:\/\/www.toydarians.com\/index.php?rest_route=%2Fwp%2Fv2%2Fmedia&parent=4878"}],"wp:term":[{"taxonomy":"product_cat","embeddable":true,"href":"https:\/\/www.toydarians.com\/index.php?rest_route=%2Fwp%2Fv2%2Fproduct_cat&post=4878"},{"taxonomy":"product_tag","embeddable":true,"href":"https:\/\/www.toydarians.com\/index.php?rest_route=%2Fwp%2Fv2%2Fproduct_tag&post=4878"}],"curies":[{"name":"wp","href":"https:\/\/api.w.org\/{rel}","templated":true}]}}