{"id":4668,"date":"2024-01-17T12:25:29","date_gmt":"2024-01-17T18:25:29","guid":{"rendered":"https:\/\/www.toydarians.com\/?post_type=product&#038;p=4668"},"modified":"2024-03-01T13:31:35","modified_gmt":"2024-03-01T19:31:35","slug":"star-wars-the-vintage-collection-morgan-elsbeth-ahsoka-vc295","status":"publish","type":"product","link":"https:\/\/www.toydarians.com\/?product=star-wars-the-vintage-collection-morgan-elsbeth-ahsoka-vc295","title":{"rendered":"Star Wars &#8211; The Vintage Collection &#8211; Morgan Elsbeth &#8211; Ahsoka &#8211; VC295"},"content":{"rendered":"<h1><strong>DESCRIPCI\u00d3N DEL PROCUCTO<\/strong><\/h1>\n<h3><\/h3>\n<h3 class=\"product-name-ada\"><strong>Morgan Elsbeth\u00a0<\/strong><\/h3>\n<div class=\"\" data-block=\"true\" data-editor=\"6ip9b\" data-offset-key=\"d1qld-0-0\">\n<div class=\"_1mf _1mj\" data-offset-key=\"d1qld-0-0\"><span data-offset-key=\"d1qld-0-0\">Morgan Elsbeth fue una hermana nocturna humana que jug\u00f3 un papel decisivo en la construcci\u00f3n de la Armada Imperial durante el reinado del Imperio Gal\u00e1ctico. En la era de la Nueva Rep\u00fablica, dirigi\u00f3 un r\u00e9gimen despiadado y sirvi\u00f3 como magistrada de Calodan en el planeta Corvus. Elsbeth estaba en posesi\u00f3n de una lanza hecha de beskar puro, y se la ofreci\u00f3 como pago al cazarrecompensas mandaloriano Din Djarin para que matara a la ex Jedi Ahsoka Tano. En ese momento, sus fuerzas llevaban versiones estilizadas de una quimera, el s\u00edmbolo personal de su patr\u00f3n, el Gran Almirante Mitth&#8217;raw&#8217;nuruodo, y el emblema de la 7\u00aa Flota. Sin embargo, Tano y Djarin se unieron y terminaron derrotando a Elsbeth y sus fuerzas.<\/span><\/div>\n<\/div>\n<div class=\"\" data-block=\"true\" data-editor=\"6ip9b\" data-offset-key=\"dl2kr-0-0\">\n<div class=\"_1mf _1mj\" data-offset-key=\"dl2kr-0-0\"><span data-offset-key=\"dl2kr-0-0\">\u00a0<\/span><\/div>\n<\/div>\n<div class=\"\" data-block=\"true\" data-editor=\"6ip9b\" data-offset-key=\"f87qp-0-0\">\n<div class=\"_1mf _1mj\" data-offset-key=\"f87qp-0-0\"><span data-offset-key=\"f87qp-0-0\">Al vencer al magistrado en combate, Tano exigi\u00f3 a Elsbeth que revelara la ubicaci\u00f3n de su amo, Thrawn. Elsbeth fue depuesta y arrestada por actuar como simpatizante imperial. Sin embargo, su ej\u00e9rcito sobrevivi\u00f3 con agentes siniestros trabajando para liberarla de la custodia de la Nueva Rep\u00fablica.<\/span><\/div>\n<\/div>\n<div data-offset-key=\"f87qp-0-0\"><\/div>\n<div data-offset-key=\"f87qp-0-0\"><\/div>\n<div data-offset-key=\"f87qp-0-0\">\n<div class=\"row\">\n<div class=\"col-md-12\">\n<div class=\"well well-sm\">\n<h2><\/h2>\n<h2 class=\"ada-product-h2\"><strong>Caracter\u00edsticas del producto<\/strong><\/h2>\n<ul>\n<li>Escala de 3,75 pulgadas (9,53 cm)<\/li>\n<li>Hecho de pl\u00e1stico<\/li>\n<li>De la serie de televisi\u00f3n, Ahsoka.<\/li>\n<li>Calidad de coleccionista con detalles premium<\/li>\n<li>La figura presenta m\u00faltiples puntos de articulaci\u00f3n.<\/li>\n<\/ul>\n<\/div>\n<\/div>\n<\/div>\n<div class=\"row\">\n<div class=\"col-md-12\">\n<div class=\"well well-sm\">\n<h2><\/h2>\n<h2 class=\"ada-product-h2\"><strong>Contenido de la caja<\/strong><\/h2>\n<ul>\n<li>Figura de Morgan Elsbeth.<\/li>\n<\/ul>\n<\/div>\n<p>&nbsp;<\/p>\n<p>&nbsp;<\/p>\n<p><img loading=\"lazy\" class=\"\" src=\"https:\/\/www.toydarians.com\/wp-content\/uploads\/2023\/02\/Hasbro-Logo-706x400.png\" width=\"275\" height=\"156\" \/>\u00a0 \u00a0 \u00a0 \u00a0 \u00a0 \u00a0 \u00a0 \u00a0 \u00a0 \u00a0 \u00a0 \u00a0 \u00a0 \u00a0 \u00a0 \u00a0 \u00a0 \u00a0 \u00a0 \u00a0 \u00a0 \u00a0 \u00a0 \u00a0 \u00a0 \u00a0 \u00a0 \u00a0 \u00a0 \u00a0 \u00a0 \u00a0 \u00a0 \u00a0 \u00a0 \u00a0 \u00a0 \u00a0 \u00a0 \u00a0 \u00a0 \u00a0 \u00a0 \u00a0 \u00a0 \u00a0 \u00a0 \u00a0 \u00a0 \u00a0 \u00a0 \u00a0 \u00a0 \u00a0 \u00a0 \u00a0 \u00a0 \u00a0 \u00a0 \u00a0 \u00a0 \u00a0 \u00a0 \u00a0 \u00a0 \u00a0 \u00a0 <img loading=\"lazy\" class=\"\" src=\"https:\/\/www.toydarians.com\/wp-content\/uploads\/2023\/02\/The-Vintage-Collection-800x346.png\" width=\"275\" height=\"119\" \/><\/p>\n<\/div>\n<\/div>\n<\/div>\n","protected":false},"excerpt":{"rendered":"<h2><strong>The Vintage Collection<\/strong><\/h2>\n","protected":false},"featured_media":4669,"comment_status":"open","ping_status":"closed","template":"","meta":[],"product_cat":[69,70,77],"product_tag":[686,134,106,668,752,685,317,667,750,659,724,875],"yoast_head":"<!-- This site is optimized with the Yoast SEO plugin v19.6.1 - https:\/\/yoast.com\/wordpress\/plugins\/seo\/ -->\n<title>Star Wars - The Vintage Collection - Morgan Elsbeth - Ahsoka - VC295 &#8902; Toydarians<\/title>\n<meta name=\"description\" content=\"Star Wars, The Vintage Collection, Morgan Elsbeth, Ahsoka, VC295, Juguete, Action Figure, Figura de Acci\u00f3n, Juguete, Coleccionable, Colecci\u00f3n, Hasbro, Escala 3.75 Colecci\u00f3n Vintage,\" \/>\n<meta name=\"robots\" content=\"index, follow, max-snippet:-1, max-image-preview:large, max-video-preview:-1\" \/>\n<link rel=\"canonical\" href=\"https:\/\/www.toydarians.com\/?product=star-wars-the-vintage-collection-morgan-elsbeth-ahsoka-vc295\" \/>\n<meta property=\"og:locale\" content=\"es_ES\" \/>\n<meta property=\"og:type\" content=\"article\" \/>\n<meta property=\"og:title\" content=\"Star Wars - The Vintage Collection - Morgan Elsbeth - Ahsoka - VC295 &#8902; Toydarians\" \/>\n<meta property=\"og:description\" content=\"Star Wars, The Vintage Collection, Morgan Elsbeth, Ahsoka, VC295, Juguete, Action Figure, Figura de Acci\u00f3n, Juguete, Coleccionable, Colecci\u00f3n, Hasbro, Escala 3.75 Colecci\u00f3n Vintage,\" \/>\n<meta property=\"og:url\" content=\"https:\/\/www.toydarians.com\/?product=star-wars-the-vintage-collection-morgan-elsbeth-ahsoka-vc295\" \/>\n<meta property=\"og:site_name\" content=\"Toydarians\" \/>\n<meta property=\"article:modified_time\" content=\"2024-03-01T19:31:35+00:00\" \/>\n<meta property=\"og:image\" content=\"https:\/\/www.toydarians.com\/wp-content\/uploads\/2023\/09\/Morgan-Elsbeth.jpg\" \/>\n\t<meta property=\"og:image:width\" content=\"720\" \/>\n\t<meta property=\"og:image:height\" content=\"540\" \/>\n\t<meta property=\"og:image:type\" content=\"image\/jpeg\" \/>\n<meta name=\"twitter:card\" content=\"summary_large_image\" \/>\n<meta name=\"twitter:label1\" content=\"Tiempo de lectura\" \/>\n\t<meta name=\"twitter:data1\" content=\"2 minutos\" \/>\n<script type=\"application\/ld+json\" class=\"yoast-schema-graph\">{\"@context\":\"https:\/\/schema.org\",\"@graph\":[{\"@type\":\"WebPage\",\"@id\":\"https:\/\/www.toydarians.com\/?product=star-wars-the-vintage-collection-morgan-elsbeth-ahsoka-vc295\",\"url\":\"https:\/\/www.toydarians.com\/?product=star-wars-the-vintage-collection-morgan-elsbeth-ahsoka-vc295\",\"name\":\"Star Wars - The Vintage Collection - Morgan Elsbeth - Ahsoka - VC295 &#8902; Toydarians\",\"isPartOf\":{\"@id\":\"https:\/\/www.toydarians.com\/#website\"},\"datePublished\":\"2024-01-17T18:25:29+00:00\",\"dateModified\":\"2024-03-01T19:31:35+00:00\",\"description\":\"Star Wars, The Vintage Collection, Morgan Elsbeth, Ahsoka, VC295, Juguete, Action Figure, Figura de Acci\u00f3n, Juguete, Coleccionable, Colecci\u00f3n, Hasbro, Escala 3.75 Colecci\u00f3n Vintage,\",\"breadcrumb\":{\"@id\":\"https:\/\/www.toydarians.com\/?product=star-wars-the-vintage-collection-morgan-elsbeth-ahsoka-vc295#breadcrumb\"},\"inLanguage\":\"es\",\"potentialAction\":[{\"@type\":\"ReadAction\",\"target\":[\"https:\/\/www.toydarians.com\/?product=star-wars-the-vintage-collection-morgan-elsbeth-ahsoka-vc295\"]}]},{\"@type\":\"BreadcrumbList\",\"@id\":\"https:\/\/www.toydarians.com\/?product=star-wars-the-vintage-collection-morgan-elsbeth-ahsoka-vc295#breadcrumb\",\"itemListElement\":[{\"@type\":\"ListItem\",\"position\":1,\"name\":\"Portada\",\"item\":\"https:\/\/www.toydarians.com\/\"},{\"@type\":\"ListItem\",\"position\":2,\"name\":\"Shop\",\"item\":\"https:\/\/www.toydarians.com\/?page_id=64\"},{\"@type\":\"ListItem\",\"position\":3,\"name\":\"Star Wars &#8211; The Vintage Collection &#8211; Morgan Elsbeth &#8211; Ahsoka &#8211; VC295\"}]},{\"@type\":\"WebSite\",\"@id\":\"https:\/\/www.toydarians.com\/#website\",\"url\":\"https:\/\/www.toydarians.com\/\",\"name\":\"Toydarians\",\"description\":\"Juguetes y mas all\u00e1!\",\"publisher\":{\"@id\":\"https:\/\/www.toydarians.com\/#organization\"},\"potentialAction\":[{\"@type\":\"SearchAction\",\"target\":{\"@type\":\"EntryPoint\",\"urlTemplate\":\"https:\/\/www.toydarians.com\/?s={search_term_string}\"},\"query-input\":\"required name=search_term_string\"}],\"inLanguage\":\"es\"},{\"@type\":\"Organization\",\"@id\":\"https:\/\/www.toydarians.com\/#organization\",\"name\":\"TOYDARIANS\",\"url\":\"https:\/\/www.toydarians.com\/\",\"sameAs\":[],\"logo\":{\"@type\":\"ImageObject\",\"inLanguage\":\"es\",\"@id\":\"https:\/\/www.toydarians.com\/#\/schema\/logo\/image\/\",\"url\":\"https:\/\/www.toydarians.com\/wp-content\/uploads\/2022\/07\/Toydarians_Aurebesh_02-e1657918368536.png\",\"contentUrl\":\"https:\/\/www.toydarians.com\/wp-content\/uploads\/2022\/07\/Toydarians_Aurebesh_02-e1657918368536.png\",\"width\":1890,\"height\":571,\"caption\":\"TOYDARIANS\"},\"image\":{\"@id\":\"https:\/\/www.toydarians.com\/#\/schema\/logo\/image\/\"}}]}<\/script>\n<!-- \/ Yoast SEO plugin. -->","yoast_head_json":{"title":"Star Wars - The Vintage Collection - Morgan Elsbeth - Ahsoka - VC295 &#8902; Toydarians","description":"Star Wars, The Vintage Collection, Morgan Elsbeth, Ahsoka, VC295, Juguete, Action Figure, Figura de Acci\u00f3n, Juguete, Coleccionable, Colecci\u00f3n, Hasbro, Escala 3.75 Colecci\u00f3n Vintage,","robots":{"index":"index","follow":"follow","max-snippet":"max-snippet:-1","max-image-preview":"max-image-preview:large","max-video-preview":"max-video-preview:-1"},"canonical":"https:\/\/www.toydarians.com\/?product=star-wars-the-vintage-collection-morgan-elsbeth-ahsoka-vc295","og_locale":"es_ES","og_type":"article","og_title":"Star Wars - The Vintage Collection - Morgan Elsbeth - Ahsoka - VC295 &#8902; Toydarians","og_description":"Star Wars, The Vintage Collection, Morgan Elsbeth, Ahsoka, VC295, Juguete, Action Figure, Figura de Acci\u00f3n, Juguete, Coleccionable, Colecci\u00f3n, Hasbro, Escala 3.75 Colecci\u00f3n Vintage,","og_url":"https:\/\/www.toydarians.com\/?product=star-wars-the-vintage-collection-morgan-elsbeth-ahsoka-vc295","og_site_name":"Toydarians","article_modified_time":"2024-03-01T19:31:35+00:00","og_image":[{"width":720,"height":540,"url":"https:\/\/www.toydarians.com\/wp-content\/uploads\/2023\/09\/Morgan-Elsbeth.jpg","type":"image\/jpeg"}],"twitter_card":"summary_large_image","twitter_misc":{"Tiempo de lectura":"2 minutos"},"schema":{"@context":"https:\/\/schema.org","@graph":[{"@type":"WebPage","@id":"https:\/\/www.toydarians.com\/?product=star-wars-the-vintage-collection-morgan-elsbeth-ahsoka-vc295","url":"https:\/\/www.toydarians.com\/?product=star-wars-the-vintage-collection-morgan-elsbeth-ahsoka-vc295","name":"Star Wars - The Vintage Collection - Morgan Elsbeth - Ahsoka - VC295 &#8902; Toydarians","isPartOf":{"@id":"https:\/\/www.toydarians.com\/#website"},"datePublished":"2024-01-17T18:25:29+00:00","dateModified":"2024-03-01T19:31:35+00:00","description":"Star Wars, The Vintage Collection, Morgan Elsbeth, Ahsoka, VC295, Juguete, Action Figure, Figura de Acci\u00f3n, Juguete, Coleccionable, Colecci\u00f3n, Hasbro, Escala 3.75 Colecci\u00f3n Vintage,","breadcrumb":{"@id":"https:\/\/www.toydarians.com\/?product=star-wars-the-vintage-collection-morgan-elsbeth-ahsoka-vc295#breadcrumb"},"inLanguage":"es","potentialAction":[{"@type":"ReadAction","target":["https:\/\/www.toydarians.com\/?product=star-wars-the-vintage-collection-morgan-elsbeth-ahsoka-vc295"]}]},{"@type":"BreadcrumbList","@id":"https:\/\/www.toydarians.com\/?product=star-wars-the-vintage-collection-morgan-elsbeth-ahsoka-vc295#breadcrumb","itemListElement":[{"@type":"ListItem","position":1,"name":"Portada","item":"https:\/\/www.toydarians.com\/"},{"@type":"ListItem","position":2,"name":"Shop","item":"https:\/\/www.toydarians.com\/?page_id=64"},{"@type":"ListItem","position":3,"name":"Star Wars &#8211; The Vintage Collection &#8211; Morgan Elsbeth &#8211; Ahsoka &#8211; VC295"}]},{"@type":"WebSite","@id":"https:\/\/www.toydarians.com\/#website","url":"https:\/\/www.toydarians.com\/","name":"Toydarians","description":"Juguetes y mas all\u00e1!","publisher":{"@id":"https:\/\/www.toydarians.com\/#organization"},"potentialAction":[{"@type":"SearchAction","target":{"@type":"EntryPoint","urlTemplate":"https:\/\/www.toydarians.com\/?s={search_term_string}"},"query-input":"required name=search_term_string"}],"inLanguage":"es"},{"@type":"Organization","@id":"https:\/\/www.toydarians.com\/#organization","name":"TOYDARIANS","url":"https:\/\/www.toydarians.com\/","sameAs":[],"logo":{"@type":"ImageObject","inLanguage":"es","@id":"https:\/\/www.toydarians.com\/#\/schema\/logo\/image\/","url":"https:\/\/www.toydarians.com\/wp-content\/uploads\/2022\/07\/Toydarians_Aurebesh_02-e1657918368536.png","contentUrl":"https:\/\/www.toydarians.com\/wp-content\/uploads\/2022\/07\/Toydarians_Aurebesh_02-e1657918368536.png","width":1890,"height":571,"caption":"TOYDARIANS"},"image":{"@id":"https:\/\/www.toydarians.com\/#\/schema\/logo\/image\/"}}]}},"_links":{"self":[{"href":"https:\/\/www.toydarians.com\/index.php?rest_route=\/wp\/v2\/product\/4668"}],"collection":[{"href":"https:\/\/www.toydarians.com\/index.php?rest_route=\/wp\/v2\/product"}],"about":[{"href":"https:\/\/www.toydarians.com\/index.php?rest_route=\/wp\/v2\/types\/product"}],"replies":[{"embeddable":true,"href":"https:\/\/www.toydarians.com\/index.php?rest_route=%2Fwp%2Fv2%2Fcomments&post=4668"}],"version-history":[{"count":2,"href":"https:\/\/www.toydarians.com\/index.php?rest_route=\/wp\/v2\/product\/4668\/revisions"}],"predecessor-version":[{"id":4931,"href":"https:\/\/www.toydarians.com\/index.php?rest_route=\/wp\/v2\/product\/4668\/revisions\/4931"}],"wp:featuredmedia":[{"embeddable":true,"href":"https:\/\/www.toydarians.com\/index.php?rest_route=\/wp\/v2\/media\/4669"}],"wp:attachment":[{"href":"https:\/\/www.toydarians.com\/index.php?rest_route=%2Fwp%2Fv2%2Fmedia&parent=4668"}],"wp:term":[{"taxonomy":"product_cat","embeddable":true,"href":"https:\/\/www.toydarians.com\/index.php?rest_route=%2Fwp%2Fv2%2Fproduct_cat&post=4668"},{"taxonomy":"product_tag","embeddable":true,"href":"https:\/\/www.toydarians.com\/index.php?rest_route=%2Fwp%2Fv2%2Fproduct_tag&post=4668"}],"curies":[{"name":"wp","href":"https:\/\/api.w.org\/{rel}","templated":true}]}}