{"id":2457,"date":"2022-09-06T16:28:50","date_gmt":"2022-09-06T21:28:50","guid":{"rendered":"https:\/\/www.toydarians.com\/?post_type=product&#038;p=2457"},"modified":"2024-02-01T02:09:19","modified_gmt":"2024-02-01T08:09:19","slug":"star-wars-vintage-collection-c-3po-empire-strikes-back-vc06","status":"publish","type":"product","link":"https:\/\/www.toydarians.com\/?product=star-wars-vintage-collection-c-3po-empire-strikes-back-vc06","title":{"rendered":"Star Wars &#8211; Vintage Collection &#8211; C-3PO &#8211; Empire Strikes Back &#8211; VC06"},"content":{"rendered":"<div class=\"row\">\n<div class=\"col-md-12\">\n<h1><strong>DESCRIPCI\u00d3N DEL PRODUCTO\u00a0<\/strong><\/h1>\n<h3><strong>C-3PO\u00a0 VC 06<\/strong><\/h3>\n<div class=\"\" data-block=\"true\" data-editor=\"9kkmc\" data-offset-key=\"1mink-0-0\">\n<div class=\"_1mf _1mj\" data-offset-key=\"1mink-0-0\"><span data-offset-key=\"1mink-0-0\">Fue un droide de protocolo de la serie 3PO dise\u00f1ado para interactuar con compuestos org\u00e1nicos. <\/span><span style=\"font-size: 14.4px;\">Conocido como Threepio, hablaba con fluidez m\u00e1s de seis millones de formas de comunicaci\u00f3n y desarroll\u00f3 una personalidad quisquillosa y propensa a las preocupaciones a lo largo de sus muchas d\u00e9cadas de operaci\u00f3n.<\/span><\/div>\n<\/div>\n<div class=\"\" data-block=\"true\" data-editor=\"9kkmc\" data-offset-key=\"1ug5o-0-0\">\n<div class=\"_1mf _1mj\" data-offset-key=\"1ug5o-0-0\"><span data-offset-key=\"1ug5o-0-0\">\u00a0<\/span><\/div>\n<\/div>\n<div class=\"\" data-block=\"true\" data-editor=\"9kkmc\" data-offset-key=\"bpikg-0-0\">\n<div class=\"_1mf _1mj\" data-offset-key=\"bpikg-0-0\"><span data-offset-key=\"bpikg-0-0\">Junto con su contraparte, el droide astromec\u00e1nico R2-D2, C-3PO constantemente se encontr\u00f3 directamente involucrado en momentos cruciales de la historia gal\u00e1ctica, y ayud\u00f3 a salvar la galaxia en muchas ocasiones.<\/span><\/div>\n<\/div>\n<p>&nbsp;<\/p>\n<\/div>\n<\/div>\n<div class=\"row\">\n<div class=\"col-md-12\">\n<div class=\"well well-sm\">\n<h2 class=\"ada-product-h2\"><strong>Caracter\u00edsticas del producto<\/strong><\/h2>\n<ul>\n<li>Escala de 3,75 pulgadas (9,52 cm)<\/li>\n<li>Hecho de pl\u00e1stico<\/li>\n<li>Embalaje de inspiraci\u00f3n vintage con la marca original de Kenner.<\/li>\n<li>Presenta un dise\u00f1o premium<\/li>\n<li>M\u00faltiples puntos de articulaci\u00f3n<\/li>\n<\/ul>\n<\/div>\n<\/div>\n<\/div>\n<div class=\"row\">\n<div class=\"col-md-12\">\n<div class=\"well well-sm\">\n<h2 class=\"ada-product-h2\"><strong>Contenido de la caja<\/strong><\/h2>\n<ul>\n<li>Placa frontal<\/li>\n<li>Placa para el pecho<\/li>\n<li>Placa para el muslo derecho<\/li>\n<li>Panel trasero<\/li>\n<\/ul>\n<p><strong>A\u00d1O 2010<\/strong><\/p>\n<div class=\"well well-sm\">\n<h3><b>CATEGOR\u00cdAS<\/b><strong>:<\/strong><\/h3>\n<\/div>\n<p><b>CATEGOR\u00cdA A:\u00a0<\/b>En perfectas condiciones, UNPUNCHED. Con m\u00ednimos detalles de almacenamiento.<\/p>\n<p><strong>CATEGOR\u00cdA B:\u00a0<\/strong>Punched, leves detalles est\u00e9ticos.<\/p>\n<p><strong>CATEGOR\u00cdA C:\u00a0<\/strong>Detalles est\u00e9ticos, ralladuras, rasgu\u00f1os o con sticker.<\/p>\n<\/div>\n<p>&nbsp;<\/p>\n<p>&nbsp;<\/p>\n<p><img loading=\"lazy\" class=\"\" src=\"https:\/\/www.toydarians.com\/wp-content\/uploads\/2023\/02\/Hasbro-Logo-706x400.png\" width=\"275\" height=\"156\" \/>\u00a0 \u00a0 \u00a0 \u00a0 \u00a0 \u00a0 \u00a0 \u00a0 \u00a0 \u00a0 \u00a0 \u00a0 \u00a0 \u00a0 \u00a0 \u00a0 \u00a0 \u00a0 \u00a0 \u00a0 \u00a0 \u00a0 \u00a0 \u00a0 \u00a0 \u00a0 \u00a0 \u00a0 \u00a0 \u00a0 \u00a0 \u00a0 \u00a0 \u00a0 \u00a0 \u00a0 \u00a0 \u00a0 \u00a0 \u00a0 \u00a0 \u00a0 \u00a0 \u00a0 \u00a0 \u00a0 \u00a0 \u00a0 \u00a0 \u00a0 \u00a0 \u00a0 \u00a0 \u00a0 \u00a0 \u00a0 \u00a0 \u00a0 \u00a0 \u00a0 \u00a0 <img loading=\"lazy\" class=\"\" src=\"https:\/\/www.toydarians.com\/wp-content\/uploads\/2023\/02\/The-Vintage-Collection-800x346.png\" width=\"275\" height=\"119\" \/><\/p>\n<\/div>\n<\/div>\n","protected":false},"excerpt":{"rendered":"<h3><strong>The Vintage Collection 3.75&#8243;<\/strong><\/h3>\n","protected":false},"featured_media":2940,"comment_status":"open","ping_status":"closed","template":"","meta":[],"product_cat":[69,70,77],"product_tag":[686,404,106,687,668,756,670,685,317,739,659,842,669],"yoast_head":"<!-- This site is optimized with the Yoast SEO plugin v19.6.1 - https:\/\/yoast.com\/wordpress\/plugins\/seo\/ -->\n<title>Star Wars - Vintage Collection - C-3PO - Empire Strikes Back - VC06 &#8902; Toydarians<\/title>\n<meta name=\"description\" content=\"Star Wars, Vintage Collection, C-3PO, Empire Strikes Back, VC06, Juguetes, Coleccionable, Colecci\u00f3n, Colecci\u00f3n Vintage, Hasbro, Escala 3.75, Figura de Acci\u00f3n, Action Figure,\" \/>\n<meta name=\"robots\" content=\"index, follow, max-snippet:-1, max-image-preview:large, max-video-preview:-1\" \/>\n<link rel=\"canonical\" href=\"https:\/\/www.toydarians.com\/?product=star-wars-vintage-collection-c-3po-empire-strikes-back-vc06\" \/>\n<meta property=\"og:locale\" content=\"es_ES\" \/>\n<meta property=\"og:type\" content=\"article\" \/>\n<meta property=\"og:title\" content=\"Star Wars - Vintage Collection - C-3PO - Empire Strikes Back - VC06 &#8902; Toydarians\" \/>\n<meta property=\"og:description\" content=\"Star Wars, Vintage Collection, C-3PO, Empire Strikes Back, VC06, Juguetes, Coleccionable, Colecci\u00f3n, Colecci\u00f3n Vintage, Hasbro, Escala 3.75, Figura de Acci\u00f3n, Action Figure,\" \/>\n<meta property=\"og:url\" content=\"https:\/\/www.toydarians.com\/?product=star-wars-vintage-collection-c-3po-empire-strikes-back-vc06\" \/>\n<meta property=\"og:site_name\" content=\"Toydarians\" \/>\n<meta property=\"article:modified_time\" content=\"2024-02-01T08:09:19+00:00\" \/>\n<meta property=\"og:image\" content=\"https:\/\/www.toydarians.com\/wp-content\/uploads\/2022\/09\/VC06_1-800x800.png\" \/>\n\t<meta property=\"og:image:width\" content=\"800\" \/>\n\t<meta property=\"og:image:height\" content=\"800\" \/>\n\t<meta property=\"og:image:type\" content=\"image\/png\" \/>\n<meta name=\"twitter:card\" content=\"summary_large_image\" \/>\n<meta name=\"twitter:label1\" content=\"Tiempo de lectura\" \/>\n\t<meta name=\"twitter:data1\" content=\"2 minutos\" \/>\n<script type=\"application\/ld+json\" class=\"yoast-schema-graph\">{\"@context\":\"https:\/\/schema.org\",\"@graph\":[{\"@type\":\"WebPage\",\"@id\":\"https:\/\/www.toydarians.com\/?product=star-wars-vintage-collection-c-3po-empire-strikes-back-vc06\",\"url\":\"https:\/\/www.toydarians.com\/?product=star-wars-vintage-collection-c-3po-empire-strikes-back-vc06\",\"name\":\"Star Wars - Vintage Collection - C-3PO - Empire Strikes Back - VC06 &#8902; Toydarians\",\"isPartOf\":{\"@id\":\"https:\/\/www.toydarians.com\/#website\"},\"datePublished\":\"2022-09-06T21:28:50+00:00\",\"dateModified\":\"2024-02-01T08:09:19+00:00\",\"description\":\"Star Wars, Vintage Collection, C-3PO, Empire Strikes Back, VC06, Juguetes, Coleccionable, Colecci\u00f3n, Colecci\u00f3n Vintage, Hasbro, Escala 3.75, Figura de Acci\u00f3n, Action Figure,\",\"breadcrumb\":{\"@id\":\"https:\/\/www.toydarians.com\/?product=star-wars-vintage-collection-c-3po-empire-strikes-back-vc06#breadcrumb\"},\"inLanguage\":\"es\",\"potentialAction\":[{\"@type\":\"ReadAction\",\"target\":[\"https:\/\/www.toydarians.com\/?product=star-wars-vintage-collection-c-3po-empire-strikes-back-vc06\"]}]},{\"@type\":\"BreadcrumbList\",\"@id\":\"https:\/\/www.toydarians.com\/?product=star-wars-vintage-collection-c-3po-empire-strikes-back-vc06#breadcrumb\",\"itemListElement\":[{\"@type\":\"ListItem\",\"position\":1,\"name\":\"Portada\",\"item\":\"https:\/\/www.toydarians.com\/\"},{\"@type\":\"ListItem\",\"position\":2,\"name\":\"Shop\",\"item\":\"https:\/\/www.toydarians.com\/?page_id=64\"},{\"@type\":\"ListItem\",\"position\":3,\"name\":\"Star Wars &#8211; Vintage Collection &#8211; C-3PO &#8211; Empire Strikes Back &#8211; VC06\"}]},{\"@type\":\"WebSite\",\"@id\":\"https:\/\/www.toydarians.com\/#website\",\"url\":\"https:\/\/www.toydarians.com\/\",\"name\":\"Toydarians\",\"description\":\"Juguetes y mas all\u00e1!\",\"publisher\":{\"@id\":\"https:\/\/www.toydarians.com\/#organization\"},\"potentialAction\":[{\"@type\":\"SearchAction\",\"target\":{\"@type\":\"EntryPoint\",\"urlTemplate\":\"https:\/\/www.toydarians.com\/?s={search_term_string}\"},\"query-input\":\"required name=search_term_string\"}],\"inLanguage\":\"es\"},{\"@type\":\"Organization\",\"@id\":\"https:\/\/www.toydarians.com\/#organization\",\"name\":\"TOYDARIANS\",\"url\":\"https:\/\/www.toydarians.com\/\",\"sameAs\":[],\"logo\":{\"@type\":\"ImageObject\",\"inLanguage\":\"es\",\"@id\":\"https:\/\/www.toydarians.com\/#\/schema\/logo\/image\/\",\"url\":\"https:\/\/www.toydarians.com\/wp-content\/uploads\/2022\/07\/Toydarians_Aurebesh_02-e1657918368536.png\",\"contentUrl\":\"https:\/\/www.toydarians.com\/wp-content\/uploads\/2022\/07\/Toydarians_Aurebesh_02-e1657918368536.png\",\"width\":1890,\"height\":571,\"caption\":\"TOYDARIANS\"},\"image\":{\"@id\":\"https:\/\/www.toydarians.com\/#\/schema\/logo\/image\/\"}}]}<\/script>\n<!-- \/ Yoast SEO plugin. -->","yoast_head_json":{"title":"Star Wars - Vintage Collection - C-3PO - Empire Strikes Back - VC06 &#8902; Toydarians","description":"Star Wars, Vintage Collection, C-3PO, Empire Strikes Back, VC06, Juguetes, Coleccionable, Colecci\u00f3n, Colecci\u00f3n Vintage, Hasbro, Escala 3.75, Figura de Acci\u00f3n, Action Figure,","robots":{"index":"index","follow":"follow","max-snippet":"max-snippet:-1","max-image-preview":"max-image-preview:large","max-video-preview":"max-video-preview:-1"},"canonical":"https:\/\/www.toydarians.com\/?product=star-wars-vintage-collection-c-3po-empire-strikes-back-vc06","og_locale":"es_ES","og_type":"article","og_title":"Star Wars - Vintage Collection - C-3PO - Empire Strikes Back - VC06 &#8902; Toydarians","og_description":"Star Wars, Vintage Collection, C-3PO, Empire Strikes Back, VC06, Juguetes, Coleccionable, Colecci\u00f3n, Colecci\u00f3n Vintage, Hasbro, Escala 3.75, Figura de Acci\u00f3n, Action Figure,","og_url":"https:\/\/www.toydarians.com\/?product=star-wars-vintage-collection-c-3po-empire-strikes-back-vc06","og_site_name":"Toydarians","article_modified_time":"2024-02-01T08:09:19+00:00","og_image":[{"width":800,"height":800,"url":"https:\/\/www.toydarians.com\/wp-content\/uploads\/2022\/09\/VC06_1-800x800.png","type":"image\/png"}],"twitter_card":"summary_large_image","twitter_misc":{"Tiempo de lectura":"2 minutos"},"schema":{"@context":"https:\/\/schema.org","@graph":[{"@type":"WebPage","@id":"https:\/\/www.toydarians.com\/?product=star-wars-vintage-collection-c-3po-empire-strikes-back-vc06","url":"https:\/\/www.toydarians.com\/?product=star-wars-vintage-collection-c-3po-empire-strikes-back-vc06","name":"Star Wars - Vintage Collection - C-3PO - Empire Strikes Back - VC06 &#8902; Toydarians","isPartOf":{"@id":"https:\/\/www.toydarians.com\/#website"},"datePublished":"2022-09-06T21:28:50+00:00","dateModified":"2024-02-01T08:09:19+00:00","description":"Star Wars, Vintage Collection, C-3PO, Empire Strikes Back, VC06, Juguetes, Coleccionable, Colecci\u00f3n, Colecci\u00f3n Vintage, Hasbro, Escala 3.75, Figura de Acci\u00f3n, Action Figure,","breadcrumb":{"@id":"https:\/\/www.toydarians.com\/?product=star-wars-vintage-collection-c-3po-empire-strikes-back-vc06#breadcrumb"},"inLanguage":"es","potentialAction":[{"@type":"ReadAction","target":["https:\/\/www.toydarians.com\/?product=star-wars-vintage-collection-c-3po-empire-strikes-back-vc06"]}]},{"@type":"BreadcrumbList","@id":"https:\/\/www.toydarians.com\/?product=star-wars-vintage-collection-c-3po-empire-strikes-back-vc06#breadcrumb","itemListElement":[{"@type":"ListItem","position":1,"name":"Portada","item":"https:\/\/www.toydarians.com\/"},{"@type":"ListItem","position":2,"name":"Shop","item":"https:\/\/www.toydarians.com\/?page_id=64"},{"@type":"ListItem","position":3,"name":"Star Wars &#8211; Vintage Collection &#8211; C-3PO &#8211; Empire Strikes Back &#8211; VC06"}]},{"@type":"WebSite","@id":"https:\/\/www.toydarians.com\/#website","url":"https:\/\/www.toydarians.com\/","name":"Toydarians","description":"Juguetes y mas all\u00e1!","publisher":{"@id":"https:\/\/www.toydarians.com\/#organization"},"potentialAction":[{"@type":"SearchAction","target":{"@type":"EntryPoint","urlTemplate":"https:\/\/www.toydarians.com\/?s={search_term_string}"},"query-input":"required name=search_term_string"}],"inLanguage":"es"},{"@type":"Organization","@id":"https:\/\/www.toydarians.com\/#organization","name":"TOYDARIANS","url":"https:\/\/www.toydarians.com\/","sameAs":[],"logo":{"@type":"ImageObject","inLanguage":"es","@id":"https:\/\/www.toydarians.com\/#\/schema\/logo\/image\/","url":"https:\/\/www.toydarians.com\/wp-content\/uploads\/2022\/07\/Toydarians_Aurebesh_02-e1657918368536.png","contentUrl":"https:\/\/www.toydarians.com\/wp-content\/uploads\/2022\/07\/Toydarians_Aurebesh_02-e1657918368536.png","width":1890,"height":571,"caption":"TOYDARIANS"},"image":{"@id":"https:\/\/www.toydarians.com\/#\/schema\/logo\/image\/"}}]}},"_links":{"self":[{"href":"https:\/\/www.toydarians.com\/index.php?rest_route=\/wp\/v2\/product\/2457"}],"collection":[{"href":"https:\/\/www.toydarians.com\/index.php?rest_route=\/wp\/v2\/product"}],"about":[{"href":"https:\/\/www.toydarians.com\/index.php?rest_route=\/wp\/v2\/types\/product"}],"replies":[{"embeddable":true,"href":"https:\/\/www.toydarians.com\/index.php?rest_route=%2Fwp%2Fv2%2Fcomments&post=2457"}],"version-history":[{"count":2,"href":"https:\/\/www.toydarians.com\/index.php?rest_route=\/wp\/v2\/product\/2457\/revisions"}],"predecessor-version":[{"id":4917,"href":"https:\/\/www.toydarians.com\/index.php?rest_route=\/wp\/v2\/product\/2457\/revisions\/4917"}],"wp:featuredmedia":[{"embeddable":true,"href":"https:\/\/www.toydarians.com\/index.php?rest_route=\/wp\/v2\/media\/2940"}],"wp:attachment":[{"href":"https:\/\/www.toydarians.com\/index.php?rest_route=%2Fwp%2Fv2%2Fmedia&parent=2457"}],"wp:term":[{"taxonomy":"product_cat","embeddable":true,"href":"https:\/\/www.toydarians.com\/index.php?rest_route=%2Fwp%2Fv2%2Fproduct_cat&post=2457"},{"taxonomy":"product_tag","embeddable":true,"href":"https:\/\/www.toydarians.com\/index.php?rest_route=%2Fwp%2Fv2%2Fproduct_tag&post=2457"}],"curies":[{"name":"wp","href":"https:\/\/api.w.org\/{rel}","templated":true}]}}