{"id":2438,"date":"2022-09-06T15:40:48","date_gmt":"2022-09-06T20:40:48","guid":{"rendered":"https:\/\/www.toydarians.com\/?post_type=product&#038;p=2438"},"modified":"2022-09-15T14:03:56","modified_gmt":"2022-09-15T19:03:56","slug":"super-7-mercyful-fate-ultimates-king-diamond-7","status":"publish","type":"product","link":"https:\/\/www.toydarians.com\/?product=super-7-mercyful-fate-ultimates-king-diamond-7","title":{"rendered":"Super 7 &#8211; Mercyful Fate Ultimates! &#8211; King Diamond &#8211; 7&#8243;"},"content":{"rendered":"<div class=\"row\">\n<div class=\"col-md-12\">\n<p><span>\u00a0\u00a1Emergiendo de las profundidades m\u00e1s oscuras del heavy metal est\u00e1 la leyenda King Diamond!\u00a0Como uno de los \u00edconos m\u00e1s venerados de la m\u00fasica pesada, King Diamond proyecta una presencia imponente y Super7 le da la bienvenida a sus ULTIMATES.<\/span><\/p>\n<p><span>Esta figura presenta a King Diamond de la era cl\u00e1sica de Mercyful Fate de principios de la d\u00e9cada de 1980.\u00a0La figura est\u00e1 lujosamente detallada y pintada y presenta una variedad \u00e9pica de accesorios intercambiables que incluyen un c\u00e1liz de calavera lleno de sangre, una calavera de cabra y un micr\u00f3fono con cruz de hueso.<\/span><\/p>\n<\/div>\n<\/div>\n<div class=\"row\">\n<div class=\"col-md-12\">\n<div class=\"well well-sm\">\n<h2 class=\"ada-product-h2\"><span>Caracter\u00edsticas del producto<\/span><\/h2>\n<ul>\n<li><span>7 pulgadas (17,78 cm)<\/span><\/li>\n<li><span>Hecho de pl\u00e1stico<\/span><\/li>\n<li><span>Cuenta con King Diamond de la era Mercyful Fate de principios de la d\u00e9cada de 1980.<\/span><\/li>\n<li><span>Incluye una variedad \u00e9pica de accesorios intercambiables.<\/span><\/li>\n<\/ul>\n<\/div>\n<\/div>\n<\/div>\n<div class=\"row\">\n<div class=\"col-md-12\">\n<div class=\"well well-sm\">\n<h2 class=\"ada-product-h2\"><span>Contenido de la caja<\/span><\/h2>\n<ul>\n<li><span>Figura Rey Diamante<\/span><\/li>\n<li><span>2 cabezas intercambiables<\/span>\n<ul>\n<li><span>Gafas de sol<\/span><\/li>\n<li><span>Calavera con cuernos<\/span><\/li>\n<\/ul>\n<\/li>\n<li><span>3 manos intercambiables<\/span>\n<ul>\n<li><span>Par de manos abiertas<\/span><\/li>\n<li><span>1 Mano derecha (signo del \u00abdiablo\u00bb)<\/span><\/li>\n<\/ul>\n<\/li>\n<li><span>Trapos de capa y brazo<\/span><\/li>\n<li><span>2 collares<\/span><\/li>\n<li><span>Cr\u00e1neo de cabra<\/span><\/li>\n<li><span>C\u00e1liz de calavera lleno de sangre<\/span><\/li>\n<li><span>Cruz de hueso Micr\u00f3fono<\/span><\/li>\n<\/ul>\n<\/div>\n<\/div>\n<\/div>\n","protected":false},"excerpt":{"rendered":"<h3><strong>King Diamond<\/strong><\/h3>\n","protected":false},"featured_media":2443,"comment_status":"open","ping_status":"closed","template":"","meta":[],"product_cat":[321,322],"product_tag":[389,106,388,386,387],"yoast_head":"<!-- This site is optimized with the Yoast SEO plugin v19.6.1 - https:\/\/yoast.com\/wordpress\/plugins\/seo\/ -->\n<title>Super 7 - Mercyful Fate Ultimates! - King Diamond - 7&quot; &#8902; Toydarians<\/title>\n<meta name=\"robots\" content=\"index, follow, max-snippet:-1, max-image-preview:large, max-video-preview:-1\" \/>\n<link rel=\"canonical\" href=\"https:\/\/www.toydarians.com\/?product=super-7-mercyful-fate-ultimates-king-diamond-7\" \/>\n<meta property=\"og:locale\" content=\"es_ES\" \/>\n<meta property=\"og:type\" content=\"article\" \/>\n<meta property=\"og:title\" content=\"Super 7 - Mercyful Fate Ultimates! - King Diamond - 7&quot; &#8902; Toydarians\" \/>\n<meta property=\"og:description\" content=\"King Diamond\" \/>\n<meta property=\"og:url\" content=\"https:\/\/www.toydarians.com\/?product=super-7-mercyful-fate-ultimates-king-diamond-7\" \/>\n<meta property=\"og:site_name\" content=\"Toydarians\" \/>\n<meta property=\"article:modified_time\" content=\"2022-09-15T19:03:56+00:00\" \/>\n<meta property=\"og:image\" content=\"https:\/\/www.toydarians.com\/wp-content\/uploads\/2022\/09\/4af0319a-ad4e-46f6-88e8-b4dab997e243.jpg\" \/>\n\t<meta property=\"og:image:width\" content=\"750\" \/>\n\t<meta property=\"og:image:height\" content=\"750\" \/>\n\t<meta property=\"og:image:type\" content=\"image\/jpeg\" \/>\n<meta name=\"twitter:card\" content=\"summary_large_image\" \/>\n<meta name=\"twitter:label1\" content=\"Tiempo de lectura\" \/>\n\t<meta name=\"twitter:data1\" content=\"1 minuto\" \/>\n<script type=\"application\/ld+json\" class=\"yoast-schema-graph\">{\"@context\":\"https:\/\/schema.org\",\"@graph\":[{\"@type\":\"WebPage\",\"@id\":\"https:\/\/www.toydarians.com\/?product=super-7-mercyful-fate-ultimates-king-diamond-7\",\"url\":\"https:\/\/www.toydarians.com\/?product=super-7-mercyful-fate-ultimates-king-diamond-7\",\"name\":\"Super 7 - Mercyful Fate Ultimates! - King Diamond - 7\\\" &#8902; Toydarians\",\"isPartOf\":{\"@id\":\"https:\/\/www.toydarians.com\/#website\"},\"datePublished\":\"2022-09-06T20:40:48+00:00\",\"dateModified\":\"2022-09-15T19:03:56+00:00\",\"breadcrumb\":{\"@id\":\"https:\/\/www.toydarians.com\/?product=super-7-mercyful-fate-ultimates-king-diamond-7#breadcrumb\"},\"inLanguage\":\"es\",\"potentialAction\":[{\"@type\":\"ReadAction\",\"target\":[\"https:\/\/www.toydarians.com\/?product=super-7-mercyful-fate-ultimates-king-diamond-7\"]}]},{\"@type\":\"BreadcrumbList\",\"@id\":\"https:\/\/www.toydarians.com\/?product=super-7-mercyful-fate-ultimates-king-diamond-7#breadcrumb\",\"itemListElement\":[{\"@type\":\"ListItem\",\"position\":1,\"name\":\"Portada\",\"item\":\"https:\/\/www.toydarians.com\/\"},{\"@type\":\"ListItem\",\"position\":2,\"name\":\"Shop\",\"item\":\"https:\/\/www.toydarians.com\/?page_id=64\"},{\"@type\":\"ListItem\",\"position\":3,\"name\":\"Super 7 &#8211; Mercyful Fate Ultimates! &#8211; King Diamond &#8211; 7&#8243;\"}]},{\"@type\":\"WebSite\",\"@id\":\"https:\/\/www.toydarians.com\/#website\",\"url\":\"https:\/\/www.toydarians.com\/\",\"name\":\"Toydarians\",\"description\":\"Juguetes y mas all\u00e1!\",\"publisher\":{\"@id\":\"https:\/\/www.toydarians.com\/#organization\"},\"potentialAction\":[{\"@type\":\"SearchAction\",\"target\":{\"@type\":\"EntryPoint\",\"urlTemplate\":\"https:\/\/www.toydarians.com\/?s={search_term_string}\"},\"query-input\":\"required name=search_term_string\"}],\"inLanguage\":\"es\"},{\"@type\":\"Organization\",\"@id\":\"https:\/\/www.toydarians.com\/#organization\",\"name\":\"TOYDARIANS\",\"url\":\"https:\/\/www.toydarians.com\/\",\"sameAs\":[],\"logo\":{\"@type\":\"ImageObject\",\"inLanguage\":\"es\",\"@id\":\"https:\/\/www.toydarians.com\/#\/schema\/logo\/image\/\",\"url\":\"https:\/\/www.toydarians.com\/wp-content\/uploads\/2022\/07\/Toydarians_Aurebesh_02-e1657918368536.png\",\"contentUrl\":\"https:\/\/www.toydarians.com\/wp-content\/uploads\/2022\/07\/Toydarians_Aurebesh_02-e1657918368536.png\",\"width\":1890,\"height\":571,\"caption\":\"TOYDARIANS\"},\"image\":{\"@id\":\"https:\/\/www.toydarians.com\/#\/schema\/logo\/image\/\"}}]}<\/script>\n<!-- \/ Yoast SEO plugin. -->","yoast_head_json":{"title":"Super 7 - Mercyful Fate Ultimates! - King Diamond - 7\" &#8902; Toydarians","robots":{"index":"index","follow":"follow","max-snippet":"max-snippet:-1","max-image-preview":"max-image-preview:large","max-video-preview":"max-video-preview:-1"},"canonical":"https:\/\/www.toydarians.com\/?product=super-7-mercyful-fate-ultimates-king-diamond-7","og_locale":"es_ES","og_type":"article","og_title":"Super 7 - Mercyful Fate Ultimates! - King Diamond - 7\" &#8902; Toydarians","og_description":"King Diamond","og_url":"https:\/\/www.toydarians.com\/?product=super-7-mercyful-fate-ultimates-king-diamond-7","og_site_name":"Toydarians","article_modified_time":"2022-09-15T19:03:56+00:00","og_image":[{"width":750,"height":750,"url":"https:\/\/www.toydarians.com\/wp-content\/uploads\/2022\/09\/4af0319a-ad4e-46f6-88e8-b4dab997e243.jpg","type":"image\/jpeg"}],"twitter_card":"summary_large_image","twitter_misc":{"Tiempo de lectura":"1 minuto"},"schema":{"@context":"https:\/\/schema.org","@graph":[{"@type":"WebPage","@id":"https:\/\/www.toydarians.com\/?product=super-7-mercyful-fate-ultimates-king-diamond-7","url":"https:\/\/www.toydarians.com\/?product=super-7-mercyful-fate-ultimates-king-diamond-7","name":"Super 7 - Mercyful Fate Ultimates! - King Diamond - 7\" &#8902; Toydarians","isPartOf":{"@id":"https:\/\/www.toydarians.com\/#website"},"datePublished":"2022-09-06T20:40:48+00:00","dateModified":"2022-09-15T19:03:56+00:00","breadcrumb":{"@id":"https:\/\/www.toydarians.com\/?product=super-7-mercyful-fate-ultimates-king-diamond-7#breadcrumb"},"inLanguage":"es","potentialAction":[{"@type":"ReadAction","target":["https:\/\/www.toydarians.com\/?product=super-7-mercyful-fate-ultimates-king-diamond-7"]}]},{"@type":"BreadcrumbList","@id":"https:\/\/www.toydarians.com\/?product=super-7-mercyful-fate-ultimates-king-diamond-7#breadcrumb","itemListElement":[{"@type":"ListItem","position":1,"name":"Portada","item":"https:\/\/www.toydarians.com\/"},{"@type":"ListItem","position":2,"name":"Shop","item":"https:\/\/www.toydarians.com\/?page_id=64"},{"@type":"ListItem","position":3,"name":"Super 7 &#8211; Mercyful Fate Ultimates! &#8211; King Diamond &#8211; 7&#8243;"}]},{"@type":"WebSite","@id":"https:\/\/www.toydarians.com\/#website","url":"https:\/\/www.toydarians.com\/","name":"Toydarians","description":"Juguetes y mas all\u00e1!","publisher":{"@id":"https:\/\/www.toydarians.com\/#organization"},"potentialAction":[{"@type":"SearchAction","target":{"@type":"EntryPoint","urlTemplate":"https:\/\/www.toydarians.com\/?s={search_term_string}"},"query-input":"required name=search_term_string"}],"inLanguage":"es"},{"@type":"Organization","@id":"https:\/\/www.toydarians.com\/#organization","name":"TOYDARIANS","url":"https:\/\/www.toydarians.com\/","sameAs":[],"logo":{"@type":"ImageObject","inLanguage":"es","@id":"https:\/\/www.toydarians.com\/#\/schema\/logo\/image\/","url":"https:\/\/www.toydarians.com\/wp-content\/uploads\/2022\/07\/Toydarians_Aurebesh_02-e1657918368536.png","contentUrl":"https:\/\/www.toydarians.com\/wp-content\/uploads\/2022\/07\/Toydarians_Aurebesh_02-e1657918368536.png","width":1890,"height":571,"caption":"TOYDARIANS"},"image":{"@id":"https:\/\/www.toydarians.com\/#\/schema\/logo\/image\/"}}]}},"_links":{"self":[{"href":"https:\/\/www.toydarians.com\/index.php?rest_route=\/wp\/v2\/product\/2438"}],"collection":[{"href":"https:\/\/www.toydarians.com\/index.php?rest_route=\/wp\/v2\/product"}],"about":[{"href":"https:\/\/www.toydarians.com\/index.php?rest_route=\/wp\/v2\/types\/product"}],"replies":[{"embeddable":true,"href":"https:\/\/www.toydarians.com\/index.php?rest_route=%2Fwp%2Fv2%2Fcomments&post=2438"}],"version-history":[{"count":0,"href":"https:\/\/www.toydarians.com\/index.php?rest_route=\/wp\/v2\/product\/2438\/revisions"}],"wp:featuredmedia":[{"embeddable":true,"href":"https:\/\/www.toydarians.com\/index.php?rest_route=\/wp\/v2\/media\/2443"}],"wp:attachment":[{"href":"https:\/\/www.toydarians.com\/index.php?rest_route=%2Fwp%2Fv2%2Fmedia&parent=2438"}],"wp:term":[{"taxonomy":"product_cat","embeddable":true,"href":"https:\/\/www.toydarians.com\/index.php?rest_route=%2Fwp%2Fv2%2Fproduct_cat&post=2438"},{"taxonomy":"product_tag","embeddable":true,"href":"https:\/\/www.toydarians.com\/index.php?rest_route=%2Fwp%2Fv2%2Fproduct_tag&post=2438"}],"curies":[{"name":"wp","href":"https:\/\/api.w.org\/{rel}","templated":true}]}}