{"id":1885,"date":"2022-08-25T18:19:22","date_gmt":"2022-08-25T23:19:22","guid":{"rendered":"https:\/\/www.toydarians.com\/?post_type=product&#038;p=1885"},"modified":"2022-09-23T11:44:09","modified_gmt":"2022-09-23T16:44:09","slug":"hasbro-g-i-joe-classified-series-cobra-commander-6","status":"publish","type":"product","link":"https:\/\/www.toydarians.com\/?product=hasbro-g-i-joe-classified-series-cobra-commander-6","title":{"rendered":"Hasbro &#8211; G.I Joe Classified Series &#8211; Cobra Commander"},"content":{"rendered":"<p>Esta figura de Cobra Commander viene lista para la acci\u00f3n, con m\u00faltiples puntos de articulaci\u00f3n para una alta poseabilidad y accesorios inspirados en el personaje, incluida su espada caracter\u00edstica.\u00a0Y con obras de arte personalizadas de Dan Mumford, el paquete Cobra Commander de la serie GI Joe Classified dejar\u00e1 una marca en los estantes.<\/p>\n<h3><strong>Incluye: <\/strong><\/h3>\n<ul>\n<li>Figura Cobra Commander<\/li>\n<li>5 accesorios.<\/li>\n<\/ul>\n","protected":false},"excerpt":{"rendered":"<h3><strong>Classified Series<\/strong><\/h3>\n","protected":false},"featured_media":1895,"comment_status":"open","ping_status":"closed","template":"","meta":[],"product_cat":[314,313,69],"product_tag":[264,318,316,315,317],"yoast_head":"<!-- This site is optimized with the Yoast SEO plugin v19.6.1 - https:\/\/yoast.com\/wordpress\/plugins\/seo\/ -->\n<title>Hasbro - G.I Joe Classified Series - Cobra Commander &#8902; Toydarians<\/title>\n<meta name=\"robots\" content=\"index, follow, max-snippet:-1, max-image-preview:large, max-video-preview:-1\" \/>\n<link rel=\"canonical\" href=\"https:\/\/www.toydarians.com\/?product=hasbro-g-i-joe-classified-series-cobra-commander-6\" \/>\n<meta property=\"og:locale\" content=\"es_ES\" \/>\n<meta property=\"og:type\" content=\"article\" \/>\n<meta property=\"og:title\" content=\"Hasbro - G.I Joe Classified Series - Cobra Commander &#8902; Toydarians\" \/>\n<meta property=\"og:description\" content=\"Classified Series\" \/>\n<meta property=\"og:url\" content=\"https:\/\/www.toydarians.com\/?product=hasbro-g-i-joe-classified-series-cobra-commander-6\" \/>\n<meta property=\"og:site_name\" content=\"Toydarians\" \/>\n<meta property=\"article:modified_time\" content=\"2022-09-23T16:44:09+00:00\" \/>\n<meta property=\"og:image\" content=\"https:\/\/www.toydarians.com\/wp-content\/uploads\/2022\/08\/E84975L00_5010993725663_main_20_Large_300DPI_2000x.webp\" \/>\n\t<meta property=\"og:image:width\" content=\"2000\" \/>\n\t<meta property=\"og:image:height\" content=\"2000\" \/>\n\t<meta property=\"og:image:type\" content=\"image\/webp\" \/>\n<meta name=\"twitter:card\" content=\"summary_large_image\" \/>\n<meta name=\"twitter:label1\" content=\"Tiempo de lectura\" \/>\n\t<meta name=\"twitter:data1\" content=\"1 minuto\" \/>\n<script type=\"application\/ld+json\" class=\"yoast-schema-graph\">{\"@context\":\"https:\/\/schema.org\",\"@graph\":[{\"@type\":\"WebPage\",\"@id\":\"https:\/\/www.toydarians.com\/?product=hasbro-g-i-joe-classified-series-cobra-commander-6\",\"url\":\"https:\/\/www.toydarians.com\/?product=hasbro-g-i-joe-classified-series-cobra-commander-6\",\"name\":\"Hasbro - G.I Joe Classified Series - Cobra Commander &#8902; Toydarians\",\"isPartOf\":{\"@id\":\"https:\/\/www.toydarians.com\/#website\"},\"datePublished\":\"2022-08-25T23:19:22+00:00\",\"dateModified\":\"2022-09-23T16:44:09+00:00\",\"breadcrumb\":{\"@id\":\"https:\/\/www.toydarians.com\/?product=hasbro-g-i-joe-classified-series-cobra-commander-6#breadcrumb\"},\"inLanguage\":\"es\",\"potentialAction\":[{\"@type\":\"ReadAction\",\"target\":[\"https:\/\/www.toydarians.com\/?product=hasbro-g-i-joe-classified-series-cobra-commander-6\"]}]},{\"@type\":\"BreadcrumbList\",\"@id\":\"https:\/\/www.toydarians.com\/?product=hasbro-g-i-joe-classified-series-cobra-commander-6#breadcrumb\",\"itemListElement\":[{\"@type\":\"ListItem\",\"position\":1,\"name\":\"Portada\",\"item\":\"https:\/\/www.toydarians.com\/\"},{\"@type\":\"ListItem\",\"position\":2,\"name\":\"Shop\",\"item\":\"https:\/\/www.toydarians.com\/?page_id=64\"},{\"@type\":\"ListItem\",\"position\":3,\"name\":\"Hasbro &#8211; G.I Joe Classified Series &#8211; Cobra Commander\"}]},{\"@type\":\"WebSite\",\"@id\":\"https:\/\/www.toydarians.com\/#website\",\"url\":\"https:\/\/www.toydarians.com\/\",\"name\":\"Toydarians\",\"description\":\"Juguetes y mas all\u00e1!\",\"publisher\":{\"@id\":\"https:\/\/www.toydarians.com\/#organization\"},\"potentialAction\":[{\"@type\":\"SearchAction\",\"target\":{\"@type\":\"EntryPoint\",\"urlTemplate\":\"https:\/\/www.toydarians.com\/?s={search_term_string}\"},\"query-input\":\"required name=search_term_string\"}],\"inLanguage\":\"es\"},{\"@type\":\"Organization\",\"@id\":\"https:\/\/www.toydarians.com\/#organization\",\"name\":\"TOYDARIANS\",\"url\":\"https:\/\/www.toydarians.com\/\",\"sameAs\":[],\"logo\":{\"@type\":\"ImageObject\",\"inLanguage\":\"es\",\"@id\":\"https:\/\/www.toydarians.com\/#\/schema\/logo\/image\/\",\"url\":\"https:\/\/www.toydarians.com\/wp-content\/uploads\/2022\/07\/Toydarians_Aurebesh_02-e1657918368536.png\",\"contentUrl\":\"https:\/\/www.toydarians.com\/wp-content\/uploads\/2022\/07\/Toydarians_Aurebesh_02-e1657918368536.png\",\"width\":1890,\"height\":571,\"caption\":\"TOYDARIANS\"},\"image\":{\"@id\":\"https:\/\/www.toydarians.com\/#\/schema\/logo\/image\/\"}}]}<\/script>\n<!-- \/ Yoast SEO plugin. -->","yoast_head_json":{"title":"Hasbro - G.I Joe Classified Series - Cobra Commander &#8902; Toydarians","robots":{"index":"index","follow":"follow","max-snippet":"max-snippet:-1","max-image-preview":"max-image-preview:large","max-video-preview":"max-video-preview:-1"},"canonical":"https:\/\/www.toydarians.com\/?product=hasbro-g-i-joe-classified-series-cobra-commander-6","og_locale":"es_ES","og_type":"article","og_title":"Hasbro - G.I Joe Classified Series - Cobra Commander &#8902; Toydarians","og_description":"Classified Series","og_url":"https:\/\/www.toydarians.com\/?product=hasbro-g-i-joe-classified-series-cobra-commander-6","og_site_name":"Toydarians","article_modified_time":"2022-09-23T16:44:09+00:00","og_image":[{"width":2000,"height":2000,"url":"https:\/\/www.toydarians.com\/wp-content\/uploads\/2022\/08\/E84975L00_5010993725663_main_20_Large_300DPI_2000x.webp","type":"image\/webp"}],"twitter_card":"summary_large_image","twitter_misc":{"Tiempo de lectura":"1 minuto"},"schema":{"@context":"https:\/\/schema.org","@graph":[{"@type":"WebPage","@id":"https:\/\/www.toydarians.com\/?product=hasbro-g-i-joe-classified-series-cobra-commander-6","url":"https:\/\/www.toydarians.com\/?product=hasbro-g-i-joe-classified-series-cobra-commander-6","name":"Hasbro - G.I Joe Classified Series - Cobra Commander &#8902; Toydarians","isPartOf":{"@id":"https:\/\/www.toydarians.com\/#website"},"datePublished":"2022-08-25T23:19:22+00:00","dateModified":"2022-09-23T16:44:09+00:00","breadcrumb":{"@id":"https:\/\/www.toydarians.com\/?product=hasbro-g-i-joe-classified-series-cobra-commander-6#breadcrumb"},"inLanguage":"es","potentialAction":[{"@type":"ReadAction","target":["https:\/\/www.toydarians.com\/?product=hasbro-g-i-joe-classified-series-cobra-commander-6"]}]},{"@type":"BreadcrumbList","@id":"https:\/\/www.toydarians.com\/?product=hasbro-g-i-joe-classified-series-cobra-commander-6#breadcrumb","itemListElement":[{"@type":"ListItem","position":1,"name":"Portada","item":"https:\/\/www.toydarians.com\/"},{"@type":"ListItem","position":2,"name":"Shop","item":"https:\/\/www.toydarians.com\/?page_id=64"},{"@type":"ListItem","position":3,"name":"Hasbro &#8211; G.I Joe Classified Series &#8211; Cobra Commander"}]},{"@type":"WebSite","@id":"https:\/\/www.toydarians.com\/#website","url":"https:\/\/www.toydarians.com\/","name":"Toydarians","description":"Juguetes y mas all\u00e1!","publisher":{"@id":"https:\/\/www.toydarians.com\/#organization"},"potentialAction":[{"@type":"SearchAction","target":{"@type":"EntryPoint","urlTemplate":"https:\/\/www.toydarians.com\/?s={search_term_string}"},"query-input":"required name=search_term_string"}],"inLanguage":"es"},{"@type":"Organization","@id":"https:\/\/www.toydarians.com\/#organization","name":"TOYDARIANS","url":"https:\/\/www.toydarians.com\/","sameAs":[],"logo":{"@type":"ImageObject","inLanguage":"es","@id":"https:\/\/www.toydarians.com\/#\/schema\/logo\/image\/","url":"https:\/\/www.toydarians.com\/wp-content\/uploads\/2022\/07\/Toydarians_Aurebesh_02-e1657918368536.png","contentUrl":"https:\/\/www.toydarians.com\/wp-content\/uploads\/2022\/07\/Toydarians_Aurebesh_02-e1657918368536.png","width":1890,"height":571,"caption":"TOYDARIANS"},"image":{"@id":"https:\/\/www.toydarians.com\/#\/schema\/logo\/image\/"}}]}},"_links":{"self":[{"href":"https:\/\/www.toydarians.com\/index.php?rest_route=\/wp\/v2\/product\/1885"}],"collection":[{"href":"https:\/\/www.toydarians.com\/index.php?rest_route=\/wp\/v2\/product"}],"about":[{"href":"https:\/\/www.toydarians.com\/index.php?rest_route=\/wp\/v2\/types\/product"}],"replies":[{"embeddable":true,"href":"https:\/\/www.toydarians.com\/index.php?rest_route=%2Fwp%2Fv2%2Fcomments&post=1885"}],"version-history":[{"count":0,"href":"https:\/\/www.toydarians.com\/index.php?rest_route=\/wp\/v2\/product\/1885\/revisions"}],"wp:featuredmedia":[{"embeddable":true,"href":"https:\/\/www.toydarians.com\/index.php?rest_route=\/wp\/v2\/media\/1895"}],"wp:attachment":[{"href":"https:\/\/www.toydarians.com\/index.php?rest_route=%2Fwp%2Fv2%2Fmedia&parent=1885"}],"wp:term":[{"taxonomy":"product_cat","embeddable":true,"href":"https:\/\/www.toydarians.com\/index.php?rest_route=%2Fwp%2Fv2%2Fproduct_cat&post=1885"},{"taxonomy":"product_tag","embeddable":true,"href":"https:\/\/www.toydarians.com\/index.php?rest_route=%2Fwp%2Fv2%2Fproduct_tag&post=1885"}],"curies":[{"name":"wp","href":"https:\/\/api.w.org\/{rel}","templated":true}]}}