{"id":1873,"date":"2022-08-26T12:47:37","date_gmt":"2022-08-26T17:47:37","guid":{"rendered":"https:\/\/www.toydarians.com\/?post_type=product&#038;p=1873"},"modified":"2023-07-27T14:03:31","modified_gmt":"2023-07-27T20:03:31","slug":"star-wars-the-droids-artoo-detoo-r2d2","status":"publish","type":"product","link":"https:\/\/www.toydarians.com\/?product=star-wars-the-droids-artoo-detoo-r2d2","title":{"rendered":"Vintage Collection &#8211; Droids &#8211; ARTOO-DETOO &#8211; R2D2"},"content":{"rendered":"<div class=\"row\">\n<div class=\"col-md-12\">\n<h1><strong>DESCRIPCI\u00d3N DEL PRODUCTO\u00a0<\/strong><\/h1>\n<div class=\"\" data-block=\"true\" data-editor=\"2vpk0\" data-offset-key=\"8cuf2-0-0\">\n<h3 class=\"_1mf _1mj\" data-offset-key=\"8cuf2-0-0\"><strong>ARTOO-DETOO \u2013 R2D2<\/strong><\/h3>\n<\/div>\n<div class=\"\" data-block=\"true\" data-editor=\"2vpk0\" data-offset-key=\"2pqui-0-0\">\n<div class=\"_1mf _1mj\" data-offset-key=\"2pqui-0-0\"><span data-offset-key=\"2pqui-0-0\">\u00a0<\/span><\/div>\n<\/div>\n<div class=\"\" data-block=\"true\" data-editor=\"2vpk0\" data-offset-key=\"48uus-0-0\">\n<div class=\"_1mf _1mj\" data-offset-key=\"48uus-0-0\"><span data-offset-key=\"48uus-0-0\">R2-D2, pronunciado Artoo-Detoo y a menudo referido como R2 (Artoo), fue un droide astromec\u00e1nico de la serie R2 fabricado por Industrial Automaton con programaci\u00f3n masculina. <\/span><\/div>\n<\/div>\n<div class=\"\" data-block=\"true\" data-editor=\"2vpk0\" data-offset-key=\"a3cc4-0-0\">\n<div class=\"_1mf _1mj\" data-offset-key=\"a3cc4-0-0\"><span data-offset-key=\"a3cc4-0-0\">\u00a0<\/span><\/div>\n<\/div>\n<div class=\"\" data-block=\"true\" data-editor=\"2vpk0\" data-offset-key=\"90toe-0-0\">\n<div class=\"_1mf _1mj\" data-offset-key=\"90toe-0-0\"><span data-offset-key=\"90toe-0-0\">Un droide inteligente y valiente que servir\u00eda a una multitud de maestros a lo largo de su vida, R2-D2 nunca recibi\u00f3 un borrado completo de memoria ni recibi\u00f3 nueva programaci\u00f3n, con estos factores resultando en una actitud aventurera e independiente. <\/span><\/div>\n<\/div>\n<div class=\"\" data-block=\"true\" data-editor=\"2vpk0\" data-offset-key=\"1bfmk-0-0\">\n<div class=\"_1mf _1mj\" data-offset-key=\"1bfmk-0-0\"><span data-offset-key=\"1bfmk-0-0\">\u00a0<\/span><\/div>\n<\/div>\n<div class=\"\" data-block=\"true\" data-editor=\"2vpk0\" data-offset-key=\"3vi9q-0-0\">\n<div class=\"_1mf _1mj\" data-offset-key=\"3vi9q-0-0\"><span data-offset-key=\"3vi9q-0-0\">A menudo encontr\u00e1ndose en momentos cruciales en la historia gal\u00e1ctica, su valent\u00eda e ingenio salvaron a la galaxia en numerosas ocasiones.<\/span><\/div>\n<\/div>\n<div class=\"\" data-block=\"true\" data-editor=\"2vpk0\" data-offset-key=\"8bm66-0-0\">\n<div class=\"_1mf _1mj\" data-offset-key=\"8bm66-0-0\"><span data-offset-key=\"8bm66-0-0\">\u00a0<\/span><\/div>\n<\/div>\n<div class=\"\" data-block=\"true\" data-editor=\"2vpk0\" data-offset-key=\"b61l9-0-0\">\n<div class=\"_1mf _1mj\" data-offset-key=\"b61l9-0-0\"><span data-offset-key=\"b61l9-0-0\">Comenzando su servicio al servicio de la Reina Amidala de Naboo, R2-D2 termin\u00f3 sirviendo al Caballero Jedi Anakin Skywalker durante los \u00faltimos a\u00f1os de la Rep\u00fablica Gal\u00e1ctica, a menudo acompa\u00f1ado por el droide de protocolo C-3PO en muchas aventuras a lo largo de las Guerras Clon<\/span><\/div>\n<\/div>\n<\/div>\n<\/div>\n<div class=\"row\">\n<div class=\"col-md-12\">\n<div class=\"well well-sm\">\n<h3><\/h3>\n<h3 class=\"ada-product-h2\"><strong>Caracter\u00edsticas del producto<\/strong><\/h3>\n<ul>\n<li>Escala de 3,75 pulgadas (9,52 cm)<\/li>\n<li>Hecho de pl\u00e1stico<\/li>\n<li>Embalaje de inspiraci\u00f3n vintage<\/li>\n<li>Presenta un dise\u00f1o premium<\/li>\n<li>M\u00faltiples puntos de articulaci\u00f3n<\/li>\n<li>Colecciona otras figuras de Star Wars Vintage Collection para ampliar tu colecci\u00f3n de Star Wars.<\/li>\n<li>Exclusivo<\/li>\n<\/ul>\n<\/div>\n<\/div>\n<\/div>\n<div class=\"row\">\n<div class=\"col-md-12\">\n<div class=\"well well-sm\">\n<h3 class=\"ada-product-h2\"><strong>Contenido de la caja<\/strong><\/h3>\n<ul>\n<li>Figura R2D2<\/li>\n<li>Monda<\/li>\n<\/ul>\n<\/div>\n<p>&nbsp;<\/p>\n<p>&nbsp;<\/p>\n<p><img loading=\"lazy\" class=\"\" src=\"https:\/\/www.toydarians.com\/wp-content\/uploads\/2023\/02\/Hasbro-Logo-706x400.png\" width=\"300\" height=\"170\" \/>\u00a0 \u00a0 \u00a0 \u00a0 \u00a0 \u00a0 \u00a0 \u00a0 \u00a0 \u00a0 \u00a0 \u00a0 \u00a0 \u00a0 \u00a0 \u00a0 \u00a0 \u00a0 \u00a0 \u00a0 \u00a0 \u00a0 \u00a0 \u00a0 \u00a0 \u00a0 \u00a0 \u00a0 \u00a0 \u00a0 \u00a0 \u00a0 \u00a0 \u00a0 \u00a0 \u00a0 \u00a0 \u00a0 \u00a0 \u00a0 \u00a0 \u00a0 \u00a0 \u00a0 \u00a0 \u00a0 \u00a0 \u00a0 \u00a0 \u00a0 \u00a0 \u00a0 \u00a0 \u00a0 \u00a0 \u00a0 \u00a0 \u00a0 \u00a0 \u00a0 \u00a0 \u00a0 \u00a0 \u00a0 \u00a0 \u00a0 \u00a0 \u00a0<img loading=\"lazy\" class=\"\" style=\"font-size: 14.4px;\" src=\"https:\/\/www.toydarians.com\/wp-content\/uploads\/2023\/02\/The-Vintage-Collection-800x346.png\" width=\"335\" height=\"145\" \/><span style=\"font-size: 14.4px;\">\u00a0<\/span><\/p>\n<\/div>\n<\/div>\n","protected":false},"excerpt":{"rendered":"<h3><strong>The Vintage Collection<\/strong><\/h3>\n","protected":false},"featured_media":1989,"comment_status":"open","ping_status":"closed","template":"","meta":[],"product_cat":[69,70,81,77],"product_tag":[105,106,300,113,298,299],"yoast_head":"<!-- This site is optimized with the Yoast SEO plugin v19.6.1 - https:\/\/yoast.com\/wordpress\/plugins\/seo\/ -->\n<title>Vintage Collection - Droids - ARTOO-DETOO - R2D2 &#8902; Toydarians<\/title>\n<meta name=\"robots\" content=\"index, follow, max-snippet:-1, max-image-preview:large, max-video-preview:-1\" \/>\n<link rel=\"canonical\" href=\"https:\/\/www.toydarians.com\/?product=star-wars-the-droids-artoo-detoo-r2d2\" \/>\n<meta property=\"og:locale\" content=\"es_ES\" \/>\n<meta property=\"og:type\" content=\"article\" \/>\n<meta property=\"og:title\" content=\"Vintage Collection - Droids - ARTOO-DETOO - R2D2 &#8902; Toydarians\" \/>\n<meta property=\"og:description\" content=\"The Vintage Collection\" \/>\n<meta property=\"og:url\" content=\"https:\/\/www.toydarians.com\/?product=star-wars-the-droids-artoo-detoo-r2d2\" \/>\n<meta property=\"og:site_name\" content=\"Toydarians\" \/>\n<meta property=\"article:modified_time\" content=\"2023-07-27T20:03:31+00:00\" \/>\n<meta property=\"og:image\" content=\"https:\/\/www.toydarians.com\/wp-content\/uploads\/2022\/08\/R2D2-1.webp\" \/>\n\t<meta property=\"og:image:width\" content=\"1024\" \/>\n\t<meta property=\"og:image:height\" content=\"1024\" \/>\n\t<meta property=\"og:image:type\" content=\"image\/webp\" \/>\n<meta name=\"twitter:card\" content=\"summary_large_image\" \/>\n<meta name=\"twitter:label1\" content=\"Tiempo de lectura\" \/>\n\t<meta name=\"twitter:data1\" content=\"2 minutos\" \/>\n<script type=\"application\/ld+json\" class=\"yoast-schema-graph\">{\"@context\":\"https:\/\/schema.org\",\"@graph\":[{\"@type\":\"WebPage\",\"@id\":\"https:\/\/www.toydarians.com\/?product=star-wars-the-droids-artoo-detoo-r2d2\",\"url\":\"https:\/\/www.toydarians.com\/?product=star-wars-the-droids-artoo-detoo-r2d2\",\"name\":\"Vintage Collection - Droids - ARTOO-DETOO - R2D2 &#8902; Toydarians\",\"isPartOf\":{\"@id\":\"https:\/\/www.toydarians.com\/#website\"},\"datePublished\":\"2022-08-26T17:47:37+00:00\",\"dateModified\":\"2023-07-27T20:03:31+00:00\",\"breadcrumb\":{\"@id\":\"https:\/\/www.toydarians.com\/?product=star-wars-the-droids-artoo-detoo-r2d2#breadcrumb\"},\"inLanguage\":\"es\",\"potentialAction\":[{\"@type\":\"ReadAction\",\"target\":[\"https:\/\/www.toydarians.com\/?product=star-wars-the-droids-artoo-detoo-r2d2\"]}]},{\"@type\":\"BreadcrumbList\",\"@id\":\"https:\/\/www.toydarians.com\/?product=star-wars-the-droids-artoo-detoo-r2d2#breadcrumb\",\"itemListElement\":[{\"@type\":\"ListItem\",\"position\":1,\"name\":\"Portada\",\"item\":\"https:\/\/www.toydarians.com\/\"},{\"@type\":\"ListItem\",\"position\":2,\"name\":\"Shop\",\"item\":\"https:\/\/www.toydarians.com\/?page_id=64\"},{\"@type\":\"ListItem\",\"position\":3,\"name\":\"Vintage Collection &#8211; Droids &#8211; ARTOO-DETOO &#8211; R2D2\"}]},{\"@type\":\"WebSite\",\"@id\":\"https:\/\/www.toydarians.com\/#website\",\"url\":\"https:\/\/www.toydarians.com\/\",\"name\":\"Toydarians\",\"description\":\"Juguetes y mas all\u00e1!\",\"publisher\":{\"@id\":\"https:\/\/www.toydarians.com\/#organization\"},\"potentialAction\":[{\"@type\":\"SearchAction\",\"target\":{\"@type\":\"EntryPoint\",\"urlTemplate\":\"https:\/\/www.toydarians.com\/?s={search_term_string}\"},\"query-input\":\"required name=search_term_string\"}],\"inLanguage\":\"es\"},{\"@type\":\"Organization\",\"@id\":\"https:\/\/www.toydarians.com\/#organization\",\"name\":\"TOYDARIANS\",\"url\":\"https:\/\/www.toydarians.com\/\",\"sameAs\":[],\"logo\":{\"@type\":\"ImageObject\",\"inLanguage\":\"es\",\"@id\":\"https:\/\/www.toydarians.com\/#\/schema\/logo\/image\/\",\"url\":\"https:\/\/www.toydarians.com\/wp-content\/uploads\/2022\/07\/Toydarians_Aurebesh_02-e1657918368536.png\",\"contentUrl\":\"https:\/\/www.toydarians.com\/wp-content\/uploads\/2022\/07\/Toydarians_Aurebesh_02-e1657918368536.png\",\"width\":1890,\"height\":571,\"caption\":\"TOYDARIANS\"},\"image\":{\"@id\":\"https:\/\/www.toydarians.com\/#\/schema\/logo\/image\/\"}}]}<\/script>\n<!-- \/ Yoast SEO plugin. -->","yoast_head_json":{"title":"Vintage Collection - Droids - ARTOO-DETOO - R2D2 &#8902; Toydarians","robots":{"index":"index","follow":"follow","max-snippet":"max-snippet:-1","max-image-preview":"max-image-preview:large","max-video-preview":"max-video-preview:-1"},"canonical":"https:\/\/www.toydarians.com\/?product=star-wars-the-droids-artoo-detoo-r2d2","og_locale":"es_ES","og_type":"article","og_title":"Vintage Collection - Droids - ARTOO-DETOO - R2D2 &#8902; Toydarians","og_description":"The Vintage Collection","og_url":"https:\/\/www.toydarians.com\/?product=star-wars-the-droids-artoo-detoo-r2d2","og_site_name":"Toydarians","article_modified_time":"2023-07-27T20:03:31+00:00","og_image":[{"width":1024,"height":1024,"url":"https:\/\/www.toydarians.com\/wp-content\/uploads\/2022\/08\/R2D2-1.webp","type":"image\/webp"}],"twitter_card":"summary_large_image","twitter_misc":{"Tiempo de lectura":"2 minutos"},"schema":{"@context":"https:\/\/schema.org","@graph":[{"@type":"WebPage","@id":"https:\/\/www.toydarians.com\/?product=star-wars-the-droids-artoo-detoo-r2d2","url":"https:\/\/www.toydarians.com\/?product=star-wars-the-droids-artoo-detoo-r2d2","name":"Vintage Collection - Droids - ARTOO-DETOO - R2D2 &#8902; Toydarians","isPartOf":{"@id":"https:\/\/www.toydarians.com\/#website"},"datePublished":"2022-08-26T17:47:37+00:00","dateModified":"2023-07-27T20:03:31+00:00","breadcrumb":{"@id":"https:\/\/www.toydarians.com\/?product=star-wars-the-droids-artoo-detoo-r2d2#breadcrumb"},"inLanguage":"es","potentialAction":[{"@type":"ReadAction","target":["https:\/\/www.toydarians.com\/?product=star-wars-the-droids-artoo-detoo-r2d2"]}]},{"@type":"BreadcrumbList","@id":"https:\/\/www.toydarians.com\/?product=star-wars-the-droids-artoo-detoo-r2d2#breadcrumb","itemListElement":[{"@type":"ListItem","position":1,"name":"Portada","item":"https:\/\/www.toydarians.com\/"},{"@type":"ListItem","position":2,"name":"Shop","item":"https:\/\/www.toydarians.com\/?page_id=64"},{"@type":"ListItem","position":3,"name":"Vintage Collection &#8211; Droids &#8211; ARTOO-DETOO &#8211; R2D2"}]},{"@type":"WebSite","@id":"https:\/\/www.toydarians.com\/#website","url":"https:\/\/www.toydarians.com\/","name":"Toydarians","description":"Juguetes y mas all\u00e1!","publisher":{"@id":"https:\/\/www.toydarians.com\/#organization"},"potentialAction":[{"@type":"SearchAction","target":{"@type":"EntryPoint","urlTemplate":"https:\/\/www.toydarians.com\/?s={search_term_string}"},"query-input":"required name=search_term_string"}],"inLanguage":"es"},{"@type":"Organization","@id":"https:\/\/www.toydarians.com\/#organization","name":"TOYDARIANS","url":"https:\/\/www.toydarians.com\/","sameAs":[],"logo":{"@type":"ImageObject","inLanguage":"es","@id":"https:\/\/www.toydarians.com\/#\/schema\/logo\/image\/","url":"https:\/\/www.toydarians.com\/wp-content\/uploads\/2022\/07\/Toydarians_Aurebesh_02-e1657918368536.png","contentUrl":"https:\/\/www.toydarians.com\/wp-content\/uploads\/2022\/07\/Toydarians_Aurebesh_02-e1657918368536.png","width":1890,"height":571,"caption":"TOYDARIANS"},"image":{"@id":"https:\/\/www.toydarians.com\/#\/schema\/logo\/image\/"}}]}},"_links":{"self":[{"href":"https:\/\/www.toydarians.com\/index.php?rest_route=\/wp\/v2\/product\/1873"}],"collection":[{"href":"https:\/\/www.toydarians.com\/index.php?rest_route=\/wp\/v2\/product"}],"about":[{"href":"https:\/\/www.toydarians.com\/index.php?rest_route=\/wp\/v2\/types\/product"}],"replies":[{"embeddable":true,"href":"https:\/\/www.toydarians.com\/index.php?rest_route=%2Fwp%2Fv2%2Fcomments&post=1873"}],"version-history":[{"count":1,"href":"https:\/\/www.toydarians.com\/index.php?rest_route=\/wp\/v2\/product\/1873\/revisions"}],"predecessor-version":[{"id":4296,"href":"https:\/\/www.toydarians.com\/index.php?rest_route=\/wp\/v2\/product\/1873\/revisions\/4296"}],"wp:featuredmedia":[{"embeddable":true,"href":"https:\/\/www.toydarians.com\/index.php?rest_route=\/wp\/v2\/media\/1989"}],"wp:attachment":[{"href":"https:\/\/www.toydarians.com\/index.php?rest_route=%2Fwp%2Fv2%2Fmedia&parent=1873"}],"wp:term":[{"taxonomy":"product_cat","embeddable":true,"href":"https:\/\/www.toydarians.com\/index.php?rest_route=%2Fwp%2Fv2%2Fproduct_cat&post=1873"},{"taxonomy":"product_tag","embeddable":true,"href":"https:\/\/www.toydarians.com\/index.php?rest_route=%2Fwp%2Fv2%2Fproduct_tag&post=1873"}],"curies":[{"name":"wp","href":"https:\/\/api.w.org\/{rel}","templated":true}]}}