{"id":1486,"date":"2022-08-10T22:35:27","date_gmt":"2022-08-11T03:35:27","guid":{"rendered":"https:\/\/www.toydarians.com\/?post_type=product&#038;p=1486"},"modified":"2024-03-13T13:21:40","modified_gmt":"2024-03-13T19:21:40","slug":"star-wars-vintage-collection-the-clone-wars-501st-legion-arc-troopers","status":"publish","type":"product","link":"https:\/\/www.toydarians.com\/?product=star-wars-vintage-collection-the-clone-wars-501st-legion-arc-troopers","title":{"rendered":"Star Wars &#8211; Vintage Collection &#8211; The Clone Wars 501st Legion ARC Troopers"},"content":{"rendered":"<div class=\"row\">\n<div class=\"col-md-12\">\n<h1><strong>DESCRIPCI\u00d3N DEL PRODUCTO<\/strong><\/h1>\n<p>&nbsp;<\/p>\n<h3><strong>The Clone Wars 501st Legion ARC Troopers<\/strong><\/h3>\n<p>La Legi\u00f3n 501 era una divisi\u00f3n militar de soldados clon de \u00e9lite bajo el mando del General Jedi Anakin Skywalker, la Comandante Jedi Ahsoka Tano y el Capit\u00e1n Clon CT-7567 \u00abRex\u00bb. Reconocida por su valent\u00eda y t\u00e1cticas poco convencionales, la 501\u00aa particip\u00f3 en conflictos hist\u00f3ricos desde la Batalla de Christophsis hasta el Asedio de Mandalore, y a menudo sirvi\u00f3 junto al 212\u00ba Batall\u00f3n de Ataque del General Obi-Wan Kenobi.<\/p>\n<\/div>\n<\/div>\n<div class=\"row\">\n<div class=\"col-md-12\">\n<div class=\"well well-sm\">\n<h2><\/h2>\n<h2 class=\"ada-product-h2\"><strong>Caracter\u00edsticas del producto<\/strong><\/h2>\n<ul>\n<li>Escala de 3,75 pulgadas (9,52 cm)<\/li>\n<li>Hecho de pl\u00e1stico<\/li>\n<li>Embalaje de inspiraci\u00f3n vintage<\/li>\n<li>Presenta un dise\u00f1o premium<\/li>\n<li>M\u00faltiples puntos de articulaci\u00f3n<\/li>\n<li>Colecciona otras figuras de Star Wars Vintage Collection para ampliar tu colecci\u00f3n de Star Wars.<\/li>\n<\/ul>\n<\/div>\n<\/div>\n<\/div>\n<div class=\"row\">\n<div class=\"col-md-12\">\n<div class=\"well well-sm\">\n<h2><\/h2>\n<h2 class=\"ada-product-h2\"><strong>Contenido de la caja<\/strong><\/h2>\n<ul>\n<li>3 Figuras ARC Troopers<\/li>\n<li>15 accesorios<\/li>\n<\/ul>\n<p>&nbsp;<\/p>\n<p>&nbsp;<\/p>\n<p><img loading=\"lazy\" class=\"\" src=\"https:\/\/www.toydarians.com\/wp-content\/uploads\/2023\/02\/Hasbro-Logo-706x400.png\" width=\"275\" height=\"156\" \/>\u00a0 \u00a0 \u00a0 \u00a0 \u00a0 \u00a0 \u00a0 \u00a0 \u00a0 \u00a0 \u00a0 \u00a0 \u00a0 \u00a0 \u00a0 \u00a0 \u00a0 \u00a0 \u00a0 \u00a0 \u00a0 \u00a0 \u00a0 \u00a0 \u00a0 \u00a0 \u00a0 \u00a0 \u00a0 \u00a0 \u00a0 \u00a0 \u00a0 \u00a0 \u00a0 \u00a0 \u00a0 \u00a0 \u00a0 \u00a0 \u00a0 \u00a0 \u00a0 \u00a0 \u00a0 \u00a0 \u00a0 \u00a0 \u00a0 \u00a0 \u00a0 \u00a0 \u00a0 \u00a0 \u00a0 \u00a0 \u00a0 \u00a0 \u00a0 \u00a0 \u00a0 \u00a0 \u00a0 \u00a0 \u00a0 \u00a0 \u00a0 \u00a0 \u00a0 \u00a0 \u00a0 \u00a0 \u00a0<img loading=\"lazy\" class=\"\" src=\"https:\/\/www.toydarians.com\/wp-content\/uploads\/2023\/02\/The-Vintage-Collection-800x346.png\" width=\"275\" height=\"119\" \/><\/p>\n<\/div>\n<\/div>\n<\/div>\n","protected":false},"excerpt":{"rendered":"<h3 class=\"product-form__header-title h3\"><strong>The Vintage Collection\u00a0<\/strong><\/h3>\n","protected":false},"featured_media":1495,"comment_status":"open","ping_status":"closed","template":"","meta":[],"product_cat":[69,70,81,77,78],"product_tag":[686,106,687,668,670,685,317,739,659,887,669],"yoast_head":"<!-- This site is optimized with the Yoast SEO plugin v19.6.1 - https:\/\/yoast.com\/wordpress\/plugins\/seo\/ -->\n<title>Star Wars - Vintage Collection - The Clone Wars 501st Legion ARC Troopers &#8902; Toydarians<\/title>\n<meta name=\"description\" content=\"Star Wars, Vintage Collection, The Clone Wars 501st Legion ARC Troopers, Juguetes, Coleccionable, Colecci\u00f3n, Colecci\u00f3n Vintage, Hasbro, Escala 3.75, Figura de Acci\u00f3n, Action Figure,\" \/>\n<meta name=\"robots\" content=\"index, follow, max-snippet:-1, max-image-preview:large, max-video-preview:-1\" \/>\n<link rel=\"canonical\" href=\"https:\/\/www.toydarians.com\/?product=star-wars-vintage-collection-the-clone-wars-501st-legion-arc-troopers\" \/>\n<meta property=\"og:locale\" content=\"es_ES\" \/>\n<meta property=\"og:type\" content=\"article\" \/>\n<meta property=\"og:title\" content=\"Star Wars - Vintage Collection - The Clone Wars 501st Legion ARC Troopers &#8902; Toydarians\" \/>\n<meta property=\"og:description\" content=\"Star Wars, Vintage Collection, The Clone Wars 501st Legion ARC Troopers, Juguetes, Coleccionable, Colecci\u00f3n, Colecci\u00f3n Vintage, Hasbro, Escala 3.75, Figura de Acci\u00f3n, Action Figure,\" \/>\n<meta property=\"og:url\" content=\"https:\/\/www.toydarians.com\/?product=star-wars-vintage-collection-the-clone-wars-501st-legion-arc-troopers\" \/>\n<meta property=\"og:site_name\" content=\"Toydarians\" \/>\n<meta property=\"article:modified_time\" content=\"2024-03-13T19:21:40+00:00\" \/>\n<meta property=\"og:image\" content=\"https:\/\/www.toydarians.com\/wp-content\/uploads\/2022\/08\/E7632_Prod_SW_LegionArcTroopers_66887_Online_300DPI_2000x.webp\" \/>\n\t<meta property=\"og:image:width\" content=\"2000\" \/>\n\t<meta property=\"og:image:height\" content=\"2000\" \/>\n\t<meta property=\"og:image:type\" content=\"image\/webp\" \/>\n<meta name=\"twitter:card\" content=\"summary_large_image\" \/>\n<meta name=\"twitter:label1\" content=\"Tiempo de lectura\" \/>\n\t<meta name=\"twitter:data1\" content=\"1 minuto\" \/>\n<script type=\"application\/ld+json\" class=\"yoast-schema-graph\">{\"@context\":\"https:\/\/schema.org\",\"@graph\":[{\"@type\":\"WebPage\",\"@id\":\"https:\/\/www.toydarians.com\/?product=star-wars-vintage-collection-the-clone-wars-501st-legion-arc-troopers\",\"url\":\"https:\/\/www.toydarians.com\/?product=star-wars-vintage-collection-the-clone-wars-501st-legion-arc-troopers\",\"name\":\"Star Wars - Vintage Collection - The Clone Wars 501st Legion ARC Troopers &#8902; Toydarians\",\"isPartOf\":{\"@id\":\"https:\/\/www.toydarians.com\/#website\"},\"datePublished\":\"2022-08-11T03:35:27+00:00\",\"dateModified\":\"2024-03-13T19:21:40+00:00\",\"description\":\"Star Wars, Vintage Collection, The Clone Wars 501st Legion ARC Troopers, Juguetes, Coleccionable, Colecci\u00f3n, Colecci\u00f3n Vintage, Hasbro, Escala 3.75, Figura de Acci\u00f3n, Action Figure,\",\"breadcrumb\":{\"@id\":\"https:\/\/www.toydarians.com\/?product=star-wars-vintage-collection-the-clone-wars-501st-legion-arc-troopers#breadcrumb\"},\"inLanguage\":\"es\",\"potentialAction\":[{\"@type\":\"ReadAction\",\"target\":[\"https:\/\/www.toydarians.com\/?product=star-wars-vintage-collection-the-clone-wars-501st-legion-arc-troopers\"]}]},{\"@type\":\"BreadcrumbList\",\"@id\":\"https:\/\/www.toydarians.com\/?product=star-wars-vintage-collection-the-clone-wars-501st-legion-arc-troopers#breadcrumb\",\"itemListElement\":[{\"@type\":\"ListItem\",\"position\":1,\"name\":\"Portada\",\"item\":\"https:\/\/www.toydarians.com\/\"},{\"@type\":\"ListItem\",\"position\":2,\"name\":\"Shop\",\"item\":\"https:\/\/www.toydarians.com\/?page_id=64\"},{\"@type\":\"ListItem\",\"position\":3,\"name\":\"Star Wars &#8211; Vintage Collection &#8211; The Clone Wars 501st Legion ARC Troopers\"}]},{\"@type\":\"WebSite\",\"@id\":\"https:\/\/www.toydarians.com\/#website\",\"url\":\"https:\/\/www.toydarians.com\/\",\"name\":\"Toydarians\",\"description\":\"Juguetes y mas all\u00e1!\",\"publisher\":{\"@id\":\"https:\/\/www.toydarians.com\/#organization\"},\"potentialAction\":[{\"@type\":\"SearchAction\",\"target\":{\"@type\":\"EntryPoint\",\"urlTemplate\":\"https:\/\/www.toydarians.com\/?s={search_term_string}\"},\"query-input\":\"required name=search_term_string\"}],\"inLanguage\":\"es\"},{\"@type\":\"Organization\",\"@id\":\"https:\/\/www.toydarians.com\/#organization\",\"name\":\"TOYDARIANS\",\"url\":\"https:\/\/www.toydarians.com\/\",\"sameAs\":[],\"logo\":{\"@type\":\"ImageObject\",\"inLanguage\":\"es\",\"@id\":\"https:\/\/www.toydarians.com\/#\/schema\/logo\/image\/\",\"url\":\"https:\/\/www.toydarians.com\/wp-content\/uploads\/2022\/07\/Toydarians_Aurebesh_02-e1657918368536.png\",\"contentUrl\":\"https:\/\/www.toydarians.com\/wp-content\/uploads\/2022\/07\/Toydarians_Aurebesh_02-e1657918368536.png\",\"width\":1890,\"height\":571,\"caption\":\"TOYDARIANS\"},\"image\":{\"@id\":\"https:\/\/www.toydarians.com\/#\/schema\/logo\/image\/\"}}]}<\/script>\n<!-- \/ Yoast SEO plugin. -->","yoast_head_json":{"title":"Star Wars - Vintage Collection - The Clone Wars 501st Legion ARC Troopers &#8902; Toydarians","description":"Star Wars, Vintage Collection, The Clone Wars 501st Legion ARC Troopers, Juguetes, Coleccionable, Colecci\u00f3n, Colecci\u00f3n Vintage, Hasbro, Escala 3.75, Figura de Acci\u00f3n, Action Figure,","robots":{"index":"index","follow":"follow","max-snippet":"max-snippet:-1","max-image-preview":"max-image-preview:large","max-video-preview":"max-video-preview:-1"},"canonical":"https:\/\/www.toydarians.com\/?product=star-wars-vintage-collection-the-clone-wars-501st-legion-arc-troopers","og_locale":"es_ES","og_type":"article","og_title":"Star Wars - Vintage Collection - The Clone Wars 501st Legion ARC Troopers &#8902; Toydarians","og_description":"Star Wars, Vintage Collection, The Clone Wars 501st Legion ARC Troopers, Juguetes, Coleccionable, Colecci\u00f3n, Colecci\u00f3n Vintage, Hasbro, Escala 3.75, Figura de Acci\u00f3n, Action Figure,","og_url":"https:\/\/www.toydarians.com\/?product=star-wars-vintage-collection-the-clone-wars-501st-legion-arc-troopers","og_site_name":"Toydarians","article_modified_time":"2024-03-13T19:21:40+00:00","og_image":[{"width":2000,"height":2000,"url":"https:\/\/www.toydarians.com\/wp-content\/uploads\/2022\/08\/E7632_Prod_SW_LegionArcTroopers_66887_Online_300DPI_2000x.webp","type":"image\/webp"}],"twitter_card":"summary_large_image","twitter_misc":{"Tiempo de lectura":"1 minuto"},"schema":{"@context":"https:\/\/schema.org","@graph":[{"@type":"WebPage","@id":"https:\/\/www.toydarians.com\/?product=star-wars-vintage-collection-the-clone-wars-501st-legion-arc-troopers","url":"https:\/\/www.toydarians.com\/?product=star-wars-vintage-collection-the-clone-wars-501st-legion-arc-troopers","name":"Star Wars - Vintage Collection - The Clone Wars 501st Legion ARC Troopers &#8902; Toydarians","isPartOf":{"@id":"https:\/\/www.toydarians.com\/#website"},"datePublished":"2022-08-11T03:35:27+00:00","dateModified":"2024-03-13T19:21:40+00:00","description":"Star Wars, Vintage Collection, The Clone Wars 501st Legion ARC Troopers, Juguetes, Coleccionable, Colecci\u00f3n, Colecci\u00f3n Vintage, Hasbro, Escala 3.75, Figura de Acci\u00f3n, Action Figure,","breadcrumb":{"@id":"https:\/\/www.toydarians.com\/?product=star-wars-vintage-collection-the-clone-wars-501st-legion-arc-troopers#breadcrumb"},"inLanguage":"es","potentialAction":[{"@type":"ReadAction","target":["https:\/\/www.toydarians.com\/?product=star-wars-vintage-collection-the-clone-wars-501st-legion-arc-troopers"]}]},{"@type":"BreadcrumbList","@id":"https:\/\/www.toydarians.com\/?product=star-wars-vintage-collection-the-clone-wars-501st-legion-arc-troopers#breadcrumb","itemListElement":[{"@type":"ListItem","position":1,"name":"Portada","item":"https:\/\/www.toydarians.com\/"},{"@type":"ListItem","position":2,"name":"Shop","item":"https:\/\/www.toydarians.com\/?page_id=64"},{"@type":"ListItem","position":3,"name":"Star Wars &#8211; Vintage Collection &#8211; The Clone Wars 501st Legion ARC Troopers"}]},{"@type":"WebSite","@id":"https:\/\/www.toydarians.com\/#website","url":"https:\/\/www.toydarians.com\/","name":"Toydarians","description":"Juguetes y mas all\u00e1!","publisher":{"@id":"https:\/\/www.toydarians.com\/#organization"},"potentialAction":[{"@type":"SearchAction","target":{"@type":"EntryPoint","urlTemplate":"https:\/\/www.toydarians.com\/?s={search_term_string}"},"query-input":"required name=search_term_string"}],"inLanguage":"es"},{"@type":"Organization","@id":"https:\/\/www.toydarians.com\/#organization","name":"TOYDARIANS","url":"https:\/\/www.toydarians.com\/","sameAs":[],"logo":{"@type":"ImageObject","inLanguage":"es","@id":"https:\/\/www.toydarians.com\/#\/schema\/logo\/image\/","url":"https:\/\/www.toydarians.com\/wp-content\/uploads\/2022\/07\/Toydarians_Aurebesh_02-e1657918368536.png","contentUrl":"https:\/\/www.toydarians.com\/wp-content\/uploads\/2022\/07\/Toydarians_Aurebesh_02-e1657918368536.png","width":1890,"height":571,"caption":"TOYDARIANS"},"image":{"@id":"https:\/\/www.toydarians.com\/#\/schema\/logo\/image\/"}}]}},"_links":{"self":[{"href":"https:\/\/www.toydarians.com\/index.php?rest_route=\/wp\/v2\/product\/1486"}],"collection":[{"href":"https:\/\/www.toydarians.com\/index.php?rest_route=\/wp\/v2\/product"}],"about":[{"href":"https:\/\/www.toydarians.com\/index.php?rest_route=\/wp\/v2\/types\/product"}],"replies":[{"embeddable":true,"href":"https:\/\/www.toydarians.com\/index.php?rest_route=%2Fwp%2Fv2%2Fcomments&post=1486"}],"version-history":[{"count":1,"href":"https:\/\/www.toydarians.com\/index.php?rest_route=\/wp\/v2\/product\/1486\/revisions"}],"predecessor-version":[{"id":5086,"href":"https:\/\/www.toydarians.com\/index.php?rest_route=\/wp\/v2\/product\/1486\/revisions\/5086"}],"wp:featuredmedia":[{"embeddable":true,"href":"https:\/\/www.toydarians.com\/index.php?rest_route=\/wp\/v2\/media\/1495"}],"wp:attachment":[{"href":"https:\/\/www.toydarians.com\/index.php?rest_route=%2Fwp%2Fv2%2Fmedia&parent=1486"}],"wp:term":[{"taxonomy":"product_cat","embeddable":true,"href":"https:\/\/www.toydarians.com\/index.php?rest_route=%2Fwp%2Fv2%2Fproduct_cat&post=1486"},{"taxonomy":"product_tag","embeddable":true,"href":"https:\/\/www.toydarians.com\/index.php?rest_route=%2Fwp%2Fv2%2Fproduct_tag&post=1486"}],"curies":[{"name":"wp","href":"https:\/\/api.w.org\/{rel}","templated":true}]}}