{"id":1259,"date":"2022-08-16T23:56:31","date_gmt":"2022-08-17T04:56:31","guid":{"rendered":"https:\/\/www.toydarians.com\/?post_type=product&#038;p=1259"},"modified":"2022-12-08T15:48:55","modified_gmt":"2022-12-08T21:48:55","slug":"332nd-ahsokas-clone-trooper-clone-wars","status":"publish","type":"product","link":"https:\/\/www.toydarians.com\/?product=332nd-ahsokas-clone-trooper-clone-wars","title":{"rendered":"Vintage Collection \u2013 332nd Ahsoka\u2019s Clone Trooper &#8211; Clone Wars &#8211; VC 248"},"content":{"rendered":"<div class=\"row\">\n<div class=\"col-md-12\">\n<p>Las figuras cuentan con detalles y dise\u00f1os de primera calidad en todo el producto y el empaque inspirados en la l\u00ednea original, as\u00ed como la decoraci\u00f3n de grado coleccionista inspirada en la pel\u00edcula que los fan\u00e1ticos conocen y adoran.<\/p>\n<\/div>\n<\/div>\n<div class=\"row\">\n<div class=\"col-md-12\">\n<div class=\"well well-sm\">\n<h2 class=\"ada-product-h2\">Caracter\u00edsticas del producto<\/h2>\n<ul>\n<li>Escala de 3,75 pulgadas (9,52 cm)<\/li>\n<li>Hecho de pl\u00e1stico<\/li>\n<li>Embalaje de inspiraci\u00f3n vintage<\/li>\n<li>Presenta un dise\u00f1o premium<\/li>\n<li>M\u00faltiples puntos de articulaci\u00f3n<\/li>\n<li>Colecciona otras figuras de Star Wars Vintage Collection para ampliar tu colecci\u00f3n de Star Wars.<\/li>\n<\/ul>\n<\/div>\n<\/div>\n<\/div>\n<div class=\"row\">\n<div class=\"col-md-12\">\n<div class=\"well well-sm\">\n<h2 class=\"ada-product-h2\">Contenido de la caja<\/h2>\n<ul>\n<li>Figura Clone Trooper<\/li>\n<li>Blaster (2pz)<\/li>\n<\/ul>\n<\/div>\n<\/div>\n<\/div>\n","protected":false},"excerpt":{"rendered":"<h3 class=\"product-form__header-title h3\"><strong>Star Wars The Vintage Collection\u00a0 3.75&#8243;<\/strong><\/h3>\n","protected":false},"featured_media":1269,"comment_status":"open","ping_status":"closed","template":"","meta":[],"product_cat":[69,70,77],"product_tag":[105,198,199,106,113,89,200],"yoast_head":"<!-- This site is optimized with the Yoast SEO plugin v19.6.1 - https:\/\/yoast.com\/wordpress\/plugins\/seo\/ -->\n<title>Vintage Collection \u2013 332nd Ahsoka\u2019s Clone Trooper - Clone Wars - VC 248 &#8902; Toydarians<\/title>\n<meta name=\"robots\" content=\"index, follow, max-snippet:-1, max-image-preview:large, max-video-preview:-1\" \/>\n<link rel=\"canonical\" href=\"https:\/\/www.toydarians.com\/?product=332nd-ahsokas-clone-trooper-clone-wars\" \/>\n<meta property=\"og:locale\" content=\"es_ES\" \/>\n<meta property=\"og:type\" content=\"article\" \/>\n<meta property=\"og:title\" content=\"Vintage Collection \u2013 332nd Ahsoka\u2019s Clone Trooper - Clone Wars - VC 248 &#8902; Toydarians\" \/>\n<meta property=\"og:description\" content=\"Star Wars The Vintage Collection\u00a0 3.75&quot;\" \/>\n<meta property=\"og:url\" content=\"https:\/\/www.toydarians.com\/?product=332nd-ahsokas-clone-trooper-clone-wars\" \/>\n<meta property=\"og:site_name\" content=\"Toydarians\" \/>\n<meta property=\"article:modified_time\" content=\"2022-12-08T21:48:55+00:00\" \/>\n<meta property=\"og:image\" content=\"https:\/\/www.toydarians.com\/wp-content\/uploads\/2022\/08\/F5631_PROD_SW_BELLEVUE_RESHOOT_955_Online_2000SQ_2000x.webp\" \/>\n\t<meta property=\"og:image:width\" content=\"2000\" \/>\n\t<meta property=\"og:image:height\" content=\"2000\" \/>\n\t<meta property=\"og:image:type\" content=\"image\/webp\" \/>\n<meta name=\"twitter:card\" content=\"summary_large_image\" \/>\n<meta name=\"twitter:label1\" content=\"Tiempo de lectura\" \/>\n\t<meta name=\"twitter:data1\" content=\"1 minuto\" \/>\n<script type=\"application\/ld+json\" class=\"yoast-schema-graph\">{\"@context\":\"https:\/\/schema.org\",\"@graph\":[{\"@type\":\"WebPage\",\"@id\":\"https:\/\/www.toydarians.com\/?product=332nd-ahsokas-clone-trooper-clone-wars\",\"url\":\"https:\/\/www.toydarians.com\/?product=332nd-ahsokas-clone-trooper-clone-wars\",\"name\":\"Vintage Collection \u2013 332nd Ahsoka\u2019s Clone Trooper - Clone Wars - VC 248 &#8902; Toydarians\",\"isPartOf\":{\"@id\":\"https:\/\/www.toydarians.com\/#website\"},\"datePublished\":\"2022-08-17T04:56:31+00:00\",\"dateModified\":\"2022-12-08T21:48:55+00:00\",\"breadcrumb\":{\"@id\":\"https:\/\/www.toydarians.com\/?product=332nd-ahsokas-clone-trooper-clone-wars#breadcrumb\"},\"inLanguage\":\"es\",\"potentialAction\":[{\"@type\":\"ReadAction\",\"target\":[\"https:\/\/www.toydarians.com\/?product=332nd-ahsokas-clone-trooper-clone-wars\"]}]},{\"@type\":\"BreadcrumbList\",\"@id\":\"https:\/\/www.toydarians.com\/?product=332nd-ahsokas-clone-trooper-clone-wars#breadcrumb\",\"itemListElement\":[{\"@type\":\"ListItem\",\"position\":1,\"name\":\"Portada\",\"item\":\"https:\/\/www.toydarians.com\/\"},{\"@type\":\"ListItem\",\"position\":2,\"name\":\"Shop\",\"item\":\"https:\/\/www.toydarians.com\/?page_id=64\"},{\"@type\":\"ListItem\",\"position\":3,\"name\":\"Vintage Collection \u2013 332nd Ahsoka\u2019s Clone Trooper &#8211; Clone Wars &#8211; VC 248\"}]},{\"@type\":\"WebSite\",\"@id\":\"https:\/\/www.toydarians.com\/#website\",\"url\":\"https:\/\/www.toydarians.com\/\",\"name\":\"Toydarians\",\"description\":\"Juguetes y mas all\u00e1!\",\"publisher\":{\"@id\":\"https:\/\/www.toydarians.com\/#organization\"},\"potentialAction\":[{\"@type\":\"SearchAction\",\"target\":{\"@type\":\"EntryPoint\",\"urlTemplate\":\"https:\/\/www.toydarians.com\/?s={search_term_string}\"},\"query-input\":\"required name=search_term_string\"}],\"inLanguage\":\"es\"},{\"@type\":\"Organization\",\"@id\":\"https:\/\/www.toydarians.com\/#organization\",\"name\":\"TOYDARIANS\",\"url\":\"https:\/\/www.toydarians.com\/\",\"sameAs\":[],\"logo\":{\"@type\":\"ImageObject\",\"inLanguage\":\"es\",\"@id\":\"https:\/\/www.toydarians.com\/#\/schema\/logo\/image\/\",\"url\":\"https:\/\/www.toydarians.com\/wp-content\/uploads\/2022\/07\/Toydarians_Aurebesh_02-e1657918368536.png\",\"contentUrl\":\"https:\/\/www.toydarians.com\/wp-content\/uploads\/2022\/07\/Toydarians_Aurebesh_02-e1657918368536.png\",\"width\":1890,\"height\":571,\"caption\":\"TOYDARIANS\"},\"image\":{\"@id\":\"https:\/\/www.toydarians.com\/#\/schema\/logo\/image\/\"}}]}<\/script>\n<!-- \/ Yoast SEO plugin. -->","yoast_head_json":{"title":"Vintage Collection \u2013 332nd Ahsoka\u2019s Clone Trooper - Clone Wars - VC 248 &#8902; Toydarians","robots":{"index":"index","follow":"follow","max-snippet":"max-snippet:-1","max-image-preview":"max-image-preview:large","max-video-preview":"max-video-preview:-1"},"canonical":"https:\/\/www.toydarians.com\/?product=332nd-ahsokas-clone-trooper-clone-wars","og_locale":"es_ES","og_type":"article","og_title":"Vintage Collection \u2013 332nd Ahsoka\u2019s Clone Trooper - Clone Wars - VC 248 &#8902; Toydarians","og_description":"Star Wars The Vintage Collection\u00a0 3.75\"","og_url":"https:\/\/www.toydarians.com\/?product=332nd-ahsokas-clone-trooper-clone-wars","og_site_name":"Toydarians","article_modified_time":"2022-12-08T21:48:55+00:00","og_image":[{"width":2000,"height":2000,"url":"https:\/\/www.toydarians.com\/wp-content\/uploads\/2022\/08\/F5631_PROD_SW_BELLEVUE_RESHOOT_955_Online_2000SQ_2000x.webp","type":"image\/webp"}],"twitter_card":"summary_large_image","twitter_misc":{"Tiempo de lectura":"1 minuto"},"schema":{"@context":"https:\/\/schema.org","@graph":[{"@type":"WebPage","@id":"https:\/\/www.toydarians.com\/?product=332nd-ahsokas-clone-trooper-clone-wars","url":"https:\/\/www.toydarians.com\/?product=332nd-ahsokas-clone-trooper-clone-wars","name":"Vintage Collection \u2013 332nd Ahsoka\u2019s Clone Trooper - Clone Wars - VC 248 &#8902; Toydarians","isPartOf":{"@id":"https:\/\/www.toydarians.com\/#website"},"datePublished":"2022-08-17T04:56:31+00:00","dateModified":"2022-12-08T21:48:55+00:00","breadcrumb":{"@id":"https:\/\/www.toydarians.com\/?product=332nd-ahsokas-clone-trooper-clone-wars#breadcrumb"},"inLanguage":"es","potentialAction":[{"@type":"ReadAction","target":["https:\/\/www.toydarians.com\/?product=332nd-ahsokas-clone-trooper-clone-wars"]}]},{"@type":"BreadcrumbList","@id":"https:\/\/www.toydarians.com\/?product=332nd-ahsokas-clone-trooper-clone-wars#breadcrumb","itemListElement":[{"@type":"ListItem","position":1,"name":"Portada","item":"https:\/\/www.toydarians.com\/"},{"@type":"ListItem","position":2,"name":"Shop","item":"https:\/\/www.toydarians.com\/?page_id=64"},{"@type":"ListItem","position":3,"name":"Vintage Collection \u2013 332nd Ahsoka\u2019s Clone Trooper &#8211; Clone Wars &#8211; VC 248"}]},{"@type":"WebSite","@id":"https:\/\/www.toydarians.com\/#website","url":"https:\/\/www.toydarians.com\/","name":"Toydarians","description":"Juguetes y mas all\u00e1!","publisher":{"@id":"https:\/\/www.toydarians.com\/#organization"},"potentialAction":[{"@type":"SearchAction","target":{"@type":"EntryPoint","urlTemplate":"https:\/\/www.toydarians.com\/?s={search_term_string}"},"query-input":"required name=search_term_string"}],"inLanguage":"es"},{"@type":"Organization","@id":"https:\/\/www.toydarians.com\/#organization","name":"TOYDARIANS","url":"https:\/\/www.toydarians.com\/","sameAs":[],"logo":{"@type":"ImageObject","inLanguage":"es","@id":"https:\/\/www.toydarians.com\/#\/schema\/logo\/image\/","url":"https:\/\/www.toydarians.com\/wp-content\/uploads\/2022\/07\/Toydarians_Aurebesh_02-e1657918368536.png","contentUrl":"https:\/\/www.toydarians.com\/wp-content\/uploads\/2022\/07\/Toydarians_Aurebesh_02-e1657918368536.png","width":1890,"height":571,"caption":"TOYDARIANS"},"image":{"@id":"https:\/\/www.toydarians.com\/#\/schema\/logo\/image\/"}}]}},"_links":{"self":[{"href":"https:\/\/www.toydarians.com\/index.php?rest_route=\/wp\/v2\/product\/1259"}],"collection":[{"href":"https:\/\/www.toydarians.com\/index.php?rest_route=\/wp\/v2\/product"}],"about":[{"href":"https:\/\/www.toydarians.com\/index.php?rest_route=\/wp\/v2\/types\/product"}],"replies":[{"embeddable":true,"href":"https:\/\/www.toydarians.com\/index.php?rest_route=%2Fwp%2Fv2%2Fcomments&post=1259"}],"version-history":[{"count":0,"href":"https:\/\/www.toydarians.com\/index.php?rest_route=\/wp\/v2\/product\/1259\/revisions"}],"wp:featuredmedia":[{"embeddable":true,"href":"https:\/\/www.toydarians.com\/index.php?rest_route=\/wp\/v2\/media\/1269"}],"wp:attachment":[{"href":"https:\/\/www.toydarians.com\/index.php?rest_route=%2Fwp%2Fv2%2Fmedia&parent=1259"}],"wp:term":[{"taxonomy":"product_cat","embeddable":true,"href":"https:\/\/www.toydarians.com\/index.php?rest_route=%2Fwp%2Fv2%2Fproduct_cat&post=1259"},{"taxonomy":"product_tag","embeddable":true,"href":"https:\/\/www.toydarians.com\/index.php?rest_route=%2Fwp%2Fv2%2Fproduct_tag&post=1259"}],"curies":[{"name":"wp","href":"https:\/\/api.w.org\/{rel}","templated":true}]}}