{"id":979,"date":"2022-07-29T02:48:02","date_gmt":"2022-07-29T02:48:02","guid":{"rendered":"https:\/\/www.toydarians.com\/?page_id=979"},"modified":"2022-08-12T17:23:19","modified_gmt":"2022-08-12T17:23:19","slug":"envios-especiales","status":"publish","type":"page","link":"https:\/\/www.toydarians.com\/?page_id=979","title":{"rendered":"ENV\u00cdOS ESPECIALES"},"content":{"rendered":"\n\n  <div class=\"banner has-hover\" id=\"banner-2098645885\">\n          <div class=\"banner-inner fill\">\n        <div class=\"banner-bg fill\" >\n            <div class=\"bg fill bg-fill \"><\/div>\n                                    \n                    <\/div>\n        <div class=\"banner-layers container\">\n            <div class=\"fill banner-link\"><\/div>            \n\n\n        <\/div>\n      <\/div>\n\n            \n<style>\n#banner-2098645885 {\n  padding-top: 200px;\n}\n#banner-2098645885 .bg.bg-loaded {\n  background-image: url(https:\/\/www.toydarians.com\/wp-content\/uploads\/2022\/08\/EMBALAJE-1400x323.png);\n}\n<\/style>\n  <\/div>\n\n\n<p style=\"text-align: justify;\">A todos nos ha pasado que hacemos una compra en l\u00ednea, solo para decepcionarnos cuando abrimos la caja y vemos un producto mal embalado y da\u00f1ado. Como todos sabemos, el estado del paquete es muy importante con los art\u00edculos coleccionables;\u00a0hace una diferencia en la exhibici\u00f3n y el valor.<\/p>\n<p style=\"text-align: justify;\">Las paqueter\u00edas tienden a ignorar la importancia de la recolecci\u00f3n. Es por eso que nos preocupamos porque el env\u00edo sea diferente, para ello ofrecemos dos formas de embalaje:\u00a0<\/p>\n<h3 style=\"text-align: center;\"><strong>ENV\u00cdO\u00a0<\/strong><b>EST\u00c1NDAR<\/b><\/h3>\n<p style=\"text-align: justify;\">En esta forma de env\u00edo el embalaje es sencillo con algunas capas de papel burbuja. Sin embargo, es posible que el env\u00edo est\u00e1ndar no satisfaga las necesidades un coleccionista serio que desea un empaque casi perfecto. Es por eso que ofrecemos el Env\u00edo Coleccionista.<\/p>\n<p style=\"text-align: center;\"><img loading=\"lazy\" class=\"alignnone  wp-image-1598\" src=\"https:\/\/www.toydarians.com\/wp-content\/uploads\/2022\/08\/CAJA3-e1660262438247-800x392.png\" alt=\"\" width=\"554\" height=\"271\" srcset=\"https:\/\/www.toydarians.com\/wp-content\/uploads\/2022\/08\/CAJA3-e1660262438247-800x392.png 800w, https:\/\/www.toydarians.com\/wp-content\/uploads\/2022\/08\/CAJA3-e1660262438247-1400x686.png 1400w, https:\/\/www.toydarians.com\/wp-content\/uploads\/2022\/08\/CAJA3-e1660262438247-768x376.png 768w, https:\/\/www.toydarians.com\/wp-content\/uploads\/2022\/08\/CAJA3-e1660262438247-1536x753.png 1536w, https:\/\/www.toydarians.com\/wp-content\/uploads\/2022\/08\/CAJA3-e1660262438247-300x147.png 300w, https:\/\/www.toydarians.com\/wp-content\/uploads\/2022\/08\/CAJA3-e1660262438247-400x196.png 400w, https:\/\/www.toydarians.com\/wp-content\/uploads\/2022\/08\/CAJA3-e1660262438247.png 1890w\" sizes=\"(max-width: 554px) 100vw, 554px\" \/><\/p>\n\t<div id=\"gap-58348633\" class=\"gap-element clearfix\" style=\"display:block; height:auto;\">\n\t\t\n<style>\n#gap-58348633 {\n  padding-top: 30px;\n}\n<\/style>\n\t<\/div>\n\t\n\n<p style=\"text-align: justify;\">En el caso de\u00a0<strong>ENV\u00cdO COLECCIONISTA\u00a0<\/strong>lo manejaremos de diferente manera por el tipo de coleccionables que hayas adquirido. Ya que este depender\u00e1 de las dimensiones del empaque original.\u00a0<\/p>\n<p><strong>VINTAGE COLLECTI\u00d3N <\/strong><\/p>\n<p>Para los coleccionables VINTAGE COLLECTION, se proporcionara un blister de pl\u00e1stico para evitar que el empaque de la figura se ralle, doble o maltrate de cualquier manera durante el viaje de env\u00edo. Este blister tendr\u00e1 un costo de $100 pesos al env\u00edo.\u00a0 Adicional al blister, se usar\u00e1 pl\u00e1stico con aire para asegurar mas tu coleccionable\u00a0<\/p>\n<p style=\"text-align: center;\"><img loading=\"lazy\" class=\"alignnone size-medium wp-image-1608\" src=\"https:\/\/www.toydarians.com\/wp-content\/uploads\/2022\/08\/BLISTER-534x400.png\" alt=\"\" width=\"534\" height=\"400\" srcset=\"https:\/\/www.toydarians.com\/wp-content\/uploads\/2022\/08\/BLISTER-534x400.png 534w, https:\/\/www.toydarians.com\/wp-content\/uploads\/2022\/08\/BLISTER-1067x800.png 1067w, https:\/\/www.toydarians.com\/wp-content\/uploads\/2022\/08\/BLISTER-768x576.png 768w, https:\/\/www.toydarians.com\/wp-content\/uploads\/2022\/08\/BLISTER-1536x1152.png 1536w, https:\/\/www.toydarians.com\/wp-content\/uploads\/2022\/08\/BLISTER-300x225.png 300w, https:\/\/www.toydarians.com\/wp-content\/uploads\/2022\/08\/BLISTER-400x300.png 400w, https:\/\/www.toydarians.com\/wp-content\/uploads\/2022\/08\/BLISTER.png 1890w\" sizes=\"(max-width: 534px) 100vw, 534px\" \/><br \/><br \/><img loading=\"lazy\" class=\"alignnone  wp-image-1612\" src=\"https:\/\/www.toydarians.com\/wp-content\/uploads\/2022\/08\/CAJA4-534x400.png\" alt=\"\" width=\"347\" height=\"260\" srcset=\"https:\/\/www.toydarians.com\/wp-content\/uploads\/2022\/08\/CAJA4-534x400.png 534w, https:\/\/www.toydarians.com\/wp-content\/uploads\/2022\/08\/CAJA4-1067x800.png 1067w, https:\/\/www.toydarians.com\/wp-content\/uploads\/2022\/08\/CAJA4-768x576.png 768w, https:\/\/www.toydarians.com\/wp-content\/uploads\/2022\/08\/CAJA4-1536x1152.png 1536w, https:\/\/www.toydarians.com\/wp-content\/uploads\/2022\/08\/CAJA4-300x225.png 300w, https:\/\/www.toydarians.com\/wp-content\/uploads\/2022\/08\/CAJA4-400x300.png 400w, https:\/\/www.toydarians.com\/wp-content\/uploads\/2022\/08\/CAJA4.png 1890w\" sizes=\"(max-width: 347px) 100vw, 347px\" \/><\/p>\n<p>\u00a0<\/p>\n<p><strong>RESTO DE LOS COLECCIONABLES: <\/strong><\/p>\n<p>En este caso, la mayor\u00eda de coleccionables vienen en cajas medianas\/grandes imposibles de meter en un blsiter de platico. As\u00ed que para el resto de estos optamos por maximizar la protecci\u00f3n en el embalaje iniciando por una capa sencilla de platico burbuja\u00a0 para evitar que se ralle en el viaje y sobre esta dos capas de papel cart\u00f3n.<\/p>\n<p><img loading=\"lazy\" class=\"size-medium wp-image-1613 aligncenter\" src=\"https:\/\/www.toydarians.com\/wp-content\/uploads\/2022\/08\/empaque1-534x400.png\" alt=\"\" width=\"534\" height=\"400\" srcset=\"https:\/\/www.toydarians.com\/wp-content\/uploads\/2022\/08\/empaque1-534x400.png 534w, https:\/\/www.toydarians.com\/wp-content\/uploads\/2022\/08\/empaque1-1067x800.png 1067w, https:\/\/www.toydarians.com\/wp-content\/uploads\/2022\/08\/empaque1-768x576.png 768w, https:\/\/www.toydarians.com\/wp-content\/uploads\/2022\/08\/empaque1-1536x1152.png 1536w, https:\/\/www.toydarians.com\/wp-content\/uploads\/2022\/08\/empaque1-300x225.png 300w, https:\/\/www.toydarians.com\/wp-content\/uploads\/2022\/08\/empaque1-400x300.png 400w, https:\/\/www.toydarians.com\/wp-content\/uploads\/2022\/08\/empaque1.png 1890w\" sizes=\"(max-width: 534px) 100vw, 534px\" \/><\/p>\n<p style=\"text-align: center;\">Al momento de guardar en la caja se a\u00f1adir\u00e1 platico con aire para evitar espacios vac\u00edos en la caja.<\/p>\n<p><img loading=\"lazy\" class=\"alignnone size-medium wp-image-1616 aligncenter\" src=\"https:\/\/www.toydarians.com\/wp-content\/uploads\/2022\/08\/ambos-534x400.png\" alt=\"\" width=\"534\" height=\"400\" srcset=\"https:\/\/www.toydarians.com\/wp-content\/uploads\/2022\/08\/ambos-534x400.png 534w, https:\/\/www.toydarians.com\/wp-content\/uploads\/2022\/08\/ambos-1067x800.png 1067w, https:\/\/www.toydarians.com\/wp-content\/uploads\/2022\/08\/ambos-768x576.png 768w, https:\/\/www.toydarians.com\/wp-content\/uploads\/2022\/08\/ambos-1536x1152.png 1536w, https:\/\/www.toydarians.com\/wp-content\/uploads\/2022\/08\/ambos-300x225.png 300w, https:\/\/www.toydarians.com\/wp-content\/uploads\/2022\/08\/ambos-400x300.png 400w, https:\/\/www.toydarians.com\/wp-content\/uploads\/2022\/08\/ambos.png 1890w\" sizes=\"(max-width: 534px) 100vw, 534px\" \/><\/p>\n<p>\u00a0<\/p>\n<p style=\"text-align: left;\">Ante cualquier duda que puedas presentar sobre los env\u00edos, no dudes en escribirnos o llamarnos a cualquiera de nuestros medos de atenci\u00f3n al cliente:\u00a0<\/p>\n<p>Whatsapp: +52 1 <span class=\"selectable-text copyable-text\">5522516663<\/span><\/p>\n<p>Correo electr\u00f3nico: contacto@toydarians.com\u00a0<\/p>\n<p>Llamada Telef\u00f3nica: <span class=\"selectable-text copyable-text\">5522516663<\/span><\/p>\n\n","protected":false},"excerpt":{"rendered":"<p>A todos nos ha pasado que hacemos una compra en l\u00ednea, solo para decepcionarnos cuando abrimos la caja y vemos un producto mal embalado y da\u00f1ado. Como todos sabemos, el estado del paquete es muy importante con los art\u00edculos coleccionables;\u00a0hace una diferencia en la exhibici\u00f3n y el valor. Las paqueter\u00edas tienden a ignorar la importancia [&#8230;]\n","protected":false},"author":2,"featured_media":0,"parent":0,"menu_order":0,"comment_status":"closed","ping_status":"closed","template":"","meta":[],"yoast_head":"<!-- This site is optimized with the Yoast SEO plugin v19.6.1 - https:\/\/yoast.com\/wordpress\/plugins\/seo\/ -->\n<title>ENV\u00cdOS ESPECIALES &#8902; Toydarians<\/title>\n<meta name=\"robots\" content=\"index, follow, max-snippet:-1, max-image-preview:large, max-video-preview:-1\" \/>\n<link rel=\"canonical\" href=\"https:\/\/www.toydarians.com\/?page_id=979\" \/>\n<meta property=\"og:locale\" content=\"es_ES\" \/>\n<meta property=\"og:type\" content=\"article\" \/>\n<meta property=\"og:title\" content=\"ENV\u00cdOS ESPECIALES &#8902; Toydarians\" \/>\n<meta property=\"og:description\" content=\"A todos nos ha pasado que hacemos una compra en l\u00ednea, solo para decepcionarnos cuando abrimos la caja y vemos un producto mal embalado y da\u00f1ado. Como todos sabemos, el estado del paquete es muy importante con los art\u00edculos coleccionables;\u00a0hace una diferencia en la exhibici\u00f3n y el valor. Las paqueter\u00edas tienden a ignorar la importancia [...]\" \/>\n<meta property=\"og:url\" content=\"https:\/\/www.toydarians.com\/?page_id=979\" \/>\n<meta property=\"og:site_name\" content=\"Toydarians\" \/>\n<meta property=\"article:modified_time\" content=\"2022-08-12T17:23:19+00:00\" \/>\n<meta property=\"og:image\" content=\"https:\/\/www.toydarians.com\/wp-content\/uploads\/2022\/08\/CAJA3-e1660262438247-800x392.png\" \/>\n<meta name=\"twitter:card\" content=\"summary_large_image\" \/>\n<script type=\"application\/ld+json\" class=\"yoast-schema-graph\">{\"@context\":\"https:\/\/schema.org\",\"@graph\":[{\"@type\":\"WebPage\",\"@id\":\"https:\/\/www.toydarians.com\/?page_id=979\",\"url\":\"https:\/\/www.toydarians.com\/?page_id=979\",\"name\":\"ENV\u00cdOS ESPECIALES &#8902; Toydarians\",\"isPartOf\":{\"@id\":\"https:\/\/www.toydarians.com\/#website\"},\"datePublished\":\"2022-07-29T02:48:02+00:00\",\"dateModified\":\"2022-08-12T17:23:19+00:00\",\"breadcrumb\":{\"@id\":\"https:\/\/www.toydarians.com\/?page_id=979#breadcrumb\"},\"inLanguage\":\"es\",\"potentialAction\":[{\"@type\":\"ReadAction\",\"target\":[\"https:\/\/www.toydarians.com\/?page_id=979\"]}]},{\"@type\":\"BreadcrumbList\",\"@id\":\"https:\/\/www.toydarians.com\/?page_id=979#breadcrumb\",\"itemListElement\":[{\"@type\":\"ListItem\",\"position\":1,\"name\":\"Portada\",\"item\":\"https:\/\/www.toydarians.com\/\"},{\"@type\":\"ListItem\",\"position\":2,\"name\":\"ENV\u00cdOS ESPECIALES\"}]},{\"@type\":\"WebSite\",\"@id\":\"https:\/\/www.toydarians.com\/#website\",\"url\":\"https:\/\/www.toydarians.com\/\",\"name\":\"Toydarians\",\"description\":\"Juguetes y mas all\u00e1!\",\"publisher\":{\"@id\":\"https:\/\/www.toydarians.com\/#organization\"},\"potentialAction\":[{\"@type\":\"SearchAction\",\"target\":{\"@type\":\"EntryPoint\",\"urlTemplate\":\"https:\/\/www.toydarians.com\/?s={search_term_string}\"},\"query-input\":\"required name=search_term_string\"}],\"inLanguage\":\"es\"},{\"@type\":\"Organization\",\"@id\":\"https:\/\/www.toydarians.com\/#organization\",\"name\":\"TOYDARIANS\",\"url\":\"https:\/\/www.toydarians.com\/\",\"sameAs\":[],\"logo\":{\"@type\":\"ImageObject\",\"inLanguage\":\"es\",\"@id\":\"https:\/\/www.toydarians.com\/#\/schema\/logo\/image\/\",\"url\":\"https:\/\/www.toydarians.com\/wp-content\/uploads\/2022\/07\/Toydarians_Aurebesh_02-e1657918368536.png\",\"contentUrl\":\"https:\/\/www.toydarians.com\/wp-content\/uploads\/2022\/07\/Toydarians_Aurebesh_02-e1657918368536.png\",\"width\":1890,\"height\":571,\"caption\":\"TOYDARIANS\"},\"image\":{\"@id\":\"https:\/\/www.toydarians.com\/#\/schema\/logo\/image\/\"}}]}<\/script>\n<!-- \/ Yoast SEO plugin. -->","yoast_head_json":{"title":"ENV\u00cdOS ESPECIALES &#8902; Toydarians","robots":{"index":"index","follow":"follow","max-snippet":"max-snippet:-1","max-image-preview":"max-image-preview:large","max-video-preview":"max-video-preview:-1"},"canonical":"https:\/\/www.toydarians.com\/?page_id=979","og_locale":"es_ES","og_type":"article","og_title":"ENV\u00cdOS ESPECIALES &#8902; Toydarians","og_description":"A todos nos ha pasado que hacemos una compra en l\u00ednea, solo para decepcionarnos cuando abrimos la caja y vemos un producto mal embalado y da\u00f1ado. Como todos sabemos, el estado del paquete es muy importante con los art\u00edculos coleccionables;\u00a0hace una diferencia en la exhibici\u00f3n y el valor. Las paqueter\u00edas tienden a ignorar la importancia [...]","og_url":"https:\/\/www.toydarians.com\/?page_id=979","og_site_name":"Toydarians","article_modified_time":"2022-08-12T17:23:19+00:00","og_image":[{"url":"https:\/\/www.toydarians.com\/wp-content\/uploads\/2022\/08\/CAJA3-e1660262438247-800x392.png"}],"twitter_card":"summary_large_image","schema":{"@context":"https:\/\/schema.org","@graph":[{"@type":"WebPage","@id":"https:\/\/www.toydarians.com\/?page_id=979","url":"https:\/\/www.toydarians.com\/?page_id=979","name":"ENV\u00cdOS ESPECIALES &#8902; Toydarians","isPartOf":{"@id":"https:\/\/www.toydarians.com\/#website"},"datePublished":"2022-07-29T02:48:02+00:00","dateModified":"2022-08-12T17:23:19+00:00","breadcrumb":{"@id":"https:\/\/www.toydarians.com\/?page_id=979#breadcrumb"},"inLanguage":"es","potentialAction":[{"@type":"ReadAction","target":["https:\/\/www.toydarians.com\/?page_id=979"]}]},{"@type":"BreadcrumbList","@id":"https:\/\/www.toydarians.com\/?page_id=979#breadcrumb","itemListElement":[{"@type":"ListItem","position":1,"name":"Portada","item":"https:\/\/www.toydarians.com\/"},{"@type":"ListItem","position":2,"name":"ENV\u00cdOS ESPECIALES"}]},{"@type":"WebSite","@id":"https:\/\/www.toydarians.com\/#website","url":"https:\/\/www.toydarians.com\/","name":"Toydarians","description":"Juguetes y mas all\u00e1!","publisher":{"@id":"https:\/\/www.toydarians.com\/#organization"},"potentialAction":[{"@type":"SearchAction","target":{"@type":"EntryPoint","urlTemplate":"https:\/\/www.toydarians.com\/?s={search_term_string}"},"query-input":"required name=search_term_string"}],"inLanguage":"es"},{"@type":"Organization","@id":"https:\/\/www.toydarians.com\/#organization","name":"TOYDARIANS","url":"https:\/\/www.toydarians.com\/","sameAs":[],"logo":{"@type":"ImageObject","inLanguage":"es","@id":"https:\/\/www.toydarians.com\/#\/schema\/logo\/image\/","url":"https:\/\/www.toydarians.com\/wp-content\/uploads\/2022\/07\/Toydarians_Aurebesh_02-e1657918368536.png","contentUrl":"https:\/\/www.toydarians.com\/wp-content\/uploads\/2022\/07\/Toydarians_Aurebesh_02-e1657918368536.png","width":1890,"height":571,"caption":"TOYDARIANS"},"image":{"@id":"https:\/\/www.toydarians.com\/#\/schema\/logo\/image\/"}}]}},"_links":{"self":[{"href":"https:\/\/www.toydarians.com\/index.php?rest_route=\/wp\/v2\/pages\/979"}],"collection":[{"href":"https:\/\/www.toydarians.com\/index.php?rest_route=\/wp\/v2\/pages"}],"about":[{"href":"https:\/\/www.toydarians.com\/index.php?rest_route=\/wp\/v2\/types\/page"}],"author":[{"embeddable":true,"href":"https:\/\/www.toydarians.com\/index.php?rest_route=\/wp\/v2\/users\/2"}],"replies":[{"embeddable":true,"href":"https:\/\/www.toydarians.com\/index.php?rest_route=%2Fwp%2Fv2%2Fcomments&post=979"}],"version-history":[{"count":0,"href":"https:\/\/www.toydarians.com\/index.php?rest_route=\/wp\/v2\/pages\/979\/revisions"}],"wp:attachment":[{"href":"https:\/\/www.toydarians.com\/index.php?rest_route=%2Fwp%2Fv2%2Fmedia&parent=979"}],"curies":[{"name":"wp","href":"https:\/\/api.w.org\/{rel}","templated":true}]}}