{"id":840,"date":"2022-07-14T22:40:04","date_gmt":"2022-07-14T22:40:04","guid":{"rendered":"https:\/\/www.toydarians.com\/?page_id=840"},"modified":"2022-08-12T17:35:23","modified_gmt":"2022-08-12T17:35:23","slug":"envios","status":"publish","type":"page","link":"https:\/\/www.toydarians.com\/?page_id=840","title":{"rendered":"ENV\u00cdOS"},"content":{"rendered":"\n\n  <div class=\"banner has-hover\" id=\"banner-1077341154\">\n          <div class=\"banner-inner fill\">\n        <div class=\"banner-bg fill\" >\n            <div class=\"bg fill bg-fill \"><\/div>\n                                    \n                    <\/div>\n        <div class=\"banner-layers container\">\n            <div class=\"fill banner-link\"><\/div>            \n\n\n        <\/div>\n      <\/div>\n\n            \n<style>\n#banner-1077341154 {\n  padding-top: 100px;\n}\n#banner-1077341154 .bg.bg-loaded {\n  background-image: url(https:\/\/www.toydarians.com\/wp-content\/uploads\/2022\/08\/envios-1400x323.png);\n}\n<\/style>\n  <\/div>\n\n\n<p>\u00a0<\/p>\n<p style=\"text-align: center;\"><span style=\"font-size: 140%;\"><strong>Horario de atenci\u00f3n \u2013 Lunes a Viernes de, 10:30 a.m. \u2013 7:00 p.m.<\/strong><\/span><\/p>\n<p style=\"text-align: center;\"><span style=\"font-size: 140%;\">Los env\u00edos se realizan por\u00a0\u00a0<strong>DHL y\u00a0FEDEX<\/strong>,<\/span><\/p>\n<p style=\"text-align: center;\"><span style=\"font-size: 140%;\">Si tu pedido esta pagado y entra antes de las 16 hrs. se embarca el mismo d\u00eda.<\/span><\/p>\n<p style=\"text-align: center;\"><span style=\"font-size: 140%;\">Si tus compras son de $ 1,500 Pesos, el env\u00edo lo ponemos nosotros!<strong>\u00a0<\/strong><b>(El\u00a0<\/b><b>envi\u00f3<\/b><b>\u00a0GRATIS es\u00a0<\/b><b>econ\u00f3mico<\/b><b>\u00a0de 2 a 3\u00a0<\/b><b>D\u00edas<\/b><b>)<\/b><\/span><\/p>\n<p style=\"text-align: center;\"><span style=\"font-size: 140%;\">**No aplica envi\u00f3 gratis, para UBER entrega el mismo d\u00eda**<\/span><\/p>\n<p style=\"text-align: center;\"><span style=\"font-size: 75%;\"><strong>****Para env\u00edos\u00a0en zonas extendidas se cobrar la\u00a0diferencia\u00a0del costo de ella, o se acordara con el cliente si gusta recibirlo en la sucursal de FEDEX o DHL mas cercana a su domicilio en este caso no hay\u00a0garant\u00eda\u00a0de entrega dia siguiente****<\/strong><\/span><\/p>\n<p style=\"text-align: center;\">\u00a0<\/p>\n<p style=\"text-align: center;\"><b>Rastrea\u00a0tus env\u00edos\u00a0aqu\u00ed. Dale click en el logo de la paqueter\u00eda por la que se envi\u00f3\u00a0tu paquete.\u00a0<\/b><\/p>\n\t<div id=\"stack-1609737590\" class=\"stack stack-row justify-center items-stretch\">\n\t\t\n\n\t<div class=\"img has-hover x md-x lg-x y md-y lg-y\" id=\"image_1747696065\">\n\t\t<a class=\"\" href=\"https:\/\/mydhl.express.dhl\/mx\/es\/auth\/login.html\"  >\t\t\t\t\t\t<div class=\"img-inner dark\" >\n\t\t\t<img width=\"1020\" height=\"201\" src=\"https:\/\/www.toydarians.com\/wp-content\/uploads\/2022\/07\/pngwing.com_-1-e1659042278484-1400x276.png\" class=\"attachment-large size-large\" alt=\"\" loading=\"lazy\" srcset=\"https:\/\/www.toydarians.com\/wp-content\/uploads\/2022\/07\/pngwing.com_-1-e1659042278484-1400x276.png 1400w, https:\/\/www.toydarians.com\/wp-content\/uploads\/2022\/07\/pngwing.com_-1-e1659042278484-300x59.png 300w, https:\/\/www.toydarians.com\/wp-content\/uploads\/2022\/07\/pngwing.com_-1-e1659042278484-400x79.png 400w, https:\/\/www.toydarians.com\/wp-content\/uploads\/2022\/07\/pngwing.com_-1-e1659042278484-800x158.png 800w, https:\/\/www.toydarians.com\/wp-content\/uploads\/2022\/07\/pngwing.com_-1-e1659042278484-768x152.png 768w, https:\/\/www.toydarians.com\/wp-content\/uploads\/2022\/07\/pngwing.com_-1-e1659042278484-1536x303.png 1536w, https:\/\/www.toydarians.com\/wp-content\/uploads\/2022\/07\/pngwing.com_-1-e1659042278484-2048x404.png 2048w\" sizes=\"(max-width: 1020px) 100vw, 1020px\" \/>\t\t\t\t\t\t\n\t\t\t\t\t<\/div>\n\t\t\t\t\t\t<\/a>\t\t\n<style>\n#image_1747696065 {\n  width: 38%;\n}\n<\/style>\n\t<\/div>\n\t\n\n\t<div class=\"img has-hover x md-x lg-x y md-y lg-y\" id=\"image_1386789304\">\n\t\t<a class=\"\" href=\"https:\/\/www.fedex.com\/es-mx\/home.html\"  >\t\t\t\t\t\t<div class=\"img-inner dark\" >\n\t\t\t<img width=\"1020\" height=\"328\" src=\"https:\/\/www.toydarians.com\/wp-content\/uploads\/2022\/07\/pngwing.com-1-1400x450.png\" class=\"attachment-large size-large\" alt=\"\" loading=\"lazy\" srcset=\"https:\/\/www.toydarians.com\/wp-content\/uploads\/2022\/07\/pngwing.com-1-1400x450.png 1400w, https:\/\/www.toydarians.com\/wp-content\/uploads\/2022\/07\/pngwing.com-1-300x96.png 300w, https:\/\/www.toydarians.com\/wp-content\/uploads\/2022\/07\/pngwing.com-1-400x128.png 400w, https:\/\/www.toydarians.com\/wp-content\/uploads\/2022\/07\/pngwing.com-1-800x257.png 800w, https:\/\/www.toydarians.com\/wp-content\/uploads\/2022\/07\/pngwing.com-1-768x247.png 768w, https:\/\/www.toydarians.com\/wp-content\/uploads\/2022\/07\/pngwing.com-1-1536x493.png 1536w, https:\/\/www.toydarians.com\/wp-content\/uploads\/2022\/07\/pngwing.com-1-2048x658.png 2048w\" sizes=\"(max-width: 1020px) 100vw, 1020px\" \/>\t\t\t\t\t\t\n\t\t\t\t\t<\/div>\n\t\t\t\t\t\t<\/a>\t\t\n<style>\n#image_1386789304 {\n  width: 32%;\n}\n<\/style>\n\t<\/div>\n\t\n\n\n\t\t\n<style>\n#stack-1609737590 > * {\n  --stack-gap: 0rem;\n}\n<\/style>\n\t<\/div>\n\t\n\t<div id=\"gap-592137366\" class=\"gap-element clearfix\" style=\"display:block; height:auto;\">\n\t\t\n<style>\n#gap-592137366 {\n  padding-top: 30px;\n}\n<\/style>\n\t<\/div>\n\t\n\n<h2 style=\"text-align: center;\"><strong>\u00bfQUIERES RECIBIR TUS COLECCIONABLES EL MISMO D\u00cdA?<\/strong><\/h2>\n<h3 style=\"text-align: center;\">CHECA NUESTRA OPCI\u00d3N DE ENTEGA A DOMICILIO POR ZONAS<\/h3>\n<p class=\"has-medium-font-size\" style=\"text-align: center;\">Requisitos: T\u00fa pedido debe de estar pagado antes de las 6 PM que se realiza el ultimo corte para UBER<\/p>\n<p style=\"text-align: center;\">C<strong>DMX Zona 1 \u00a0$135 (Gustavo A Madero, Azcapotzalco, Cuauht\u00e9moc)<br \/>CDMX Zona 2 \u00a0$160 (Venustiano Carranza, Iztapalapa, Tl\u00e1huac)<br \/>CDMX Zona 3 \u00a0$150 (Coyoac\u00e1n, Miguel Hidalgo, Benito Juarez)<br \/>CDMX Zona 4 \u00a0$200 (\u00c1lvaro Obreg\u00f3n, Cuajimalpa, Magdalena Contreras, Tlalpan)<br \/>CDMX Zona Especial $380 (Xochimilco, Milpa Alta)<br \/><\/strong><strong>Zona 1 Edo. de Mex. \u00a0$260 (Nezahualcoyotl, Ecatepec, Atizap\u00e1n, Cuautitlan)<br \/>Zona 2 Edo. Mex. \u00a0\u00a0$ 200 (Tlanepantla y Naucalpan)<\/strong><\/p>\n\t<div id=\"gap-1339549503\" class=\"gap-element clearfix\" style=\"display:block; height:auto;\">\n\t\t\n<style>\n#gap-1339549503 {\n  padding-top: 30px;\n}\n<\/style>\n\t<\/div>\n\t\n\n\t<div id=\"stack-2647148999\" class=\"stack stack-row justify-center items-stretch\">\n\t\t\n\n\t<div class=\"img has-hover x md-x lg-x y md-y lg-y\" id=\"image_81516161\">\n\t\t\t\t\t\t\t\t<div class=\"img-inner dark\" >\n\t\t\t<img width=\"1000\" height=\"213\" src=\"https:\/\/www.toydarians.com\/wp-content\/uploads\/2022\/07\/uber-logo-white-37858.png\" class=\"attachment-large size-large\" alt=\"\" loading=\"lazy\" srcset=\"https:\/\/www.toydarians.com\/wp-content\/uploads\/2022\/07\/uber-logo-white-37858.png 1000w, https:\/\/www.toydarians.com\/wp-content\/uploads\/2022\/07\/uber-logo-white-37858-300x64.png 300w, https:\/\/www.toydarians.com\/wp-content\/uploads\/2022\/07\/uber-logo-white-37858-400x85.png 400w, https:\/\/www.toydarians.com\/wp-content\/uploads\/2022\/07\/uber-logo-white-37858-800x170.png 800w, https:\/\/www.toydarians.com\/wp-content\/uploads\/2022\/07\/uber-logo-white-37858-768x164.png 768w\" sizes=\"(max-width: 1000px) 100vw, 1000px\" \/>\t\t\t\t\t\t\n\t\t\t\t\t<\/div>\n\t\t\t\t\t\t\t\t\n<style>\n#image_81516161 {\n  width: 27%;\n}\n<\/style>\n\t<\/div>\n\t\n\n\n\t\t\n<style>\n#stack-2647148999 > * {\n  --stack-gap: 0rem;\n}\n<\/style>\n\t<\/div>\n\t\n\t<div id=\"gap-1534854424\" class=\"gap-element clearfix\" style=\"display:block; height:auto;\">\n\t\t\n<style>\n#gap-1534854424 {\n  padding-top: 30px;\n}\n<\/style>\n\t<\/div>\n\t\n\n\n","protected":false},"excerpt":{"rendered":"<p>\u00a0 Horario de atenci\u00f3n \u2013 Lunes a Viernes de, 10:30 a.m. \u2013 7:00 p.m. Los env\u00edos se realizan por\u00a0\u00a0DHL y\u00a0FEDEX, Si tu pedido esta pagado y entra antes de las 16 hrs. se embarca el mismo d\u00eda. Si tus compras son de $ 1,500 Pesos, el env\u00edo lo ponemos nosotros!\u00a0(El\u00a0envi\u00f3\u00a0GRATIS es\u00a0econ\u00f3mico\u00a0de 2 a 3\u00a0D\u00edas) **No [&#8230;]\n","protected":false},"author":2,"featured_media":0,"parent":0,"menu_order":0,"comment_status":"closed","ping_status":"closed","template":"","meta":[],"yoast_head":"<!-- This site is optimized with the Yoast SEO plugin v19.6.1 - https:\/\/yoast.com\/wordpress\/plugins\/seo\/ -->\n<title>ENV\u00cdOS &#8902; Toydarians<\/title>\n<meta name=\"robots\" content=\"index, follow, max-snippet:-1, max-image-preview:large, max-video-preview:-1\" \/>\n<link rel=\"canonical\" href=\"https:\/\/www.toydarians.com\/?page_id=840\" \/>\n<meta property=\"og:locale\" content=\"es_ES\" \/>\n<meta property=\"og:type\" content=\"article\" \/>\n<meta property=\"og:title\" content=\"ENV\u00cdOS &#8902; Toydarians\" \/>\n<meta property=\"og:description\" content=\"\u00a0 Horario de atenci\u00f3n \u2013 Lunes a Viernes de, 10:30 a.m. \u2013 7:00 p.m. Los env\u00edos se realizan por\u00a0\u00a0DHL y\u00a0FEDEX, Si tu pedido esta pagado y entra antes de las 16 hrs. se embarca el mismo d\u00eda. Si tus compras son de $ 1,500 Pesos, el env\u00edo lo ponemos nosotros!\u00a0(El\u00a0envi\u00f3\u00a0GRATIS es\u00a0econ\u00f3mico\u00a0de 2 a 3\u00a0D\u00edas) **No [...]\" \/>\n<meta property=\"og:url\" content=\"https:\/\/www.toydarians.com\/?page_id=840\" \/>\n<meta property=\"og:site_name\" content=\"Toydarians\" \/>\n<meta property=\"article:modified_time\" content=\"2022-08-12T17:35:23+00:00\" \/>\n<meta name=\"twitter:card\" content=\"summary_large_image\" \/>\n<meta name=\"twitter:label1\" content=\"Tiempo de lectura\" \/>\n\t<meta name=\"twitter:data1\" content=\"1 minuto\" \/>\n<script type=\"application\/ld+json\" class=\"yoast-schema-graph\">{\"@context\":\"https:\/\/schema.org\",\"@graph\":[{\"@type\":\"WebPage\",\"@id\":\"https:\/\/www.toydarians.com\/?page_id=840\",\"url\":\"https:\/\/www.toydarians.com\/?page_id=840\",\"name\":\"ENV\u00cdOS &#8902; Toydarians\",\"isPartOf\":{\"@id\":\"https:\/\/www.toydarians.com\/#website\"},\"datePublished\":\"2022-07-14T22:40:04+00:00\",\"dateModified\":\"2022-08-12T17:35:23+00:00\",\"breadcrumb\":{\"@id\":\"https:\/\/www.toydarians.com\/?page_id=840#breadcrumb\"},\"inLanguage\":\"es\",\"potentialAction\":[{\"@type\":\"ReadAction\",\"target\":[\"https:\/\/www.toydarians.com\/?page_id=840\"]}]},{\"@type\":\"BreadcrumbList\",\"@id\":\"https:\/\/www.toydarians.com\/?page_id=840#breadcrumb\",\"itemListElement\":[{\"@type\":\"ListItem\",\"position\":1,\"name\":\"Portada\",\"item\":\"https:\/\/www.toydarians.com\/\"},{\"@type\":\"ListItem\",\"position\":2,\"name\":\"ENV\u00cdOS\"}]},{\"@type\":\"WebSite\",\"@id\":\"https:\/\/www.toydarians.com\/#website\",\"url\":\"https:\/\/www.toydarians.com\/\",\"name\":\"Toydarians\",\"description\":\"Juguetes y mas all\u00e1!\",\"publisher\":{\"@id\":\"https:\/\/www.toydarians.com\/#organization\"},\"potentialAction\":[{\"@type\":\"SearchAction\",\"target\":{\"@type\":\"EntryPoint\",\"urlTemplate\":\"https:\/\/www.toydarians.com\/?s={search_term_string}\"},\"query-input\":\"required name=search_term_string\"}],\"inLanguage\":\"es\"},{\"@type\":\"Organization\",\"@id\":\"https:\/\/www.toydarians.com\/#organization\",\"name\":\"TOYDARIANS\",\"url\":\"https:\/\/www.toydarians.com\/\",\"sameAs\":[],\"logo\":{\"@type\":\"ImageObject\",\"inLanguage\":\"es\",\"@id\":\"https:\/\/www.toydarians.com\/#\/schema\/logo\/image\/\",\"url\":\"https:\/\/www.toydarians.com\/wp-content\/uploads\/2022\/07\/Toydarians_Aurebesh_02-e1657918368536.png\",\"contentUrl\":\"https:\/\/www.toydarians.com\/wp-content\/uploads\/2022\/07\/Toydarians_Aurebesh_02-e1657918368536.png\",\"width\":1890,\"height\":571,\"caption\":\"TOYDARIANS\"},\"image\":{\"@id\":\"https:\/\/www.toydarians.com\/#\/schema\/logo\/image\/\"}}]}<\/script>\n<!-- \/ Yoast SEO plugin. -->","yoast_head_json":{"title":"ENV\u00cdOS &#8902; Toydarians","robots":{"index":"index","follow":"follow","max-snippet":"max-snippet:-1","max-image-preview":"max-image-preview:large","max-video-preview":"max-video-preview:-1"},"canonical":"https:\/\/www.toydarians.com\/?page_id=840","og_locale":"es_ES","og_type":"article","og_title":"ENV\u00cdOS &#8902; Toydarians","og_description":"\u00a0 Horario de atenci\u00f3n \u2013 Lunes a Viernes de, 10:30 a.m. \u2013 7:00 p.m. Los env\u00edos se realizan por\u00a0\u00a0DHL y\u00a0FEDEX, Si tu pedido esta pagado y entra antes de las 16 hrs. se embarca el mismo d\u00eda. Si tus compras son de $ 1,500 Pesos, el env\u00edo lo ponemos nosotros!\u00a0(El\u00a0envi\u00f3\u00a0GRATIS es\u00a0econ\u00f3mico\u00a0de 2 a 3\u00a0D\u00edas) **No [...]","og_url":"https:\/\/www.toydarians.com\/?page_id=840","og_site_name":"Toydarians","article_modified_time":"2022-08-12T17:35:23+00:00","twitter_card":"summary_large_image","twitter_misc":{"Tiempo de lectura":"1 minuto"},"schema":{"@context":"https:\/\/schema.org","@graph":[{"@type":"WebPage","@id":"https:\/\/www.toydarians.com\/?page_id=840","url":"https:\/\/www.toydarians.com\/?page_id=840","name":"ENV\u00cdOS &#8902; Toydarians","isPartOf":{"@id":"https:\/\/www.toydarians.com\/#website"},"datePublished":"2022-07-14T22:40:04+00:00","dateModified":"2022-08-12T17:35:23+00:00","breadcrumb":{"@id":"https:\/\/www.toydarians.com\/?page_id=840#breadcrumb"},"inLanguage":"es","potentialAction":[{"@type":"ReadAction","target":["https:\/\/www.toydarians.com\/?page_id=840"]}]},{"@type":"BreadcrumbList","@id":"https:\/\/www.toydarians.com\/?page_id=840#breadcrumb","itemListElement":[{"@type":"ListItem","position":1,"name":"Portada","item":"https:\/\/www.toydarians.com\/"},{"@type":"ListItem","position":2,"name":"ENV\u00cdOS"}]},{"@type":"WebSite","@id":"https:\/\/www.toydarians.com\/#website","url":"https:\/\/www.toydarians.com\/","name":"Toydarians","description":"Juguetes y mas all\u00e1!","publisher":{"@id":"https:\/\/www.toydarians.com\/#organization"},"potentialAction":[{"@type":"SearchAction","target":{"@type":"EntryPoint","urlTemplate":"https:\/\/www.toydarians.com\/?s={search_term_string}"},"query-input":"required name=search_term_string"}],"inLanguage":"es"},{"@type":"Organization","@id":"https:\/\/www.toydarians.com\/#organization","name":"TOYDARIANS","url":"https:\/\/www.toydarians.com\/","sameAs":[],"logo":{"@type":"ImageObject","inLanguage":"es","@id":"https:\/\/www.toydarians.com\/#\/schema\/logo\/image\/","url":"https:\/\/www.toydarians.com\/wp-content\/uploads\/2022\/07\/Toydarians_Aurebesh_02-e1657918368536.png","contentUrl":"https:\/\/www.toydarians.com\/wp-content\/uploads\/2022\/07\/Toydarians_Aurebesh_02-e1657918368536.png","width":1890,"height":571,"caption":"TOYDARIANS"},"image":{"@id":"https:\/\/www.toydarians.com\/#\/schema\/logo\/image\/"}}]}},"_links":{"self":[{"href":"https:\/\/www.toydarians.com\/index.php?rest_route=\/wp\/v2\/pages\/840"}],"collection":[{"href":"https:\/\/www.toydarians.com\/index.php?rest_route=\/wp\/v2\/pages"}],"about":[{"href":"https:\/\/www.toydarians.com\/index.php?rest_route=\/wp\/v2\/types\/page"}],"author":[{"embeddable":true,"href":"https:\/\/www.toydarians.com\/index.php?rest_route=\/wp\/v2\/users\/2"}],"replies":[{"embeddable":true,"href":"https:\/\/www.toydarians.com\/index.php?rest_route=%2Fwp%2Fv2%2Fcomments&post=840"}],"version-history":[{"count":0,"href":"https:\/\/www.toydarians.com\/index.php?rest_route=\/wp\/v2\/pages\/840\/revisions"}],"wp:attachment":[{"href":"https:\/\/www.toydarians.com\/index.php?rest_route=%2Fwp%2Fv2%2Fmedia&parent=840"}],"curies":[{"name":"wp","href":"https:\/\/api.w.org\/{rel}","templated":true}]}}